{"id":481,"date":"2020-03-09T11:13:55","date_gmt":"2020-03-09T10:13:55","guid":{"rendered":"http:\/\/mikolow.eu\/testowa\/?page_id=481"},"modified":"2025-10-20T07:55:54","modified_gmt":"2025-10-20T05:55:54","slug":"miejsce-zagospodarowania-odpadow-z-terenu-gminy-mikolow","status":"publish","type":"page","link":"https:\/\/mikolow.eu\/odpady\/gospodarowanie-odpadami\/miejsce-zagospodarowania-odpadow-z-terenu-gminy-mikolow\/","title":{"rendered":"Miejsce zagospodarowania odpad\u00f3w z terenu Gminy Miko\u0142\u00f3w"},"content":{"rendered":"\n<p class=\"has-text-align-center has-very-light-gray-background-color has-text-color has-background has-normal-font-size\" style=\"color:#000000\"><strong>Miejsca&nbsp;zagospodarowania przez&nbsp;podmiot odbieraj\u0105cy odpady komunalne od&nbsp;w\u0142a\u015bcicieli nieruchomo\u015bci z&nbsp;terenu danej gminy niesegregowanych (zmieszanych) odpad\u00f3w komunalnych, bioodpad\u00f3w stanowi\u0105cych odpady komunalne oraz&nbsp;pozosta\u0142o\u015bci z&nbsp;sortowania odpad\u00f3w komunalnych przeznaczonych do&nbsp;sk\u0142adowania<\/strong> 2020 rok<\/p>\n\n\n\n<div class=\"wp-block-columns is-layout-flex wp-container-core-columns-is-layout-9d6595d7 wp-block-columns-is-layout-flex\">\n<div class=\"wp-block-column is-layout-flow wp-block-column-is-layout-flow\">\n<p class=\"has-text-align-center has-text-color has-background\" style=\"color:#000000;background-color:#aee3ba\"><strong>Kod odpadu<\/strong><\/p>\n\n\n\n<p class=\"has-text-align-center has-text-color\" style=\"color:#000000;font-size:15px\">20 03 01- niesegregowane (zmieszane) odpady komunalne <\/p>\n<\/div>\n\n\n\n<div class=\"wp-block-column is-layout-flow wp-block-column-is-layout-flow\">\n<p class=\"has-text-align-center has-text-color has-background\" style=\"color:#000000;background-color:#aee3ba\"><strong>Nazwa i&nbsp;adres podmiotu zarz\u0105dzaj\u0105cego<\/strong><\/p>\n\n\n\n<p class=\"has-text-align-center has-text-color\" style=\"color:#000000;font-size:15px\"><strong>                           <\/strong> <\/p>\n\n\n\n<p class=\"has-text-align-center has-text-color\" style=\"color:#000000;font-size:15px\"><\/p>\n\n\n\n<p>PREZERO RECYCLING PO\u0141UDNIE Sp. zo.o.<\/p>\n\n\n\n<p>ul. Szybowa 44<\/p>\n\n\n\n<p>44-193 Knur\u00f3w<\/p>\n\n\n\n<p><\/p>\n\n\n\n<p><\/p>\n\n\n\n<p><\/p>\n\n\n\n<p><\/p>\n<\/div>\n\n\n\n<div class=\"wp-block-column is-layout-flow wp-block-column-is-layout-flow\">\n<p class=\"has-text-align-center has-text-color has-background\" style=\"color:#000000;background-color:#aee3ba\"><strong> Adres instalacji <\/strong><\/p>\n\n\n\n<p class=\"has-text-align-center has-text-color\" style=\"color:#000000;font-size:15px\"><\/p>\n\n\n\n<p class=\"has-text-align-center has-text-color\" style=\"color:#000000;font-size:15px\"><\/p>\n\n\n\n<p><\/p>\n\n\n\n<p>    ul. Szybowa 44<\/p>\n\n\n\n<p>    44-193 Knur\u00f3w<\/p>\n\n\n\n<p><\/p>\n\n\n\n<p><\/p>\n\n\n\n<p><\/p>\n\n\n\n<p><\/p>\n\n\n\n<p><\/p>\n\n\n\n<p><\/p>\n\n\n\n<p><\/p>\n<\/div>\n<\/div>\n\n\n\n<hr class=\"wp-block-separator has-css-opacity\" \/>\n\n\n\n<div class=\"wp-block-columns is-layout-flex wp-container-core-columns-is-layout-9d6595d7 wp-block-columns-is-layout-flex\"><\/div>\n\n\n\n<div class=\"wp-block-columns is-layout-flex wp-container-core-columns-is-layout-9d6595d7 wp-block-columns-is-layout-flex\">\n<div class=\"wp-block-column is-layout-flow wp-block-column-is-layout-flow\">\n<p class=\"has-text-align-center has-text-color\" style=\"color:#000000;font-size:15px\">20 02 01- bioodpady  <\/p>\n<\/div>\n\n\n\n<div class=\"wp-block-column is-layout-flow wp-block-column-is-layout-flow\">\n<p class=\"has-text-align-center has-text-color\" style=\"color:#000000;font-size:15px\"><\/p>\n\n\n\n<p><\/p>\n\n\n\n<p>    BEST -ECO SP. ZO.O.<\/p>\n\n\n\n<p>  ul. Rycerska 101 44-240 Rybnik<\/p>\n\n\n\n<p><\/p>\n\n\n\n<p><\/p>\n\n\n\n<p>  FCC \u015al\u0105sk Sp. z o.o.<\/p>\n\n\n\n<p>    ul.  Cmentarna 19f<\/p>\n\n\n\n<p>      41- 800 Zabrze<\/p>\n\n\n\n<p><\/p>\n\n\n\n<p><\/p>\n\n\n\n<p><\/p>\n\n\n\n<p class=\"has-text-align-center\"><\/p>\n<\/div>\n\n\n\n<div class=\"wp-block-column is-layout-flow wp-block-column-is-layout-flow\">\n<p><\/p>\n\n\n\n<p><\/p>\n\n\n\n<p> ul. Rycerska 101 44-240 Rybnik<\/p>\n\n\n\n<p><\/p>\n\n\n\n<p><\/p>\n\n\n\n<p><\/p>\n\n\n\n<p>ul. Cmentarna 19f <\/p>\n\n\n\n<p>41-800 Zabrze<\/p>\n\n\n\n<p><\/p>\n\n\n\n<p><\/p>\n\n\n\n<p><\/p>\n\n\n\n<p class=\"has-text-align-center\"><\/p>\n<\/div>\n<\/div>\n\n\n\n<hr class=\"wp-block-separator has-css-opacity\" \/>\n\n\n\n<div class=\"wp-block-file\"><a id=\"wp-block-file--media-482f6b8e-c0bc-4940-8058-8c8b277b60a6\" href=\"http:\/\/mikolow.eu\/odpady\/wp-content\/uploads\/sites\/13\/2025\/05\/Miejsce-zagospodarowania-odpadow-za-2024-rok.odt\">Miejsce zagospodarowania odpad\u00f3w za 2024 rok<\/a><a href=\"http:\/\/mikolow.eu\/odpady\/wp-content\/uploads\/sites\/13\/2025\/05\/Miejsce-zagospodarowania-odpadow-za-2024-rok.odt\" class=\"wp-block-file__button wp-element-button\" download aria-describedby=\"wp-block-file--media-482f6b8e-c0bc-4940-8058-8c8b277b60a6\">Pobierz<\/a><\/div>\n\n\n\n<hr class=\"wp-block-separator has-css-opacity\" \/>\n\n\n\n<div class=\"wp-block-columns is-layout-flex wp-container-core-columns-is-layout-9d6595d7 wp-block-columns-is-layout-flex\"><\/div>\n\n\n\n<div class=\"wp-block-columns is-layout-flex wp-container-core-columns-is-layout-9d6595d7 wp-block-columns-is-layout-flex\">\n<div class=\"wp-block-column is-layout-flow wp-block-column-is-layout-flow\"><\/div>\n<\/div>\n\n\n\n<div class=\"wp-block-file\"><a id=\"wp-block-file--media-1ae49e5e-80e7-488f-b8a2-34f6848aae90\" href=\"https:\/\/mikolow.eu\/odpady\/wp-content\/uploads\/sites\/13\/2022\/08\/miejsce-zagospodarowania-odpadow.odt\">miejsce-zagospodarowania-odpad\u00f3w 2021 rok<\/a><a href=\"https:\/\/mikolow.eu\/odpady\/wp-content\/uploads\/sites\/13\/2022\/08\/miejsce-zagospodarowania-odpadow.odt\" class=\"wp-block-file__button wp-element-button\" download aria-describedby=\"wp-block-file--media-1ae49e5e-80e7-488f-b8a2-34f6848aae90\">Pobierz<\/a><\/div>\n\n\n\n<div class=\"wp-block-file\"><a id=\"wp-block-file--media-0aad909e-99fa-49f5-9d3e-fac46ee6919d\" href=\"https:\/\/mikolow.eu\/odpady\/wp-content\/uploads\/sites\/13\/2024\/05\/miejsce-zagospodarowania-odpadow-2022-rok.odt\">miejsce-zagospodarowania-odpad\u00f3w-2022 rok<\/a><a href=\"https:\/\/mikolow.eu\/odpady\/wp-content\/uploads\/sites\/13\/2024\/05\/miejsce-zagospodarowania-odpadow-2022-rok.odt\" class=\"wp-block-file__button wp-element-button\" download aria-describedby=\"wp-block-file--media-0aad909e-99fa-49f5-9d3e-fac46ee6919d\">Pobierz<\/a><\/div>\n\n\n\n<div class=\"wp-block-file\"><a id=\"wp-block-file--media-6633e8fd-05ee-4a88-87f9-8816ba7afaeb\" href=\"https:\/\/mikolow.eu\/odpady\/wp-content\/uploads\/sites\/13\/2024\/05\/miejsce-zagospodarowania-odpadow-2023-rok.odt\">miejsce-zagospodarowania-odpad\u00f3w-2023 rok<\/a><a href=\"https:\/\/mikolow.eu\/odpady\/wp-content\/uploads\/sites\/13\/2024\/05\/miejsce-zagospodarowania-odpadow-2023-rok.odt\" class=\"wp-block-file__button wp-element-button\" download aria-describedby=\"wp-block-file--media-6633e8fd-05ee-4a88-87f9-8816ba7afaeb\">Pobierz<\/a><\/div>\n\n\n\n<div class=\"wp-block-file\"><a id=\"wp-block-file--media-37cbeb50-d081-482c-8ea2-9e20a551af6a\" href=\"https:\/\/mikolow.eu\/odpady\/wp-content\/uploads\/sites\/13\/2025\/10\/MIEJSCE-ZAGOSPODAROWANIA-ODPADOW-2024-korekta.odt\">MIEJSCE ZAGOSPODAROWANIA ODPAD\u00d3W 2024 &#8211; korekta<\/a><a href=\"https:\/\/mikolow.eu\/odpady\/wp-content\/uploads\/sites\/13\/2025\/10\/MIEJSCE-ZAGOSPODAROWANIA-ODPADOW-2024-korekta.odt\" class=\"wp-block-file__button wp-element-button\" download aria-describedby=\"wp-block-file--media-37cbeb50-d081-482c-8ea2-9e20a551af6a\">Pobierz<\/a><\/div>\n","protected":false},"excerpt":{"rendered":"<p>Miejsca&nbsp;zagospodarowania przez&nbsp;podmiot odbieraj\u0105cy odpady komunalne od&nbsp;w\u0142a\u015bcicieli nieruchomo\u015bci z&nbsp;terenu danej gminy niesegregowanych (zmieszanych) odpad\u00f3w komunalnych, bioodpad\u00f3w stanowi\u0105cych odpady komunalne oraz&nbsp;pozosta\u0142o\u015bci z&nbsp;sortowania odpad\u00f3w komunalnych przeznaczonych do&nbsp;sk\u0142adowania 2020 rok Kod odpadu 20 03 01- niesegregowane (zmieszane) odpady komunalne Nazwa i&nbsp;adres podmiotu zarz\u0105dzaj\u0105cego PREZERO RECYCLING PO\u0141UDNIE Sp. zo.o. ul. Szybowa 44 44-193 Knur\u00f3w Adres instalacji ul. Szybowa 44 44-193<\/p>\n","protected":false},"author":20,"featured_media":0,"parent":76,"menu_order":0,"comment_status":"closed","ping_status":"closed","template":"","meta":{"_acf_changed":false,"footnotes":""},"class_list":["post-481","page","type-page","status-publish","hentry"],"acf":[],"yoast_head":"<!-- This site is optimized with the Yoast SEO plugin v27.4 - https:\/\/yoast.com\/product\/yoast-seo-wordpress\/ -->\n<title>Miejsce zagospodarowania odpad\u00f3w z terenu Gminy Miko\u0142\u00f3w - odpady<\/title>\n<meta name=\"robots\" content=\"index, follow, max-snippet:-1, max-image-preview:large, max-video-preview:-1\" \/>\n<link rel=\"canonical\" href=\"https:\/\/mikolow.eu\/odpady\/gospodarowanie-odpadami\/miejsce-zagospodarowania-odpadow-z-terenu-gminy-mikolow\/\" \/>\n<meta property=\"og:locale\" content=\"pl_PL\" \/>\n<meta property=\"og:type\" content=\"article\" \/>\n<meta property=\"og:title\" content=\"Miejsce zagospodarowania odpad\u00f3w z terenu Gminy Miko\u0142\u00f3w - odpady\" \/>\n<meta property=\"og:description\" content=\"Miejsca&nbsp;zagospodarowania przez&nbsp;podmiot odbieraj\u0105cy odpady komunalne od&nbsp;w\u0142a\u015bcicieli nieruchomo\u015bci z&nbsp;terenu danej gminy niesegregowanych (zmieszanych) odpad\u00f3w komunalnych, bioodpad\u00f3w stanowi\u0105cych odpady komunalne oraz&nbsp;pozosta\u0142o\u015bci z&nbsp;sortowania odpad\u00f3w komunalnych przeznaczonych do&nbsp;sk\u0142adowania 2020 rok Kod odpadu 20 03 01- niesegregowane (zmieszane) odpady komunalne Nazwa i&nbsp;adres podmiotu zarz\u0105dzaj\u0105cego PREZERO RECYCLING PO\u0141UDNIE Sp. zo.o. ul. Szybowa 44 44-193 Knur\u00f3w Adres instalacji ul. Szybowa 44 44-193\" \/>\n<meta property=\"og:url\" content=\"https:\/\/mikolow.eu\/odpady\/gospodarowanie-odpadami\/miejsce-zagospodarowania-odpadow-z-terenu-gminy-mikolow\/\" \/>\n<meta property=\"og:site_name\" content=\"odpady\" \/>\n<meta property=\"article:modified_time\" content=\"2025-10-20T05:55:54+00:00\" \/>\n<meta property=\"og:image\" content=\"https:\/\/mikolow.eu\/odpady\/wp-content\/uploads\/sites\/13\/2021\/01\/logo.png\" \/>\n\t<meta property=\"og:image:width\" content=\"1024\" \/>\n\t<meta property=\"og:image:height\" content=\"675\" \/>\n\t<meta property=\"og:image:type\" content=\"image\/png\" \/>\n<meta name=\"twitter:card\" content=\"summary_large_image\" \/>\n<meta name=\"twitter:label1\" content=\"Szacowany czas czytania\" \/>\n\t<meta name=\"twitter:data1\" content=\"1 minuta\" \/>\n<script type=\"application\/ld+json\" class=\"yoast-schema-graph\">{\"@context\":\"https:\\\/\\\/schema.org\",\"@graph\":[{\"@type\":\"WebPage\",\"@id\":\"https:\\\/\\\/mikolow.eu\\\/odpady\\\/gospodarowanie-odpadami\\\/miejsce-zagospodarowania-odpadow-z-terenu-gminy-mikolow\\\/\",\"url\":\"https:\\\/\\\/mikolow.eu\\\/odpady\\\/gospodarowanie-odpadami\\\/miejsce-zagospodarowania-odpadow-z-terenu-gminy-mikolow\\\/\",\"name\":\"Miejsce zagospodarowania odpad\u00f3w z terenu Gminy Miko\u0142\u00f3w - odpady\",\"isPartOf\":{\"@id\":\"https:\\\/\\\/mikolow.eu\\\/odpady\\\/#website\"},\"datePublished\":\"2020-03-09T10:13:55+00:00\",\"dateModified\":\"2025-10-20T05:55:54+00:00\",\"breadcrumb\":{\"@id\":\"https:\\\/\\\/mikolow.eu\\\/odpady\\\/gospodarowanie-odpadami\\\/miejsce-zagospodarowania-odpadow-z-terenu-gminy-mikolow\\\/#breadcrumb\"},\"inLanguage\":\"pl-PL\",\"potentialAction\":[{\"@type\":\"ReadAction\",\"target\":[\"https:\\\/\\\/mikolow.eu\\\/odpady\\\/gospodarowanie-odpadami\\\/miejsce-zagospodarowania-odpadow-z-terenu-gminy-mikolow\\\/\"]}]},{\"@type\":\"BreadcrumbList\",\"@id\":\"https:\\\/\\\/mikolow.eu\\\/odpady\\\/gospodarowanie-odpadami\\\/miejsce-zagospodarowania-odpadow-z-terenu-gminy-mikolow\\\/#breadcrumb\",\"itemListElement\":[{\"@type\":\"ListItem\",\"position\":1,\"name\":\"Strona g\u0142\u00f3wna\",\"item\":\"https:\\\/\\\/mikolow.eu\\\/odpady\\\/\"},{\"@type\":\"ListItem\",\"position\":2,\"name\":\"GOSPODAROWANIE ODPADAMI\",\"item\":\"https:\\\/\\\/mikolow.eu\\\/odpady\\\/gospodarowanie-odpadami\\\/\"},{\"@type\":\"ListItem\",\"position\":3,\"name\":\"Miejsce zagospodarowania odpad\u00f3w z terenu Gminy Miko\u0142\u00f3w\"}]},{\"@type\":\"WebSite\",\"@id\":\"https:\\\/\\\/mikolow.eu\\\/odpady\\\/#website\",\"url\":\"https:\\\/\\\/mikolow.eu\\\/odpady\\\/\",\"name\":\"odpady\",\"description\":\"odpady\",\"publisher\":{\"@id\":\"https:\\\/\\\/mikolow.eu\\\/odpady\\\/#organization\"},\"potentialAction\":[{\"@type\":\"SearchAction\",\"target\":{\"@type\":\"EntryPoint\",\"urlTemplate\":\"https:\\\/\\\/mikolow.eu\\\/odpady\\\/?s={search_term_string}\"},\"query-input\":{\"@type\":\"PropertyValueSpecification\",\"valueRequired\":true,\"valueName\":\"search_term_string\"}}],\"inLanguage\":\"pl-PL\"},{\"@type\":\"Organization\",\"@id\":\"https:\\\/\\\/mikolow.eu\\\/odpady\\\/#organization\",\"name\":\"odpady\",\"url\":\"https:\\\/\\\/mikolow.eu\\\/odpady\\\/\",\"logo\":{\"@type\":\"ImageObject\",\"inLanguage\":\"pl-PL\",\"@id\":\"https:\\\/\\\/mikolow.eu\\\/odpady\\\/#\\\/schema\\\/logo\\\/image\\\/\",\"url\":\"https:\\\/\\\/mikolow.eu\\\/odpady\\\/wp-content\\\/uploads\\\/sites\\\/13\\\/2020\\\/04\\\/cropped-logo_v16-1.png\",\"contentUrl\":\"https:\\\/\\\/mikolow.eu\\\/odpady\\\/wp-content\\\/uploads\\\/sites\\\/13\\\/2020\\\/04\\\/cropped-logo_v16-1.png\",\"width\":1013,\"height\":250,\"caption\":\"odpady\"},\"image\":{\"@id\":\"https:\\\/\\\/mikolow.eu\\\/odpady\\\/#\\\/schema\\\/logo\\\/image\\\/\"}}]}<\/script>\n<!-- \/ Yoast SEO plugin. -->","yoast_head_json":{"title":"Miejsce zagospodarowania odpad\u00f3w z terenu Gminy Miko\u0142\u00f3w - odpady","robots":{"index":"index","follow":"follow","max-snippet":"max-snippet:-1","max-image-preview":"max-image-preview:large","max-video-preview":"max-video-preview:-1"},"canonical":"https:\/\/mikolow.eu\/odpady\/gospodarowanie-odpadami\/miejsce-zagospodarowania-odpadow-z-terenu-gminy-mikolow\/","og_locale":"pl_PL","og_type":"article","og_title":"Miejsce zagospodarowania odpad\u00f3w z terenu Gminy Miko\u0142\u00f3w - odpady","og_description":"Miejsca&nbsp;zagospodarowania przez&nbsp;podmiot odbieraj\u0105cy odpady komunalne od&nbsp;w\u0142a\u015bcicieli nieruchomo\u015bci z&nbsp;terenu danej gminy niesegregowanych (zmieszanych) odpad\u00f3w komunalnych, bioodpad\u00f3w stanowi\u0105cych odpady komunalne oraz&nbsp;pozosta\u0142o\u015bci z&nbsp;sortowania odpad\u00f3w komunalnych przeznaczonych do&nbsp;sk\u0142adowania 2020 rok Kod odpadu 20 03 01- niesegregowane (zmieszane) odpady komunalne Nazwa i&nbsp;adres podmiotu zarz\u0105dzaj\u0105cego PREZERO RECYCLING PO\u0141UDNIE Sp. zo.o. ul. Szybowa 44 44-193 Knur\u00f3w Adres instalacji ul. Szybowa 44 44-193","og_url":"https:\/\/mikolow.eu\/odpady\/gospodarowanie-odpadami\/miejsce-zagospodarowania-odpadow-z-terenu-gminy-mikolow\/","og_site_name":"odpady","article_modified_time":"2025-10-20T05:55:54+00:00","og_image":[{"width":1024,"height":675,"url":"https:\/\/mikolow.eu\/odpady\/wp-content\/uploads\/sites\/13\/2021\/01\/logo.png","type":"image\/png"}],"twitter_card":"summary_large_image","twitter_misc":{"Szacowany czas czytania":"1 minuta"},"schema":{"@context":"https:\/\/schema.org","@graph":[{"@type":"WebPage","@id":"https:\/\/mikolow.eu\/odpady\/gospodarowanie-odpadami\/miejsce-zagospodarowania-odpadow-z-terenu-gminy-mikolow\/","url":"https:\/\/mikolow.eu\/odpady\/gospodarowanie-odpadami\/miejsce-zagospodarowania-odpadow-z-terenu-gminy-mikolow\/","name":"Miejsce zagospodarowania odpad\u00f3w z terenu Gminy Miko\u0142\u00f3w - odpady","isPartOf":{"@id":"https:\/\/mikolow.eu\/odpady\/#website"},"datePublished":"2020-03-09T10:13:55+00:00","dateModified":"2025-10-20T05:55:54+00:00","breadcrumb":{"@id":"https:\/\/mikolow.eu\/odpady\/gospodarowanie-odpadami\/miejsce-zagospodarowania-odpadow-z-terenu-gminy-mikolow\/#breadcrumb"},"inLanguage":"pl-PL","potentialAction":[{"@type":"ReadAction","target":["https:\/\/mikolow.eu\/odpady\/gospodarowanie-odpadami\/miejsce-zagospodarowania-odpadow-z-terenu-gminy-mikolow\/"]}]},{"@type":"BreadcrumbList","@id":"https:\/\/mikolow.eu\/odpady\/gospodarowanie-odpadami\/miejsce-zagospodarowania-odpadow-z-terenu-gminy-mikolow\/#breadcrumb","itemListElement":[{"@type":"ListItem","position":1,"name":"Strona g\u0142\u00f3wna","item":"https:\/\/mikolow.eu\/odpady\/"},{"@type":"ListItem","position":2,"name":"GOSPODAROWANIE ODPADAMI","item":"https:\/\/mikolow.eu\/odpady\/gospodarowanie-odpadami\/"},{"@type":"ListItem","position":3,"name":"Miejsce zagospodarowania odpad\u00f3w z terenu Gminy Miko\u0142\u00f3w"}]},{"@type":"WebSite","@id":"https:\/\/mikolow.eu\/odpady\/#website","url":"https:\/\/mikolow.eu\/odpady\/","name":"odpady","description":"odpady","publisher":{"@id":"https:\/\/mikolow.eu\/odpady\/#organization"},"potentialAction":[{"@type":"SearchAction","target":{"@type":"EntryPoint","urlTemplate":"https:\/\/mikolow.eu\/odpady\/?s={search_term_string}"},"query-input":{"@type":"PropertyValueSpecification","valueRequired":true,"valueName":"search_term_string"}}],"inLanguage":"pl-PL"},{"@type":"Organization","@id":"https:\/\/mikolow.eu\/odpady\/#organization","name":"odpady","url":"https:\/\/mikolow.eu\/odpady\/","logo":{"@type":"ImageObject","inLanguage":"pl-PL","@id":"https:\/\/mikolow.eu\/odpady\/#\/schema\/logo\/image\/","url":"https:\/\/mikolow.eu\/odpady\/wp-content\/uploads\/sites\/13\/2020\/04\/cropped-logo_v16-1.png","contentUrl":"https:\/\/mikolow.eu\/odpady\/wp-content\/uploads\/sites\/13\/2020\/04\/cropped-logo_v16-1.png","width":1013,"height":250,"caption":"odpady"},"image":{"@id":"https:\/\/mikolow.eu\/odpady\/#\/schema\/logo\/image\/"}}]}},"_links":{"self":[{"href":"https:\/\/mikolow.eu\/odpady\/wp-json\/wp\/v2\/pages\/481","targetHints":{"allow":["GET"]}}],"collection":[{"href":"https:\/\/mikolow.eu\/odpady\/wp-json\/wp\/v2\/pages"}],"about":[{"href":"https:\/\/mikolow.eu\/odpady\/wp-json\/wp\/v2\/types\/page"}],"author":[{"embeddable":true,"href":"https:\/\/mikolow.eu\/odpady\/wp-json\/wp\/v2\/users\/20"}],"replies":[{"embeddable":true,"href":"https:\/\/mikolow.eu\/odpady\/wp-json\/wp\/v2\/comments?post=481"}],"version-history":[{"count":55,"href":"https:\/\/mikolow.eu\/odpady\/wp-json\/wp\/v2\/pages\/481\/revisions"}],"predecessor-version":[{"id":4056,"href":"https:\/\/mikolow.eu\/odpady\/wp-json\/wp\/v2\/pages\/481\/revisions\/4056"}],"up":[{"embeddable":true,"href":"https:\/\/mikolow.eu\/odpady\/wp-json\/wp\/v2\/pages\/76"}],"wp:attachment":[{"href":"https:\/\/mikolow.eu\/odpady\/wp-json\/wp\/v2\/media?parent=481"}],"curies":[{"name":"wp","href":"https:\/\/api.w.org\/{rel}","templated":true}]}}