{"id":479,"date":"2020-03-09T11:11:05","date_gmt":"2020-03-09T10:11:05","guid":{"rendered":"http:\/\/mikolow.eu\/testowa\/?page_id=479"},"modified":"2020-04-06T15:25:51","modified_gmt":"2020-04-06T13:25:51","slug":"schemat-kontroli-przedsiebiorcy","status":"publish","type":"page","link":"https:\/\/mikolow.eu\/odpady\/gospodarowanie-odpadami\/analizy\/schemat-kontroli-przedsiebiorcy\/","title":{"rendered":"Schemat kontroli przedsi\u0119biorcy"},"content":{"rendered":"\n<p style=\"color:#000000;font-size:18px\" class=\"has-text-color has-background has-very-light-gray-background-color\">SPOS\u00d3B PRZEPROWADZENIA ANALIZY PRAWDOPODOBIE\u0143STWA NARUSZENIA PRAWA W RAMACH WYKONYWANIA DZIA\u0141ALNO\u015aCI PODMIOTU W ZAKRESIE OPR\u00d3\u017bNIANIA ZBIORNIK\u00d3W BEZODP\u0141YWOWYCH I TRANSPORTU NIECZYSTO\u015aCI CIEK\u0141YCH<\/p>\n\n\n\n<p>Identyfikuje si\u0119 nast\u0119puj\u0105cy obszar podmiotowy, w kt\u00f3rym istnieje ryzyko naruszenia przepis\u00f3w ustawy o utrzymaniu czysto\u015bci i porz\u0105dku w gminach:<\/p>\n\n\n\n<ul class=\"wp-block-list\"><li>podmiot prowadz\u0105cy dzia\u0142alno\u015b\u0107 w zakresie opr\u00f3\u017cniania zbiornik\u00f3w bezodp\u0142ywowych i transportu nieczysto\u015bci ciek\u0142ych.<\/li><\/ul>\n\n\n\n<p>Identyfikuje si\u0119 nast\u0119puj\u0105ce obszary przedmiotowe w kt\u00f3rych nast\u0119puje ryzyko naruszenia ustawy o utrzymaniu czysto\u015bci i porz\u0105dku w gminach jest najwi\u0119ksze:<\/p>\n\n\n\n<ul class=\"wp-block-list\"><li>wype\u0142nianie warunk\u00f3w okre\u015blonych w zezwoleniu.<\/li><\/ul>\n\n\n\n<p>Naruszenie w ww obszarach przedmiotowych skutkuje:<\/p>\n\n\n\n<ul class=\"wp-block-list\"><li>cofni\u0119cie zezwolenia bez odszkodowania,<\/li><li>wydanie zalece\u0144 pokontrolnych.<\/li><\/ul>\n\n\n\n<p style=\"color:#000000;font-size:18px\" class=\"has-text-color has-background has-very-light-gray-background-color\">SPOS\u00d3B PRZEPROWADZENIA ANALIZY&nbsp; PRAWDOPODOBIE\u0143STWA NARUSZENIA PRAWA&nbsp;W RAMACH WYKONYWANIA DZIA\u0141ALNO\u015aCI PODMIOTU W ZAKRESIE ODBIORU&nbsp;ODPAD\u00d3W KOMUNALNYCH&nbsp;OD W\u0141A\u015aCICIELI NIERUCHOMO\u015aCI<\/p>\n\n\n\n<p>Identyfikuje si\u0119 nast\u0119puj\u0105cy obszar podmiotowy, w kt\u00f3rym istnieje ryzyko naruszenia przepis\u00f3w ustawy o utrzymaniu czysto\u015bci i porz\u0105dku w gminach:<\/p>\n\n\n\n<ul class=\"wp-block-list\"><li>podmiot prowadz\u0105cy dzia\u0142alno\u015b\u0107 w zakresie odbioru odpad\u00f3w komunalnych od w\u0142a\u015bcicieli nieruchomo\u015bci.<\/li><\/ul>\n\n\n\n<p>Identyfikuje si\u0119 nast\u0119puj\u0105ce obszary przedmiotowe w kt\u00f3rych nast\u0119puje ryzyko naruszenia ustawy o utrzymaniu czysto\u015bci i porz\u0105dku w gminach jest najwi\u0119ksze:<\/p>\n\n\n\n<ul class=\"wp-block-list\"><li>spe\u0142nienie wymaga\u0144 okre\u015blonych dla podmiotu odbieraj\u0105cego odpady komunalne od w\u0142a\u015bcicieli nieruchomo\u015bci.<\/li><\/ul>\n\n\n\n<p>Naruszenie w ww obszarach przedmiotowych skutkuje:<\/p>\n\n\n\n<ul class=\"wp-block-list\"><li>wykre\u015blenie z rejestru,<\/li><li>wydanie zalece\u0144 pokontrolnych.<\/li><\/ul>\n\n\n\n<p style=\"color:#000000;font-size:18px\" class=\"has-text-color has-background has-very-light-gray-background-color\">OG\u00d3LNY SCHEMAT PROCEDURY KONTROLI PRZEDSI\u0118BIORC\u00d3W<\/p>\n\n\n\n<div class=\"wp-block-image\"><figure class=\"aligncenter is-resized\"><img loading=\"lazy\" decoding=\"async\" src=\"https:\/\/mikolow.eu\/testowa\/wp-content\/uploads\/sites\/13\/2020\/03\/schemat_kontrola-657x1024.png\" alt=\"\" class=\"wp-image-776\" width=\"564\" height=\"879\" srcset=\"https:\/\/mikolow.eu\/odpady\/wp-content\/uploads\/sites\/13\/2020\/03\/schemat_kontrola-657x1024.png 657w, https:\/\/mikolow.eu\/odpady\/wp-content\/uploads\/sites\/13\/2020\/03\/schemat_kontrola-193x300.png 193w, https:\/\/mikolow.eu\/odpady\/wp-content\/uploads\/sites\/13\/2020\/03\/schemat_kontrola-768x1197.png 768w, https:\/\/mikolow.eu\/odpady\/wp-content\/uploads\/sites\/13\/2020\/03\/schemat_kontrola.png 1000w\" sizes=\"auto, (max-width: 564px) 100vw, 564px\" \/><\/figure><\/div>\n\n\n\n<p><\/p>\n","protected":false},"excerpt":{"rendered":"<p>SPOS\u00d3B PRZEPROWADZENIA ANALIZY PRAWDOPODOBIE\u0143STWA NARUSZENIA PRAWA W RAMACH WYKONYWANIA DZIA\u0141ALNO\u015aCI PODMIOTU W ZAKRESIE OPR\u00d3\u017bNIANIA ZBIORNIK\u00d3W BEZODP\u0141YWOWYCH I TRANSPORTU NIECZYSTO\u015aCI CIEK\u0141YCH Identyfikuje si\u0119 nast\u0119puj\u0105cy obszar podmiotowy, w kt\u00f3rym istnieje ryzyko naruszenia przepis\u00f3w ustawy o utrzymaniu czysto\u015bci i porz\u0105dku w gminach: podmiot prowadz\u0105cy dzia\u0142alno\u015b\u0107 w zakresie opr\u00f3\u017cniania zbiornik\u00f3w bezodp\u0142ywowych i transportu nieczysto\u015bci ciek\u0142ych. Identyfikuje si\u0119 nast\u0119puj\u0105ce obszary<\/p>\n","protected":false},"author":20,"featured_media":241,"parent":219,"menu_order":2,"comment_status":"closed","ping_status":"closed","template":"przyroda.php","meta":{"_acf_changed":false,"footnotes":""},"class_list":["post-479","page","type-page","status-publish","has-post-thumbnail","hentry"],"acf":[],"yoast_head":"<!-- This site is optimized with the Yoast SEO plugin v27.4 - https:\/\/yoast.com\/product\/yoast-seo-wordpress\/ -->\n<title>Schemat kontroli przedsi\u0119biorcy - odpady<\/title>\n<meta name=\"robots\" content=\"index, follow, max-snippet:-1, max-image-preview:large, max-video-preview:-1\" \/>\n<link rel=\"canonical\" href=\"https:\/\/mikolow.eu\/odpady\/gospodarowanie-odpadami\/analizy\/schemat-kontroli-przedsiebiorcy\/\" \/>\n<meta property=\"og:locale\" content=\"pl_PL\" \/>\n<meta property=\"og:type\" content=\"article\" \/>\n<meta property=\"og:title\" content=\"Schemat kontroli przedsi\u0119biorcy - odpady\" \/>\n<meta property=\"og:description\" content=\"SPOS\u00d3B PRZEPROWADZENIA ANALIZY PRAWDOPODOBIE\u0143STWA NARUSZENIA PRAWA W RAMACH WYKONYWANIA DZIA\u0141ALNO\u015aCI PODMIOTU W ZAKRESIE OPR\u00d3\u017bNIANIA ZBIORNIK\u00d3W BEZODP\u0141YWOWYCH I TRANSPORTU NIECZYSTO\u015aCI CIEK\u0141YCH Identyfikuje si\u0119 nast\u0119puj\u0105cy obszar podmiotowy, w kt\u00f3rym istnieje ryzyko naruszenia przepis\u00f3w ustawy o utrzymaniu czysto\u015bci i porz\u0105dku w gminach: podmiot prowadz\u0105cy dzia\u0142alno\u015b\u0107 w zakresie opr\u00f3\u017cniania zbiornik\u00f3w bezodp\u0142ywowych i transportu nieczysto\u015bci ciek\u0142ych. Identyfikuje si\u0119 nast\u0119puj\u0105ce obszary\" \/>\n<meta property=\"og:url\" content=\"https:\/\/mikolow.eu\/odpady\/gospodarowanie-odpadami\/analizy\/schemat-kontroli-przedsiebiorcy\/\" \/>\n<meta property=\"og:site_name\" content=\"odpady\" \/>\n<meta property=\"article:modified_time\" content=\"2020-04-06T13:25:51+00:00\" \/>\n<meta property=\"og:image\" content=\"https:\/\/mikolow.eu\/odpady\/wp-content\/uploads\/sites\/13\/2020\/03\/checklist-2945401_640.jpg\" \/>\n\t<meta property=\"og:image:width\" content=\"640\" \/>\n\t<meta property=\"og:image:height\" content=\"426\" \/>\n\t<meta property=\"og:image:type\" content=\"image\/jpeg\" \/>\n<meta name=\"twitter:card\" content=\"summary_large_image\" \/>\n<meta name=\"twitter:label1\" content=\"Szacowany czas czytania\" \/>\n\t<meta name=\"twitter:data1\" content=\"1 minuta\" \/>\n<script type=\"application\/ld+json\" class=\"yoast-schema-graph\">{\"@context\":\"https:\\\/\\\/schema.org\",\"@graph\":[{\"@type\":\"WebPage\",\"@id\":\"https:\\\/\\\/mikolow.eu\\\/odpady\\\/gospodarowanie-odpadami\\\/analizy\\\/schemat-kontroli-przedsiebiorcy\\\/\",\"url\":\"https:\\\/\\\/mikolow.eu\\\/odpady\\\/gospodarowanie-odpadami\\\/analizy\\\/schemat-kontroli-przedsiebiorcy\\\/\",\"name\":\"Schemat kontroli przedsi\u0119biorcy - odpady\",\"isPartOf\":{\"@id\":\"https:\\\/\\\/mikolow.eu\\\/odpady\\\/#website\"},\"primaryImageOfPage\":{\"@id\":\"https:\\\/\\\/mikolow.eu\\\/odpady\\\/gospodarowanie-odpadami\\\/analizy\\\/schemat-kontroli-przedsiebiorcy\\\/#primaryimage\"},\"image\":{\"@id\":\"https:\\\/\\\/mikolow.eu\\\/odpady\\\/gospodarowanie-odpadami\\\/analizy\\\/schemat-kontroli-przedsiebiorcy\\\/#primaryimage\"},\"thumbnailUrl\":\"https:\\\/\\\/mikolow.eu\\\/odpady\\\/wp-content\\\/uploads\\\/sites\\\/13\\\/2020\\\/03\\\/checklist-2945401_640.jpg\",\"datePublished\":\"2020-03-09T10:11:05+00:00\",\"dateModified\":\"2020-04-06T13:25:51+00:00\",\"breadcrumb\":{\"@id\":\"https:\\\/\\\/mikolow.eu\\\/odpady\\\/gospodarowanie-odpadami\\\/analizy\\\/schemat-kontroli-przedsiebiorcy\\\/#breadcrumb\"},\"inLanguage\":\"pl-PL\",\"potentialAction\":[{\"@type\":\"ReadAction\",\"target\":[\"https:\\\/\\\/mikolow.eu\\\/odpady\\\/gospodarowanie-odpadami\\\/analizy\\\/schemat-kontroli-przedsiebiorcy\\\/\"]}]},{\"@type\":\"ImageObject\",\"inLanguage\":\"pl-PL\",\"@id\":\"https:\\\/\\\/mikolow.eu\\\/odpady\\\/gospodarowanie-odpadami\\\/analizy\\\/schemat-kontroli-przedsiebiorcy\\\/#primaryimage\",\"url\":\"https:\\\/\\\/mikolow.eu\\\/odpady\\\/wp-content\\\/uploads\\\/sites\\\/13\\\/2020\\\/03\\\/checklist-2945401_640.jpg\",\"contentUrl\":\"https:\\\/\\\/mikolow.eu\\\/odpady\\\/wp-content\\\/uploads\\\/sites\\\/13\\\/2020\\\/03\\\/checklist-2945401_640.jpg\",\"width\":640,\"height\":426},{\"@type\":\"BreadcrumbList\",\"@id\":\"https:\\\/\\\/mikolow.eu\\\/odpady\\\/gospodarowanie-odpadami\\\/analizy\\\/schemat-kontroli-przedsiebiorcy\\\/#breadcrumb\",\"itemListElement\":[{\"@type\":\"ListItem\",\"position\":1,\"name\":\"Strona g\u0142\u00f3wna\",\"item\":\"https:\\\/\\\/mikolow.eu\\\/odpady\\\/\"},{\"@type\":\"ListItem\",\"position\":2,\"name\":\"GOSPODAROWANIE ODPADAMI\",\"item\":\"https:\\\/\\\/mikolow.eu\\\/odpady\\\/gospodarowanie-odpadami\\\/\"},{\"@type\":\"ListItem\",\"position\":3,\"name\":\"Analizy \\\/ Schematy\",\"item\":\"https:\\\/\\\/mikolow.eu\\\/odpady\\\/gospodarowanie-odpadami\\\/analizy\\\/\"},{\"@type\":\"ListItem\",\"position\":4,\"name\":\"Schemat kontroli przedsi\u0119biorcy\"}]},{\"@type\":\"WebSite\",\"@id\":\"https:\\\/\\\/mikolow.eu\\\/odpady\\\/#website\",\"url\":\"https:\\\/\\\/mikolow.eu\\\/odpady\\\/\",\"name\":\"odpady\",\"description\":\"odpady\",\"publisher\":{\"@id\":\"https:\\\/\\\/mikolow.eu\\\/odpady\\\/#organization\"},\"potentialAction\":[{\"@type\":\"SearchAction\",\"target\":{\"@type\":\"EntryPoint\",\"urlTemplate\":\"https:\\\/\\\/mikolow.eu\\\/odpady\\\/?s={search_term_string}\"},\"query-input\":{\"@type\":\"PropertyValueSpecification\",\"valueRequired\":true,\"valueName\":\"search_term_string\"}}],\"inLanguage\":\"pl-PL\"},{\"@type\":\"Organization\",\"@id\":\"https:\\\/\\\/mikolow.eu\\\/odpady\\\/#organization\",\"name\":\"odpady\",\"url\":\"https:\\\/\\\/mikolow.eu\\\/odpady\\\/\",\"logo\":{\"@type\":\"ImageObject\",\"inLanguage\":\"pl-PL\",\"@id\":\"https:\\\/\\\/mikolow.eu\\\/odpady\\\/#\\\/schema\\\/logo\\\/image\\\/\",\"url\":\"https:\\\/\\\/mikolow.eu\\\/odpady\\\/wp-content\\\/uploads\\\/sites\\\/13\\\/2020\\\/04\\\/cropped-logo_v16-1.png\",\"contentUrl\":\"https:\\\/\\\/mikolow.eu\\\/odpady\\\/wp-content\\\/uploads\\\/sites\\\/13\\\/2020\\\/04\\\/cropped-logo_v16-1.png\",\"width\":1013,\"height\":250,\"caption\":\"odpady\"},\"image\":{\"@id\":\"https:\\\/\\\/mikolow.eu\\\/odpady\\\/#\\\/schema\\\/logo\\\/image\\\/\"}}]}<\/script>\n<!-- \/ Yoast SEO plugin. -->","yoast_head_json":{"title":"Schemat kontroli przedsi\u0119biorcy - odpady","robots":{"index":"index","follow":"follow","max-snippet":"max-snippet:-1","max-image-preview":"max-image-preview:large","max-video-preview":"max-video-preview:-1"},"canonical":"https:\/\/mikolow.eu\/odpady\/gospodarowanie-odpadami\/analizy\/schemat-kontroli-przedsiebiorcy\/","og_locale":"pl_PL","og_type":"article","og_title":"Schemat kontroli przedsi\u0119biorcy - odpady","og_description":"SPOS\u00d3B PRZEPROWADZENIA ANALIZY PRAWDOPODOBIE\u0143STWA NARUSZENIA PRAWA W RAMACH WYKONYWANIA DZIA\u0141ALNO\u015aCI PODMIOTU W ZAKRESIE OPR\u00d3\u017bNIANIA ZBIORNIK\u00d3W BEZODP\u0141YWOWYCH I TRANSPORTU NIECZYSTO\u015aCI CIEK\u0141YCH Identyfikuje si\u0119 nast\u0119puj\u0105cy obszar podmiotowy, w kt\u00f3rym istnieje ryzyko naruszenia przepis\u00f3w ustawy o utrzymaniu czysto\u015bci i porz\u0105dku w gminach: podmiot prowadz\u0105cy dzia\u0142alno\u015b\u0107 w zakresie opr\u00f3\u017cniania zbiornik\u00f3w bezodp\u0142ywowych i transportu nieczysto\u015bci ciek\u0142ych. Identyfikuje si\u0119 nast\u0119puj\u0105ce obszary","og_url":"https:\/\/mikolow.eu\/odpady\/gospodarowanie-odpadami\/analizy\/schemat-kontroli-przedsiebiorcy\/","og_site_name":"odpady","article_modified_time":"2020-04-06T13:25:51+00:00","og_image":[{"width":640,"height":426,"url":"https:\/\/mikolow.eu\/odpady\/wp-content\/uploads\/sites\/13\/2020\/03\/checklist-2945401_640.jpg","type":"image\/jpeg"}],"twitter_card":"summary_large_image","twitter_misc":{"Szacowany czas czytania":"1 minuta"},"schema":{"@context":"https:\/\/schema.org","@graph":[{"@type":"WebPage","@id":"https:\/\/mikolow.eu\/odpady\/gospodarowanie-odpadami\/analizy\/schemat-kontroli-przedsiebiorcy\/","url":"https:\/\/mikolow.eu\/odpady\/gospodarowanie-odpadami\/analizy\/schemat-kontroli-przedsiebiorcy\/","name":"Schemat kontroli przedsi\u0119biorcy - odpady","isPartOf":{"@id":"https:\/\/mikolow.eu\/odpady\/#website"},"primaryImageOfPage":{"@id":"https:\/\/mikolow.eu\/odpady\/gospodarowanie-odpadami\/analizy\/schemat-kontroli-przedsiebiorcy\/#primaryimage"},"image":{"@id":"https:\/\/mikolow.eu\/odpady\/gospodarowanie-odpadami\/analizy\/schemat-kontroli-przedsiebiorcy\/#primaryimage"},"thumbnailUrl":"https:\/\/mikolow.eu\/odpady\/wp-content\/uploads\/sites\/13\/2020\/03\/checklist-2945401_640.jpg","datePublished":"2020-03-09T10:11:05+00:00","dateModified":"2020-04-06T13:25:51+00:00","breadcrumb":{"@id":"https:\/\/mikolow.eu\/odpady\/gospodarowanie-odpadami\/analizy\/schemat-kontroli-przedsiebiorcy\/#breadcrumb"},"inLanguage":"pl-PL","potentialAction":[{"@type":"ReadAction","target":["https:\/\/mikolow.eu\/odpady\/gospodarowanie-odpadami\/analizy\/schemat-kontroli-przedsiebiorcy\/"]}]},{"@type":"ImageObject","inLanguage":"pl-PL","@id":"https:\/\/mikolow.eu\/odpady\/gospodarowanie-odpadami\/analizy\/schemat-kontroli-przedsiebiorcy\/#primaryimage","url":"https:\/\/mikolow.eu\/odpady\/wp-content\/uploads\/sites\/13\/2020\/03\/checklist-2945401_640.jpg","contentUrl":"https:\/\/mikolow.eu\/odpady\/wp-content\/uploads\/sites\/13\/2020\/03\/checklist-2945401_640.jpg","width":640,"height":426},{"@type":"BreadcrumbList","@id":"https:\/\/mikolow.eu\/odpady\/gospodarowanie-odpadami\/analizy\/schemat-kontroli-przedsiebiorcy\/#breadcrumb","itemListElement":[{"@type":"ListItem","position":1,"name":"Strona g\u0142\u00f3wna","item":"https:\/\/mikolow.eu\/odpady\/"},{"@type":"ListItem","position":2,"name":"GOSPODAROWANIE ODPADAMI","item":"https:\/\/mikolow.eu\/odpady\/gospodarowanie-odpadami\/"},{"@type":"ListItem","position":3,"name":"Analizy \/ Schematy","item":"https:\/\/mikolow.eu\/odpady\/gospodarowanie-odpadami\/analizy\/"},{"@type":"ListItem","position":4,"name":"Schemat kontroli przedsi\u0119biorcy"}]},{"@type":"WebSite","@id":"https:\/\/mikolow.eu\/odpady\/#website","url":"https:\/\/mikolow.eu\/odpady\/","name":"odpady","description":"odpady","publisher":{"@id":"https:\/\/mikolow.eu\/odpady\/#organization"},"potentialAction":[{"@type":"SearchAction","target":{"@type":"EntryPoint","urlTemplate":"https:\/\/mikolow.eu\/odpady\/?s={search_term_string}"},"query-input":{"@type":"PropertyValueSpecification","valueRequired":true,"valueName":"search_term_string"}}],"inLanguage":"pl-PL"},{"@type":"Organization","@id":"https:\/\/mikolow.eu\/odpady\/#organization","name":"odpady","url":"https:\/\/mikolow.eu\/odpady\/","logo":{"@type":"ImageObject","inLanguage":"pl-PL","@id":"https:\/\/mikolow.eu\/odpady\/#\/schema\/logo\/image\/","url":"https:\/\/mikolow.eu\/odpady\/wp-content\/uploads\/sites\/13\/2020\/04\/cropped-logo_v16-1.png","contentUrl":"https:\/\/mikolow.eu\/odpady\/wp-content\/uploads\/sites\/13\/2020\/04\/cropped-logo_v16-1.png","width":1013,"height":250,"caption":"odpady"},"image":{"@id":"https:\/\/mikolow.eu\/odpady\/#\/schema\/logo\/image\/"}}]}},"_links":{"self":[{"href":"https:\/\/mikolow.eu\/odpady\/wp-json\/wp\/v2\/pages\/479","targetHints":{"allow":["GET"]}}],"collection":[{"href":"https:\/\/mikolow.eu\/odpady\/wp-json\/wp\/v2\/pages"}],"about":[{"href":"https:\/\/mikolow.eu\/odpady\/wp-json\/wp\/v2\/types\/page"}],"author":[{"embeddable":true,"href":"https:\/\/mikolow.eu\/odpady\/wp-json\/wp\/v2\/users\/20"}],"replies":[{"embeddable":true,"href":"https:\/\/mikolow.eu\/odpady\/wp-json\/wp\/v2\/comments?post=479"}],"version-history":[{"count":32,"href":"https:\/\/mikolow.eu\/odpady\/wp-json\/wp\/v2\/pages\/479\/revisions"}],"predecessor-version":[{"id":860,"href":"https:\/\/mikolow.eu\/odpady\/wp-json\/wp\/v2\/pages\/479\/revisions\/860"}],"up":[{"embeddable":true,"href":"https:\/\/mikolow.eu\/odpady\/wp-json\/wp\/v2\/pages\/219"}],"wp:featuredmedia":[{"embeddable":true,"href":"https:\/\/mikolow.eu\/odpady\/wp-json\/wp\/v2\/media\/241"}],"wp:attachment":[{"href":"https:\/\/mikolow.eu\/odpady\/wp-json\/wp\/v2\/media?parent=479"}],"curies":[{"name":"wp","href":"https:\/\/api.w.org\/{rel}","templated":true}]}}