{"id":4014,"date":"2025-09-09T12:08:07","date_gmt":"2025-09-09T10:08:07","guid":{"rendered":"https:\/\/mikolow.eu\/odpady\/?page_id=4014"},"modified":"2025-09-10T07:28:21","modified_gmt":"2025-09-10T05:28:21","slug":"zgloszenia-reklamacyjne","status":"publish","type":"page","link":"https:\/\/mikolow.eu\/odpady\/zgloszenia-reklamacyjne\/","title":{"rendered":"Zg\u0142oszenia Reklamacyjne"},"content":{"rendered":"\n<h2 class=\"wp-block-heading\">Zasady post\u0119powania w przypadku:<\/h2>\n\n\n\n<p>&#8211; braku odbioru odpad\u00f3w komunalnych w terminie wskazanym w harmonogramie,<\/p>\n\n\n\n<p>&#8211; uszkodzenia pojemnika na odpady.<\/p>\n\n\n\n<p>W razie zaistnienia takiej sytuacji, w\u0142a\u015bciciel nieruchomo\u015bci powinien zg\u0142osi\u0107 reklamacj\u0119 w terminie 7 dni roboczych od zaistnienia zdarzenia. Reklamacje z\u0142o\u017cone po tym terminie nie zostan\u0105 uwzgl\u0119dnione.<\/p>\n\n\n\n<p><strong><u>Reklamacje mo\u017cna sk\u0142ada\u0107 :<\/u><\/strong><\/p>\n\n\n\n<p>1) wysy\u0142aj\u0105c zg\u0142oszenie w aplikacji <strong>EcoHarmonogram<\/strong><\/p>\n\n\n\n<p><strong>2<\/strong><strong>) telefonicznie <\/strong><strong>pod numerem telefonu<\/strong><strong> Referatu Us\u0142ug Komunalnych, <\/strong><strong>Rynek <\/strong><strong>20<\/strong><strong>, 43-190 Miko\u0142\u00f3w, <\/strong><strong>tel. <\/strong><strong>(32) 32-48 569, <\/strong><strong>(32) 32-48-573<\/strong><\/p>\n\n\n\n<p><strong>w godzinach:<\/strong><\/p>\n\n\n\n<p><strong>poniedzia\u0142ek 7:30 \u2013 17:00<br>wtorek \u2013 czwartek: 7:30 -15:30<br>pi\u0105tek 7:30 -14:00<\/strong><\/p>\n\n\n\n<p><strong>3<\/strong><strong>) wysy\u0142aj\u0105c zg\u0142oszenie za po\u015brednictwem poczty elektronicznej pod adres e-mail \u2013 <a href=\"mailto:uslugi.komunalne@mikolow.eu\">uslugi.komunalne@mikolow.eu<\/a> do Referatu Us\u0142ug Komunalnych.<\/strong><\/p>\n\n\n\n<p><strong>4) <\/strong>telefonicznie pod numerem telefonu firmy odbieraj\u0105cej odpady\u2013 ( <strong>32) 24 22\u00a0110<\/strong><\/p>\n\n\n\n<p><strong>Remondis G\u00f3rny \u015al\u0105sk Sp. z o.o. ul. Piotra Skargi 87, Ruda \u015al\u0105ska<\/strong><\/p>\n\n\n\n<p><strong>w godzinach <\/strong><strong>od poniedzia\u0142ku do pi\u0105tku od godz. 8.00- 16.00<\/strong><\/p>\n\n\n\n<p><strong>5) <\/strong><strong>wysy\u0142aj\u0105c zg\u0142oszenie za po\u015brednictwem poczty elektronicznej pod adres e-mail <\/strong><strong>firmy odbieraj\u0105cej odpady <\/strong><strong>\u2013 <\/strong><strong><a href=\"mailto:rudaslaska@remondis.pl\">rudaslaska@remondis.pl<\/a><\/strong><\/p>\n\n\n\n<p class=\"has-small-font-size\">W przypadku z\u0142o\u017cenia reklamacji braku odbioru odpad\u00f3w, prosimy nie chowa\u0107 wystawionych pojemnik\u00f3w lub work\u00f3w, tak aby umo\u017cliwi\u0107 jednostce wywozowej realizacj\u0119 odbioru odpad\u00f3w.<\/p>\n","protected":false},"excerpt":{"rendered":"<p>Zasady post\u0119powania w przypadku: &#8211; braku odbioru odpad\u00f3w komunalnych w terminie wskazanym w harmonogramie, &#8211; uszkodzenia pojemnika na odpady. W razie zaistnienia takiej sytuacji, w\u0142a\u015bciciel nieruchomo\u015bci powinien zg\u0142osi\u0107 reklamacj\u0119 w terminie 7 dni roboczych od zaistnienia zdarzenia. Reklamacje z\u0142o\u017cone po tym terminie nie zostan\u0105 uwzgl\u0119dnione. Reklamacje mo\u017cna sk\u0142ada\u0107 : 1) wysy\u0142aj\u0105c zg\u0142oszenie w aplikacji EcoHarmonogram<\/p>\n","protected":false},"author":20,"featured_media":0,"parent":0,"menu_order":0,"comment_status":"closed","ping_status":"closed","template":"","meta":{"_acf_changed":false,"footnotes":""},"class_list":["post-4014","page","type-page","status-publish","hentry"],"acf":[],"yoast_head":"<!-- This site is optimized with the Yoast SEO plugin v27.4 - https:\/\/yoast.com\/product\/yoast-seo-wordpress\/ -->\n<title>Zg\u0142oszenia Reklamacyjne - odpady<\/title>\n<meta name=\"robots\" content=\"index, follow, max-snippet:-1, max-image-preview:large, max-video-preview:-1\" \/>\n<link rel=\"canonical\" href=\"https:\/\/mikolow.eu\/odpady\/zgloszenia-reklamacyjne\/\" \/>\n<meta property=\"og:locale\" content=\"pl_PL\" \/>\n<meta property=\"og:type\" content=\"article\" \/>\n<meta property=\"og:title\" content=\"Zg\u0142oszenia Reklamacyjne - odpady\" \/>\n<meta property=\"og:description\" content=\"Zasady post\u0119powania w przypadku: &#8211; braku odbioru odpad\u00f3w komunalnych w terminie wskazanym w harmonogramie, &#8211; uszkodzenia pojemnika na odpady. W razie zaistnienia takiej sytuacji, w\u0142a\u015bciciel nieruchomo\u015bci powinien zg\u0142osi\u0107 reklamacj\u0119 w terminie 7 dni roboczych od zaistnienia zdarzenia. Reklamacje z\u0142o\u017cone po tym terminie nie zostan\u0105 uwzgl\u0119dnione. Reklamacje mo\u017cna sk\u0142ada\u0107 : 1) wysy\u0142aj\u0105c zg\u0142oszenie w aplikacji EcoHarmonogram\" \/>\n<meta property=\"og:url\" content=\"https:\/\/mikolow.eu\/odpady\/zgloszenia-reklamacyjne\/\" \/>\n<meta property=\"og:site_name\" content=\"odpady\" \/>\n<meta property=\"article:modified_time\" content=\"2025-09-10T05:28:21+00:00\" \/>\n<meta property=\"og:image\" content=\"https:\/\/mikolow.eu\/odpady\/wp-content\/uploads\/sites\/13\/2021\/01\/logo.png\" \/>\n\t<meta property=\"og:image:width\" content=\"1024\" \/>\n\t<meta property=\"og:image:height\" content=\"675\" \/>\n\t<meta property=\"og:image:type\" content=\"image\/png\" \/>\n<meta name=\"twitter:card\" content=\"summary_large_image\" \/>\n<meta name=\"twitter:label1\" content=\"Szacowany czas czytania\" \/>\n\t<meta name=\"twitter:data1\" content=\"2 minuty\" \/>\n<script type=\"application\/ld+json\" class=\"yoast-schema-graph\">{\"@context\":\"https:\\\/\\\/schema.org\",\"@graph\":[{\"@type\":\"WebPage\",\"@id\":\"https:\\\/\\\/mikolow.eu\\\/odpady\\\/zgloszenia-reklamacyjne\\\/\",\"url\":\"https:\\\/\\\/mikolow.eu\\\/odpady\\\/zgloszenia-reklamacyjne\\\/\",\"name\":\"Zg\u0142oszenia Reklamacyjne - odpady\",\"isPartOf\":{\"@id\":\"https:\\\/\\\/mikolow.eu\\\/odpady\\\/#website\"},\"datePublished\":\"2025-09-09T10:08:07+00:00\",\"dateModified\":\"2025-09-10T05:28:21+00:00\",\"breadcrumb\":{\"@id\":\"https:\\\/\\\/mikolow.eu\\\/odpady\\\/zgloszenia-reklamacyjne\\\/#breadcrumb\"},\"inLanguage\":\"pl-PL\",\"potentialAction\":[{\"@type\":\"ReadAction\",\"target\":[\"https:\\\/\\\/mikolow.eu\\\/odpady\\\/zgloszenia-reklamacyjne\\\/\"]}]},{\"@type\":\"BreadcrumbList\",\"@id\":\"https:\\\/\\\/mikolow.eu\\\/odpady\\\/zgloszenia-reklamacyjne\\\/#breadcrumb\",\"itemListElement\":[{\"@type\":\"ListItem\",\"position\":1,\"name\":\"Strona g\u0142\u00f3wna\",\"item\":\"https:\\\/\\\/mikolow.eu\\\/odpady\\\/\"},{\"@type\":\"ListItem\",\"position\":2,\"name\":\"Zg\u0142oszenia Reklamacyjne\"}]},{\"@type\":\"WebSite\",\"@id\":\"https:\\\/\\\/mikolow.eu\\\/odpady\\\/#website\",\"url\":\"https:\\\/\\\/mikolow.eu\\\/odpady\\\/\",\"name\":\"odpady\",\"description\":\"odpady\",\"publisher\":{\"@id\":\"https:\\\/\\\/mikolow.eu\\\/odpady\\\/#organization\"},\"potentialAction\":[{\"@type\":\"SearchAction\",\"target\":{\"@type\":\"EntryPoint\",\"urlTemplate\":\"https:\\\/\\\/mikolow.eu\\\/odpady\\\/?s={search_term_string}\"},\"query-input\":{\"@type\":\"PropertyValueSpecification\",\"valueRequired\":true,\"valueName\":\"search_term_string\"}}],\"inLanguage\":\"pl-PL\"},{\"@type\":\"Organization\",\"@id\":\"https:\\\/\\\/mikolow.eu\\\/odpady\\\/#organization\",\"name\":\"odpady\",\"url\":\"https:\\\/\\\/mikolow.eu\\\/odpady\\\/\",\"logo\":{\"@type\":\"ImageObject\",\"inLanguage\":\"pl-PL\",\"@id\":\"https:\\\/\\\/mikolow.eu\\\/odpady\\\/#\\\/schema\\\/logo\\\/image\\\/\",\"url\":\"https:\\\/\\\/mikolow.eu\\\/odpady\\\/wp-content\\\/uploads\\\/sites\\\/13\\\/2020\\\/04\\\/cropped-logo_v16-1.png\",\"contentUrl\":\"https:\\\/\\\/mikolow.eu\\\/odpady\\\/wp-content\\\/uploads\\\/sites\\\/13\\\/2020\\\/04\\\/cropped-logo_v16-1.png\",\"width\":1013,\"height\":250,\"caption\":\"odpady\"},\"image\":{\"@id\":\"https:\\\/\\\/mikolow.eu\\\/odpady\\\/#\\\/schema\\\/logo\\\/image\\\/\"}}]}<\/script>\n<!-- \/ Yoast SEO plugin. -->","yoast_head_json":{"title":"Zg\u0142oszenia Reklamacyjne - odpady","robots":{"index":"index","follow":"follow","max-snippet":"max-snippet:-1","max-image-preview":"max-image-preview:large","max-video-preview":"max-video-preview:-1"},"canonical":"https:\/\/mikolow.eu\/odpady\/zgloszenia-reklamacyjne\/","og_locale":"pl_PL","og_type":"article","og_title":"Zg\u0142oszenia Reklamacyjne - odpady","og_description":"Zasady post\u0119powania w przypadku: &#8211; braku odbioru odpad\u00f3w komunalnych w terminie wskazanym w harmonogramie, &#8211; uszkodzenia pojemnika na odpady. W razie zaistnienia takiej sytuacji, w\u0142a\u015bciciel nieruchomo\u015bci powinien zg\u0142osi\u0107 reklamacj\u0119 w terminie 7 dni roboczych od zaistnienia zdarzenia. Reklamacje z\u0142o\u017cone po tym terminie nie zostan\u0105 uwzgl\u0119dnione. Reklamacje mo\u017cna sk\u0142ada\u0107 : 1) wysy\u0142aj\u0105c zg\u0142oszenie w aplikacji EcoHarmonogram","og_url":"https:\/\/mikolow.eu\/odpady\/zgloszenia-reklamacyjne\/","og_site_name":"odpady","article_modified_time":"2025-09-10T05:28:21+00:00","og_image":[{"width":1024,"height":675,"url":"https:\/\/mikolow.eu\/odpady\/wp-content\/uploads\/sites\/13\/2021\/01\/logo.png","type":"image\/png"}],"twitter_card":"summary_large_image","twitter_misc":{"Szacowany czas czytania":"2 minuty"},"schema":{"@context":"https:\/\/schema.org","@graph":[{"@type":"WebPage","@id":"https:\/\/mikolow.eu\/odpady\/zgloszenia-reklamacyjne\/","url":"https:\/\/mikolow.eu\/odpady\/zgloszenia-reklamacyjne\/","name":"Zg\u0142oszenia Reklamacyjne - odpady","isPartOf":{"@id":"https:\/\/mikolow.eu\/odpady\/#website"},"datePublished":"2025-09-09T10:08:07+00:00","dateModified":"2025-09-10T05:28:21+00:00","breadcrumb":{"@id":"https:\/\/mikolow.eu\/odpady\/zgloszenia-reklamacyjne\/#breadcrumb"},"inLanguage":"pl-PL","potentialAction":[{"@type":"ReadAction","target":["https:\/\/mikolow.eu\/odpady\/zgloszenia-reklamacyjne\/"]}]},{"@type":"BreadcrumbList","@id":"https:\/\/mikolow.eu\/odpady\/zgloszenia-reklamacyjne\/#breadcrumb","itemListElement":[{"@type":"ListItem","position":1,"name":"Strona g\u0142\u00f3wna","item":"https:\/\/mikolow.eu\/odpady\/"},{"@type":"ListItem","position":2,"name":"Zg\u0142oszenia Reklamacyjne"}]},{"@type":"WebSite","@id":"https:\/\/mikolow.eu\/odpady\/#website","url":"https:\/\/mikolow.eu\/odpady\/","name":"odpady","description":"odpady","publisher":{"@id":"https:\/\/mikolow.eu\/odpady\/#organization"},"potentialAction":[{"@type":"SearchAction","target":{"@type":"EntryPoint","urlTemplate":"https:\/\/mikolow.eu\/odpady\/?s={search_term_string}"},"query-input":{"@type":"PropertyValueSpecification","valueRequired":true,"valueName":"search_term_string"}}],"inLanguage":"pl-PL"},{"@type":"Organization","@id":"https:\/\/mikolow.eu\/odpady\/#organization","name":"odpady","url":"https:\/\/mikolow.eu\/odpady\/","logo":{"@type":"ImageObject","inLanguage":"pl-PL","@id":"https:\/\/mikolow.eu\/odpady\/#\/schema\/logo\/image\/","url":"https:\/\/mikolow.eu\/odpady\/wp-content\/uploads\/sites\/13\/2020\/04\/cropped-logo_v16-1.png","contentUrl":"https:\/\/mikolow.eu\/odpady\/wp-content\/uploads\/sites\/13\/2020\/04\/cropped-logo_v16-1.png","width":1013,"height":250,"caption":"odpady"},"image":{"@id":"https:\/\/mikolow.eu\/odpady\/#\/schema\/logo\/image\/"}}]}},"_links":{"self":[{"href":"https:\/\/mikolow.eu\/odpady\/wp-json\/wp\/v2\/pages\/4014","targetHints":{"allow":["GET"]}}],"collection":[{"href":"https:\/\/mikolow.eu\/odpady\/wp-json\/wp\/v2\/pages"}],"about":[{"href":"https:\/\/mikolow.eu\/odpady\/wp-json\/wp\/v2\/types\/page"}],"author":[{"embeddable":true,"href":"https:\/\/mikolow.eu\/odpady\/wp-json\/wp\/v2\/users\/20"}],"replies":[{"embeddable":true,"href":"https:\/\/mikolow.eu\/odpady\/wp-json\/wp\/v2\/comments?post=4014"}],"version-history":[{"count":2,"href":"https:\/\/mikolow.eu\/odpady\/wp-json\/wp\/v2\/pages\/4014\/revisions"}],"predecessor-version":[{"id":4025,"href":"https:\/\/mikolow.eu\/odpady\/wp-json\/wp\/v2\/pages\/4014\/revisions\/4025"}],"wp:attachment":[{"href":"https:\/\/mikolow.eu\/odpady\/wp-json\/wp\/v2\/media?parent=4014"}],"curies":[{"name":"wp","href":"https:\/\/api.w.org\/{rel}","templated":true}]}}