{"id":235,"date":"2020-03-04T15:34:29","date_gmt":"2020-03-04T14:34:29","guid":{"rendered":"http:\/\/mikolow.eu\/testowa\/?page_id=235"},"modified":"2023-01-12T11:05:22","modified_gmt":"2023-01-12T10:05:22","slug":"rejestr-dzialanosci-regulowanej-kody","status":"publish","type":"page","link":"https:\/\/mikolow.eu\/odpady\/gospodarowanie-odpadami\/przedsiebiorcy\/rejestr-dzialanosci-regulowanej-kody\/","title":{"rendered":"Rejestr dzia\u0142alno\u015bci regulowanej"},"content":{"rendered":"\n<p class=\"has-very-light-gray-background-color has-text-color has-background\" style=\"color:#000000;font-size:15px\">REJESTR DZIA\u0141ALNO\u015aCI REGULOWANEJ W&nbsp;ZAKRESIE ODBIERANIA ODPAD\u00d3W KOMUNALNYCH<br>OD&nbsp;W\u0141A\u015aCICIELI NIERUCHOMO\u015aCI Z&nbsp;TERENU GMINY MIKO\u0141\u00d3W<\/p>\n\n\n<div class=\"supsystic-table-loader la-ball-rotate la-2x\" style=\"color:#109125\"><div><\/div><\/div><div id=\"supsystic-table-3_42575\" class=\"supsystic-tables-wrap pagination-large\" style=\" width:100%; visibility: hidden; \" data-table-width-fixed=\"100%\" data-table-width-mobile=\"100%\" ><table id=\"supsystic-table-3\" class=\"supsystic-table border lightboxImg cell-border\" data-id=\"3\" data-view-id=\"3_42575\" data-title=\"REJESTR DZIA\u0141ALNO\u015aCI REGULOWANEJ W ZAKRESIE ODBIERANIA ODPAD\u00d3W KOMUNALNYCH OD W\u0141A\u015aCICIELI NIERUCHOMO\u015aCI Z TERENU GMINY MIKO\u0141\u00d3W ? na 16.02.2024 r.\" data-currency-format=\"$1,000.00\" data-percent-format=\"10.00%\" data-date-format=\"DD.MM.YYYY\" data-time-format=\"HH:mm\" data-features=\"[&quot;paging&quot;,&quot;searching&quot;,&quot;after_table_loaded_script&quot;]\" data-search-value=\"\" data-lightbox-img=\"\" data-server-side-processing=\"on\" data-head-rows-count=\"1\" data-pagination-length=\"5,10,20,All\" data-pagination-scroll=\"on\" data-auto-index=\"off\" data-searching-settings=\"{&quot;columnSearchPosition&quot;:&quot;bottom&quot;,&quot;minChars&quot;:&quot;0&quot;}\" data-lang=\"Polish\" data-override=\"{&quot;emptyTable&quot;:&quot;&quot;,&quot;info&quot;:&quot;&quot;,&quot;infoEmpty&quot;:&quot;&quot;,&quot;infoFiltered&quot;:&quot;&quot;,&quot;lengthMenu&quot;:&quot;&quot;,&quot;search&quot;:&quot;&quot;,&quot;previous&quot;:&quot;&quot;,&quot;next&quot;:&quot;&quot;,&quot;zeroRecords&quot;:&quot;&quot;,&quot;exportLabel&quot;:&quot;&quot;,&quot;file&quot;:&quot;Polish&quot;}\" data-merged=\"[]\" data-responsive-mode=\"1\" data-from-history=\"0\" ><thead><tr><th class=\"\" style=\"width:; padding: 0 !important;\"><\/th><th class=\"\" style=\"width:; padding: 0 !important;\"><\/th><th class=\"\" style=\"width:10%; padding: 0 !important;\"><\/th><th class=\"\" style=\"width:; padding: 0 !important;\"><\/th><th class=\"\" style=\"width:; padding: 0 !important;\"><\/th><th class=\"\" style=\"width:; padding: 0 !important;\"><\/th><\/tr><\/thead><\/table><!-- \/#supsystic-table-3.supsystic-table --><\/div><!-- \/.supsystic-tables-wrap --><!-- Tables Generator by Supsystic --><!-- Version:1.11.0 --><!-- http:\/\/supsystic.com\/ --><a title=\"WordPress Tables Plugin\" style=\"display:none;\" href=\"https:\/\/supsystic.com\/plugins\/wordpress-data-table-plugin\/?utm_medium=love_link\" target=\"_blank\">WordPress Tables Plugin<\/a>\n\n\n\n<p><\/p>\n","protected":false},"excerpt":{"rendered":"<p>REJESTR DZIA\u0141ALNO\u015aCI REGULOWANEJ W&nbsp;ZAKRESIE ODBIERANIA ODPAD\u00d3W KOMUNALNYCHOD&nbsp;W\u0141A\u015aCICIELI NIERUCHOMO\u015aCI Z&nbsp;TERENU GMINY MIKO\u0141\u00d3W<\/p>\n","protected":false},"author":20,"featured_media":671,"parent":217,"menu_order":1,"comment_status":"closed","ping_status":"closed","template":"przyroda.php","meta":{"_acf_changed":false,"footnotes":""},"class_list":["post-235","page","type-page","status-publish","has-post-thumbnail","hentry"],"acf":[],"yoast_head":"<!-- This site is optimized with the Yoast SEO plugin v27.4 - https:\/\/yoast.com\/product\/yoast-seo-wordpress\/ -->\n<title>Rejestr dzia\u0142alno\u015bci regulowanej - odpady<\/title>\n<meta name=\"robots\" content=\"index, follow, max-snippet:-1, max-image-preview:large, max-video-preview:-1\" \/>\n<link rel=\"canonical\" href=\"https:\/\/mikolow.eu\/odpady\/gospodarowanie-odpadami\/przedsiebiorcy\/rejestr-dzialanosci-regulowanej-kody\/\" \/>\n<meta property=\"og:locale\" content=\"pl_PL\" \/>\n<meta property=\"og:type\" content=\"article\" \/>\n<meta property=\"og:title\" content=\"Rejestr dzia\u0142alno\u015bci regulowanej - odpady\" \/>\n<meta property=\"og:description\" content=\"REJESTR DZIA\u0141ALNO\u015aCI REGULOWANEJ W&nbsp;ZAKRESIE ODBIERANIA ODPAD\u00d3W KOMUNALNYCHOD&nbsp;W\u0141A\u015aCICIELI NIERUCHOMO\u015aCI Z&nbsp;TERENU GMINY MIKO\u0141\u00d3W\" \/>\n<meta property=\"og:url\" content=\"https:\/\/mikolow.eu\/odpady\/gospodarowanie-odpadami\/przedsiebiorcy\/rejestr-dzialanosci-regulowanej-kody\/\" \/>\n<meta property=\"og:site_name\" content=\"odpady\" \/>\n<meta property=\"article:modified_time\" content=\"2023-01-12T10:05:22+00:00\" \/>\n<meta property=\"og:image\" content=\"http:\/\/mikolow.eu\/odpady\/wp-content\/uploads\/sites\/13\/2020\/03\/address-book-3574685_640.jpg\" \/>\n\t<meta property=\"og:image:width\" content=\"640\" \/>\n\t<meta property=\"og:image:height\" content=\"480\" \/>\n\t<meta property=\"og:image:type\" content=\"image\/jpeg\" \/>\n<meta name=\"twitter:card\" content=\"summary_large_image\" \/>\n<meta name=\"twitter:label1\" content=\"Szacowany czas czytania\" \/>\n\t<meta name=\"twitter:data1\" content=\"1 minuta\" \/>\n<script type=\"application\/ld+json\" class=\"yoast-schema-graph\">{\"@context\":\"https:\\\/\\\/schema.org\",\"@graph\":[{\"@type\":\"WebPage\",\"@id\":\"https:\\\/\\\/mikolow.eu\\\/odpady\\\/gospodarowanie-odpadami\\\/przedsiebiorcy\\\/rejestr-dzialanosci-regulowanej-kody\\\/\",\"url\":\"https:\\\/\\\/mikolow.eu\\\/odpady\\\/gospodarowanie-odpadami\\\/przedsiebiorcy\\\/rejestr-dzialanosci-regulowanej-kody\\\/\",\"name\":\"Rejestr dzia\u0142alno\u015bci regulowanej - odpady\",\"isPartOf\":{\"@id\":\"https:\\\/\\\/mikolow.eu\\\/odpady\\\/#website\"},\"primaryImageOfPage\":{\"@id\":\"https:\\\/\\\/mikolow.eu\\\/odpady\\\/gospodarowanie-odpadami\\\/przedsiebiorcy\\\/rejestr-dzialanosci-regulowanej-kody\\\/#primaryimage\"},\"image\":{\"@id\":\"https:\\\/\\\/mikolow.eu\\\/odpady\\\/gospodarowanie-odpadami\\\/przedsiebiorcy\\\/rejestr-dzialanosci-regulowanej-kody\\\/#primaryimage\"},\"thumbnailUrl\":\"https:\\\/\\\/mikolow.eu\\\/odpady\\\/wp-content\\\/uploads\\\/sites\\\/13\\\/2020\\\/03\\\/address-book-3574685_640.jpg\",\"datePublished\":\"2020-03-04T14:34:29+00:00\",\"dateModified\":\"2023-01-12T10:05:22+00:00\",\"breadcrumb\":{\"@id\":\"https:\\\/\\\/mikolow.eu\\\/odpady\\\/gospodarowanie-odpadami\\\/przedsiebiorcy\\\/rejestr-dzialanosci-regulowanej-kody\\\/#breadcrumb\"},\"inLanguage\":\"pl-PL\",\"potentialAction\":[{\"@type\":\"ReadAction\",\"target\":[\"https:\\\/\\\/mikolow.eu\\\/odpady\\\/gospodarowanie-odpadami\\\/przedsiebiorcy\\\/rejestr-dzialanosci-regulowanej-kody\\\/\"]}]},{\"@type\":\"ImageObject\",\"inLanguage\":\"pl-PL\",\"@id\":\"https:\\\/\\\/mikolow.eu\\\/odpady\\\/gospodarowanie-odpadami\\\/przedsiebiorcy\\\/rejestr-dzialanosci-regulowanej-kody\\\/#primaryimage\",\"url\":\"https:\\\/\\\/mikolow.eu\\\/odpady\\\/wp-content\\\/uploads\\\/sites\\\/13\\\/2020\\\/03\\\/address-book-3574685_640.jpg\",\"contentUrl\":\"https:\\\/\\\/mikolow.eu\\\/odpady\\\/wp-content\\\/uploads\\\/sites\\\/13\\\/2020\\\/03\\\/address-book-3574685_640.jpg\",\"width\":640,\"height\":480},{\"@type\":\"BreadcrumbList\",\"@id\":\"https:\\\/\\\/mikolow.eu\\\/odpady\\\/gospodarowanie-odpadami\\\/przedsiebiorcy\\\/rejestr-dzialanosci-regulowanej-kody\\\/#breadcrumb\",\"itemListElement\":[{\"@type\":\"ListItem\",\"position\":1,\"name\":\"Strona g\u0142\u00f3wna\",\"item\":\"https:\\\/\\\/mikolow.eu\\\/odpady\\\/\"},{\"@type\":\"ListItem\",\"position\":2,\"name\":\"GOSPODAROWANIE ODPADAMI\",\"item\":\"https:\\\/\\\/mikolow.eu\\\/odpady\\\/gospodarowanie-odpadami\\\/\"},{\"@type\":\"ListItem\",\"position\":3,\"name\":\"Firmy odbieraj\u0105ce odpady komunalne i nieczysto\u015bci\",\"item\":\"https:\\\/\\\/mikolow.eu\\\/odpady\\\/gospodarowanie-odpadami\\\/przedsiebiorcy\\\/\"},{\"@type\":\"ListItem\",\"position\":4,\"name\":\"Rejestr dzia\u0142alno\u015bci regulowanej\"}]},{\"@type\":\"WebSite\",\"@id\":\"https:\\\/\\\/mikolow.eu\\\/odpady\\\/#website\",\"url\":\"https:\\\/\\\/mikolow.eu\\\/odpady\\\/\",\"name\":\"odpady\",\"description\":\"odpady\",\"publisher\":{\"@id\":\"https:\\\/\\\/mikolow.eu\\\/odpady\\\/#organization\"},\"potentialAction\":[{\"@type\":\"SearchAction\",\"target\":{\"@type\":\"EntryPoint\",\"urlTemplate\":\"https:\\\/\\\/mikolow.eu\\\/odpady\\\/?s={search_term_string}\"},\"query-input\":{\"@type\":\"PropertyValueSpecification\",\"valueRequired\":true,\"valueName\":\"search_term_string\"}}],\"inLanguage\":\"pl-PL\"},{\"@type\":\"Organization\",\"@id\":\"https:\\\/\\\/mikolow.eu\\\/odpady\\\/#organization\",\"name\":\"odpady\",\"url\":\"https:\\\/\\\/mikolow.eu\\\/odpady\\\/\",\"logo\":{\"@type\":\"ImageObject\",\"inLanguage\":\"pl-PL\",\"@id\":\"https:\\\/\\\/mikolow.eu\\\/odpady\\\/#\\\/schema\\\/logo\\\/image\\\/\",\"url\":\"https:\\\/\\\/mikolow.eu\\\/odpady\\\/wp-content\\\/uploads\\\/sites\\\/13\\\/2020\\\/04\\\/cropped-logo_v16-1.png\",\"contentUrl\":\"https:\\\/\\\/mikolow.eu\\\/odpady\\\/wp-content\\\/uploads\\\/sites\\\/13\\\/2020\\\/04\\\/cropped-logo_v16-1.png\",\"width\":1013,\"height\":250,\"caption\":\"odpady\"},\"image\":{\"@id\":\"https:\\\/\\\/mikolow.eu\\\/odpady\\\/#\\\/schema\\\/logo\\\/image\\\/\"}}]}<\/script>\n<!-- \/ Yoast SEO plugin. -->","yoast_head_json":{"title":"Rejestr dzia\u0142alno\u015bci regulowanej - odpady","robots":{"index":"index","follow":"follow","max-snippet":"max-snippet:-1","max-image-preview":"max-image-preview:large","max-video-preview":"max-video-preview:-1"},"canonical":"https:\/\/mikolow.eu\/odpady\/gospodarowanie-odpadami\/przedsiebiorcy\/rejestr-dzialanosci-regulowanej-kody\/","og_locale":"pl_PL","og_type":"article","og_title":"Rejestr dzia\u0142alno\u015bci regulowanej - odpady","og_description":"REJESTR DZIA\u0141ALNO\u015aCI REGULOWANEJ W&nbsp;ZAKRESIE ODBIERANIA ODPAD\u00d3W KOMUNALNYCHOD&nbsp;W\u0141A\u015aCICIELI NIERUCHOMO\u015aCI Z&nbsp;TERENU GMINY MIKO\u0141\u00d3W","og_url":"https:\/\/mikolow.eu\/odpady\/gospodarowanie-odpadami\/przedsiebiorcy\/rejestr-dzialanosci-regulowanej-kody\/","og_site_name":"odpady","article_modified_time":"2023-01-12T10:05:22+00:00","og_image":[{"width":640,"height":480,"url":"http:\/\/mikolow.eu\/odpady\/wp-content\/uploads\/sites\/13\/2020\/03\/address-book-3574685_640.jpg","type":"image\/jpeg"}],"twitter_card":"summary_large_image","twitter_misc":{"Szacowany czas czytania":"1 minuta"},"schema":{"@context":"https:\/\/schema.org","@graph":[{"@type":"WebPage","@id":"https:\/\/mikolow.eu\/odpady\/gospodarowanie-odpadami\/przedsiebiorcy\/rejestr-dzialanosci-regulowanej-kody\/","url":"https:\/\/mikolow.eu\/odpady\/gospodarowanie-odpadami\/przedsiebiorcy\/rejestr-dzialanosci-regulowanej-kody\/","name":"Rejestr dzia\u0142alno\u015bci regulowanej - odpady","isPartOf":{"@id":"https:\/\/mikolow.eu\/odpady\/#website"},"primaryImageOfPage":{"@id":"https:\/\/mikolow.eu\/odpady\/gospodarowanie-odpadami\/przedsiebiorcy\/rejestr-dzialanosci-regulowanej-kody\/#primaryimage"},"image":{"@id":"https:\/\/mikolow.eu\/odpady\/gospodarowanie-odpadami\/przedsiebiorcy\/rejestr-dzialanosci-regulowanej-kody\/#primaryimage"},"thumbnailUrl":"https:\/\/mikolow.eu\/odpady\/wp-content\/uploads\/sites\/13\/2020\/03\/address-book-3574685_640.jpg","datePublished":"2020-03-04T14:34:29+00:00","dateModified":"2023-01-12T10:05:22+00:00","breadcrumb":{"@id":"https:\/\/mikolow.eu\/odpady\/gospodarowanie-odpadami\/przedsiebiorcy\/rejestr-dzialanosci-regulowanej-kody\/#breadcrumb"},"inLanguage":"pl-PL","potentialAction":[{"@type":"ReadAction","target":["https:\/\/mikolow.eu\/odpady\/gospodarowanie-odpadami\/przedsiebiorcy\/rejestr-dzialanosci-regulowanej-kody\/"]}]},{"@type":"ImageObject","inLanguage":"pl-PL","@id":"https:\/\/mikolow.eu\/odpady\/gospodarowanie-odpadami\/przedsiebiorcy\/rejestr-dzialanosci-regulowanej-kody\/#primaryimage","url":"https:\/\/mikolow.eu\/odpady\/wp-content\/uploads\/sites\/13\/2020\/03\/address-book-3574685_640.jpg","contentUrl":"https:\/\/mikolow.eu\/odpady\/wp-content\/uploads\/sites\/13\/2020\/03\/address-book-3574685_640.jpg","width":640,"height":480},{"@type":"BreadcrumbList","@id":"https:\/\/mikolow.eu\/odpady\/gospodarowanie-odpadami\/przedsiebiorcy\/rejestr-dzialanosci-regulowanej-kody\/#breadcrumb","itemListElement":[{"@type":"ListItem","position":1,"name":"Strona g\u0142\u00f3wna","item":"https:\/\/mikolow.eu\/odpady\/"},{"@type":"ListItem","position":2,"name":"GOSPODAROWANIE ODPADAMI","item":"https:\/\/mikolow.eu\/odpady\/gospodarowanie-odpadami\/"},{"@type":"ListItem","position":3,"name":"Firmy odbieraj\u0105ce odpady komunalne i nieczysto\u015bci","item":"https:\/\/mikolow.eu\/odpady\/gospodarowanie-odpadami\/przedsiebiorcy\/"},{"@type":"ListItem","position":4,"name":"Rejestr dzia\u0142alno\u015bci regulowanej"}]},{"@type":"WebSite","@id":"https:\/\/mikolow.eu\/odpady\/#website","url":"https:\/\/mikolow.eu\/odpady\/","name":"odpady","description":"odpady","publisher":{"@id":"https:\/\/mikolow.eu\/odpady\/#organization"},"potentialAction":[{"@type":"SearchAction","target":{"@type":"EntryPoint","urlTemplate":"https:\/\/mikolow.eu\/odpady\/?s={search_term_string}"},"query-input":{"@type":"PropertyValueSpecification","valueRequired":true,"valueName":"search_term_string"}}],"inLanguage":"pl-PL"},{"@type":"Organization","@id":"https:\/\/mikolow.eu\/odpady\/#organization","name":"odpady","url":"https:\/\/mikolow.eu\/odpady\/","logo":{"@type":"ImageObject","inLanguage":"pl-PL","@id":"https:\/\/mikolow.eu\/odpady\/#\/schema\/logo\/image\/","url":"https:\/\/mikolow.eu\/odpady\/wp-content\/uploads\/sites\/13\/2020\/04\/cropped-logo_v16-1.png","contentUrl":"https:\/\/mikolow.eu\/odpady\/wp-content\/uploads\/sites\/13\/2020\/04\/cropped-logo_v16-1.png","width":1013,"height":250,"caption":"odpady"},"image":{"@id":"https:\/\/mikolow.eu\/odpady\/#\/schema\/logo\/image\/"}}]}},"_links":{"self":[{"href":"https:\/\/mikolow.eu\/odpady\/wp-json\/wp\/v2\/pages\/235","targetHints":{"allow":["GET"]}}],"collection":[{"href":"https:\/\/mikolow.eu\/odpady\/wp-json\/wp\/v2\/pages"}],"about":[{"href":"https:\/\/mikolow.eu\/odpady\/wp-json\/wp\/v2\/types\/page"}],"author":[{"embeddable":true,"href":"https:\/\/mikolow.eu\/odpady\/wp-json\/wp\/v2\/users\/20"}],"replies":[{"embeddable":true,"href":"https:\/\/mikolow.eu\/odpady\/wp-json\/wp\/v2\/comments?post=235"}],"version-history":[{"count":10,"href":"https:\/\/mikolow.eu\/odpady\/wp-json\/wp\/v2\/pages\/235\/revisions"}],"predecessor-version":[{"id":3081,"href":"https:\/\/mikolow.eu\/odpady\/wp-json\/wp\/v2\/pages\/235\/revisions\/3081"}],"up":[{"embeddable":true,"href":"https:\/\/mikolow.eu\/odpady\/wp-json\/wp\/v2\/pages\/217"}],"wp:featuredmedia":[{"embeddable":true,"href":"https:\/\/mikolow.eu\/odpady\/wp-json\/wp\/v2\/media\/671"}],"wp:attachment":[{"href":"https:\/\/mikolow.eu\/odpady\/wp-json\/wp\/v2\/media?parent=235"}],"curies":[{"name":"wp","href":"https:\/\/api.w.org\/{rel}","templated":true}]}}