{"id":2250,"date":"2021-03-24T08:51:21","date_gmt":"2021-03-24T07:51:21","guid":{"rendered":"http:\/\/mikolow.eu\/odpady\/?page_id=2250"},"modified":"2021-04-12T09:27:40","modified_gmt":"2021-04-12T07:27:40","slug":"akcja-segregacja","status":"publish","type":"page","link":"https:\/\/mikolow.eu\/odpady\/edukacja\/akcja-segregacja\/","title":{"rendered":"Akcja Segregacja"},"content":{"rendered":"\n<div style=\"height:32px\" aria-hidden=\"true\" class=\"wp-block-spacer\"><\/div>\n\n\n\n<p class=\"has-background\" style=\"background-color:#f7f7f7\"><strong>SEGREGUJEMY, BO DBAMY O TO, CO MAMY!<\/strong><\/p>\n\n\n\n<div class=\"wp-block-columns is-layout-flex wp-container-core-columns-is-layout-9d6595d7 wp-block-columns-is-layout-flex\">\n<div class=\"wp-block-column is-layout-flow wp-block-column-is-layout-flow\">\n<figure class=\"wp-block-embed is-type-video is-provider-youtube wp-block-embed-youtube wp-embed-aspect-16-9 wp-has-aspect-ratio\"><div class=\"wp-block-embed__wrapper\">\n<iframe loading=\"lazy\" title=\"Akcja Segregacja\" width=\"525\" height=\"295\" src=\"https:\/\/www.youtube.com\/embed\/_U9OUZ_Xi6k?feature=oembed\" frameborder=\"0\" allow=\"accelerometer; autoplay; clipboard-write; encrypted-media; gyroscope; picture-in-picture; web-share\" referrerpolicy=\"strict-origin-when-cross-origin\" allowfullscreen><\/iframe>\n<\/div><\/figure>\n\n\n\n<p>Segregacja odpad\u00f3w to nasz wsp\u00f3lny obowi\u0105zek. Nie zawsze jest on \u0142atwy i oczywisty, dlatego ruszamy z pomoc\u0105. Koniec z dylematami pt. ? do kt\u00f3rego pojemnika mam to wyrzuci\u0107??. Przedstawiamy Wam plakaty i filmiki edukacyjne naszej Akcji Segregacji, kt\u00f3re pomog\u0105 rozwia\u0107 w\u0105tpliwo\u015bci dotycz\u0105ce sortowania przydomowych odpad\u00f3w.<\/p>\n\n\n\n<p class=\"has-text-color has-medium-font-size\" style=\"color:#266e1b\"><strong>Segregujemy, bo dbamy o to, co mamy!<\/strong><\/p>\n\n\n\n<div class=\"wp-block-buttons is-layout-flex wp-block-buttons-is-layout-flex\">\n<div class=\"wp-block-button is-style-outline is-style-outline--1\"><a class=\"wp-block-button__link has-text-color\" href=\"https:\/\/mikolow.eu\/odpady\/wyszukiwarka-odpadow\/\" style=\"color:#266e1b\">PRZEJD\u0179 DO WYSZUKIWARKI ODPAD\u00d3W<\/a><\/div>\n<\/div>\n<\/div>\n\n\n\n<div class=\"wp-block-column is-layout-flow wp-block-column-is-layout-flow\">\n<figure class=\"wp-block-image size-large is-resized\"><a href=\"https:\/\/mikolow.eu\/odpady\/wp-content\/uploads\/sites\/13\/2021\/03\/akcja_segregacja_plakat.png\"><img loading=\"lazy\" decoding=\"async\" src=\"https:\/\/mikolow.eu\/odpady\/wp-content\/uploads\/sites\/13\/2021\/03\/akcja_segregacja_plakat-725x1024.png\" alt=\"\" class=\"wp-image-2527\" width=\"363\" height=\"512\" srcset=\"https:\/\/mikolow.eu\/odpady\/wp-content\/uploads\/sites\/13\/2021\/03\/akcja_segregacja_plakat-725x1024.png 725w, https:\/\/mikolow.eu\/odpady\/wp-content\/uploads\/sites\/13\/2021\/03\/akcja_segregacja_plakat-212x300.png 212w, https:\/\/mikolow.eu\/odpady\/wp-content\/uploads\/sites\/13\/2021\/03\/akcja_segregacja_plakat-768x1085.png 768w, https:\/\/mikolow.eu\/odpady\/wp-content\/uploads\/sites\/13\/2021\/03\/akcja_segregacja_plakat.png 843w\" sizes=\"auto, (max-width: 363px) 100vw, 363px\" \/><\/a><\/figure>\n\n\n\n<p><\/p>\n<\/div>\n<\/div>\n\n\n\n<div class=\"wp-block-columns is-layout-flex wp-container-core-columns-is-layout-9d6595d7 wp-block-columns-is-layout-flex\"><\/div>\n\n\n\n<p class=\"has-background\" style=\"background-color:#f7f7f7\"><strong>REMONT I CO DALEJ ?<\/strong><\/p>\n\n\n\n<div class=\"wp-block-columns is-layout-flex wp-container-core-columns-is-layout-9d6595d7 wp-block-columns-is-layout-flex\">\n<div class=\"wp-block-column is-layout-flow wp-block-column-is-layout-flow\">\n<p><strong>Co zrobi\u0107 z odpadami po remoncie?<\/strong><\/p>\n\n\n\n<p class=\"has-text-color\" style=\"color:#0d0d0c\">Do PSZOK mo\u017cesz dostarczy\u0107 takie <strong>odpady remontowo &#8211; budowlane<\/strong> jak:<\/p>\n\n\n\n<ul class=\"wp-block-list\"><li>okna, ramy okienne, rolety<\/li><li>papierowe worki po materia\u0142ach<\/li><li>budowlanych np. po cemencie<\/li><li>deski drewniane, belki, panele<\/li><li>wanny, brodziki wraz z kabin\u0105 prysznicow\u0105,<\/li><li>umywalki, zlewozmywaki,<\/li><li>muszle toaletowe, sp\u0142uczki, grzejniki<\/li><li>p\u0142yty PCV, p\u0142yty gipsowe, tapety<\/li><li>pap\u0119<\/li><li>we\u0142n\u0119 mineraln\u0105, wat\u0119 szklan\u0105<\/li><li>styropian budowlany, podk\u0142ady<\/li><li>pod panele<\/li><li>gruz<\/li><\/ul>\n\n\n\n<p>a tak\u017ce <strong>odpady niebezpieczne<\/strong> tj:<\/p>\n\n\n\n<ul class=\"wp-block-list\"><li>opakowania po farbach<\/li><li>resztki farb, klej\u00f3w, lakier\u00f3w, \u017cywic w tym \u015brodki do konserwacji i ochrony drewna<\/li><li>rozpuszczalniki i \u015brodki czyszcz\u0105ce<\/li><\/ul>\n<\/div>\n\n\n\n<div class=\"wp-block-column is-layout-flow wp-block-column-is-layout-flow\">\n<figure class=\"wp-block-embed aligncenter is-type-video is-provider-youtube wp-block-embed-youtube wp-embed-aspect-16-9 wp-has-aspect-ratio\"><div class=\"wp-block-embed__wrapper\">\n<iframe loading=\"lazy\" title=\"Jak dzia\u0142a PSZOK\" width=\"525\" height=\"295\" src=\"https:\/\/www.youtube.com\/embed\/h6HNC-dvbNo?feature=oembed\" frameborder=\"0\" allow=\"accelerometer; autoplay; clipboard-write; encrypted-media; gyroscope; picture-in-picture; web-share\" referrerpolicy=\"strict-origin-when-cross-origin\" allowfullscreen><\/iframe>\n<\/div><\/figure>\n\n\n\n<p class=\"has-text-color\" style=\"color:#498105;font-size:14px\"><strong>Pami\u0119taj!<\/strong><\/p>\n\n\n\n<p class=\"has-text-color\" style=\"color:#498105;font-size:14px\"><strong>Bezpo\u015brednio sprzed nieruchomo\u015bci odbieramy tylko odpady z betonu, gruz ceglany w worku BIG BAG w ilo\u015bci 1 m?\/rok\/nieruchomo\u015b\u0107\/lokal mieszkalny<\/strong>.<\/p>\n\n\n\n<p class=\"has-text-color\" style=\"color:#498105;font-size:14px\"><strong>Odpad\u00f3w remontowych nie mo\u017cna sk\u0142adowa\u0107 we wiatach \u015bmietnikowych!<\/strong><\/p>\n\n\n\n<p><a href=\"https:\/\/goo.gl\/maps\/2K2euVXjE1p3sZpC7\"><strong>Jak dojecha\u0107 do PSZOK?<\/strong><\/a><\/p>\n\n\n\n<p><\/p>\n<\/div>\n<\/div>\n\n\n\n<p class=\"has-background\" style=\"background-color:#f7f7f7\"><strong>SEGREGUJ NAWET NA CMENTARZU<\/strong><\/p>\n\n\n\n<div class=\"wp-block-columns is-layout-flex wp-container-core-columns-is-layout-9d6595d7 wp-block-columns-is-layout-flex\">\n<div class=\"wp-block-column is-layout-flow wp-block-column-is-layout-flow\">\n<div class=\"wp-block-columns is-layout-flex wp-container-core-columns-is-layout-9d6595d7 wp-block-columns-is-layout-flex\">\n<div class=\"wp-block-column is-layout-flow wp-block-column-is-layout-flow\">\n<div class=\"wp-block-image\"><figure class=\"aligncenter size-large is-resized\"><img loading=\"lazy\" decoding=\"async\" src=\"http:\/\/mikolow.eu\/odpady\/wp-content\/uploads\/sites\/13\/2021\/03\/bio.png\" alt=\"\" class=\"wp-image-2532\" width=\"158\" height=\"95\" srcset=\"https:\/\/mikolow.eu\/odpady\/wp-content\/uploads\/sites\/13\/2021\/03\/bio.png 315w, https:\/\/mikolow.eu\/odpady\/wp-content\/uploads\/sites\/13\/2021\/03\/bio-300x181.png 300w\" sizes=\"auto, (max-width: 158px) 100vw, 158px\" \/><\/figure><\/div>\n\n\n\n<p class=\"has-text-align-center\"><strong>Bioodpady<\/strong><\/p>\n<\/div>\n\n\n\n<div class=\"wp-block-column is-layout-flow wp-block-column-is-layout-flow\">\n<div class=\"wp-block-image\"><figure class=\"aligncenter size-large is-resized\"><img loading=\"lazy\" decoding=\"async\" src=\"http:\/\/mikolow.eu\/odpady\/wp-content\/uploads\/sites\/13\/2021\/03\/plastik.png\" alt=\"\" class=\"wp-image-2539\" width=\"158\" height=\"95\" srcset=\"https:\/\/mikolow.eu\/odpady\/wp-content\/uploads\/sites\/13\/2021\/03\/plastik.png 315w, https:\/\/mikolow.eu\/odpady\/wp-content\/uploads\/sites\/13\/2021\/03\/plastik-300x181.png 300w\" sizes=\"auto, (max-width: 158px) 100vw, 158px\" \/><\/figure><\/div>\n\n\n\n<p class=\"has-text-align-center\"><strong>Metale i tworzywa sztuczne<\/strong><\/p>\n<\/div>\n<\/div>\n\n\n\n<div class=\"wp-block-columns is-layout-flex wp-container-core-columns-is-layout-9d6595d7 wp-block-columns-is-layout-flex\">\n<div class=\"wp-block-column is-layout-flow wp-block-column-is-layout-flow\">\n<ul class=\"wp-block-list\"><li>trawa, li\u015bcie, ga\u0142\u0119zie<\/li><li>kwiaty naturalne ci\u0119te (bez ozd\u00f3b)<\/li><li>kwiaty doniczkowe (bez doniczek)<br><strong>WRZUCAMY LUZEM BEZ WORK\u00d3W, TOREB<\/strong><\/li><\/ul>\n<\/div>\n\n\n\n<div class=\"wp-block-column is-layout-flow wp-block-column-is-layout-flow\">\n<ul class=\"wp-block-list\"><li>plastikowe i metalowe elementy zniczy<\/li><li>doniczki z tworzyw sztucznych (bez ziemi)<\/li><li>folie opakowaniowe<\/li><\/ul>\n<\/div>\n<\/div>\n<\/div>\n\n\n\n<div class=\"wp-block-column is-layout-flow wp-block-column-is-layout-flow\">\n<div class=\"wp-block-columns is-layout-flex wp-container-core-columns-is-layout-9d6595d7 wp-block-columns-is-layout-flex\">\n<div class=\"wp-block-column is-layout-flow wp-block-column-is-layout-flow\">\n<div class=\"wp-block-image\"><figure class=\"aligncenter size-large is-resized\"><img loading=\"lazy\" decoding=\"async\" src=\"https:\/\/mikolow.eu\/odpady\/wp-content\/uploads\/sites\/13\/2021\/03\/szklo.png\" alt=\"\" class=\"wp-image-2537\" width=\"158\" height=\"95\" srcset=\"https:\/\/mikolow.eu\/odpady\/wp-content\/uploads\/sites\/13\/2021\/03\/szklo.png 315w, https:\/\/mikolow.eu\/odpady\/wp-content\/uploads\/sites\/13\/2021\/03\/szklo-300x181.png 300w\" sizes=\"auto, (max-width: 158px) 100vw, 158px\" \/><\/figure><\/div>\n\n\n\n<p class=\"has-text-align-center\"><strong>Szk\u0142o<\/strong><\/p>\n<\/div>\n\n\n\n<div class=\"wp-block-column is-layout-flow wp-block-column-is-layout-flow\">\n<div class=\"wp-block-image\"><figure class=\"aligncenter size-large is-resized\"><img loading=\"lazy\" decoding=\"async\" src=\"https:\/\/mikolow.eu\/odpady\/wp-content\/uploads\/sites\/13\/2021\/03\/zmieszane.png\" alt=\"\" class=\"wp-image-2534\" width=\"158\" height=\"95\" srcset=\"https:\/\/mikolow.eu\/odpady\/wp-content\/uploads\/sites\/13\/2021\/03\/zmieszane.png 315w, https:\/\/mikolow.eu\/odpady\/wp-content\/uploads\/sites\/13\/2021\/03\/zmieszane-300x181.png 300w\" sizes=\"auto, (max-width: 158px) 100vw, 158px\" \/><\/figure><\/div>\n\n\n\n<p class=\"has-text-align-center\"><strong>Odpady zmieszane<\/strong><\/p>\n<\/div>\n<\/div>\n\n\n\n<div class=\"wp-block-columns is-layout-flex wp-container-core-columns-is-layout-9d6595d7 wp-block-columns-is-layout-flex\">\n<div class=\"wp-block-column is-layout-flow wp-block-column-is-layout-flow\">\n<ul class=\"wp-block-list\"><li>znicze szklane bez wosku oraz plastikowych i metalowych element\u00f3w<\/li><li>s\u0142oiki<\/li><li>butelki szklane<\/li><\/ul>\n<\/div>\n\n\n\n<div class=\"wp-block-column is-layout-flow wp-block-column-is-layout-flow\">\n<ul class=\"wp-block-list\"><li>znicze i wk\u0142ady z woskiem<\/li><li>doniczki ceramiczne<\/li><li>wie\u0144ce i kwiaty (\u017cywe i sztuczne) trwale z\u0142\u0105czone z tworzywami i metalami<\/li><li>ziemia i piasek<\/li><li>pozosta\u0142e odpady nienadaj\u0105ce si\u0119 do segregacji<\/li><\/ul>\n<\/div>\n<\/div>\n<\/div>\n<\/div>\n\n\n\n<p class=\"has-background\" style=\"background-color:#f7f7f7\"><strong>ECOHARMONOGRAM<\/strong><\/p>\n\n\n\n<div class=\"wp-block-columns is-layout-flex wp-container-core-columns-is-layout-9d6595d7 wp-block-columns-is-layout-flex\">\n<div class=\"wp-block-column is-layout-flow wp-block-column-is-layout-flow\" style=\"flex-basis:33.33%\">\n<figure class=\"wp-block-image size-large is-resized\"><a href=\"https:\/\/mikolow.eu\/odpady\/wp-content\/uploads\/sites\/13\/2021\/03\/plakat-ecoharmonogram-A3.jpg\"><img loading=\"lazy\" decoding=\"async\" src=\"http:\/\/mikolow.eu\/odpady\/wp-content\/uploads\/sites\/13\/2021\/03\/plakat-ecoharmonogram-A3-724x1024.jpg\" alt=\"\" class=\"wp-image-2543\" width=\"285\" height=\"404\" srcset=\"https:\/\/mikolow.eu\/odpady\/wp-content\/uploads\/sites\/13\/2021\/03\/plakat-ecoharmonogram-A3-724x1024.jpg 724w, https:\/\/mikolow.eu\/odpady\/wp-content\/uploads\/sites\/13\/2021\/03\/plakat-ecoharmonogram-A3-212x300.jpg 212w, https:\/\/mikolow.eu\/odpady\/wp-content\/uploads\/sites\/13\/2021\/03\/plakat-ecoharmonogram-A3-768x1087.jpg 768w, https:\/\/mikolow.eu\/odpady\/wp-content\/uploads\/sites\/13\/2021\/03\/plakat-ecoharmonogram-A3-1086x1536.jpg 1086w, https:\/\/mikolow.eu\/odpady\/wp-content\/uploads\/sites\/13\/2021\/03\/plakat-ecoharmonogram-A3-1448x2048.jpg 1448w, https:\/\/mikolow.eu\/odpady\/wp-content\/uploads\/sites\/13\/2021\/03\/plakat-ecoharmonogram-A3.jpg 1753w\" sizes=\"auto, (max-width: 285px) 100vw, 285px\" \/><\/a><\/figure>\n<\/div>\n\n\n\n<div class=\"wp-block-column is-layout-flow wp-block-column-is-layout-flow\" style=\"flex-basis:66.66%\">\n<p>Pobierz bezp\u0142atn\u0105 aplikacj\u0119 EcoHarmonogram i korzystaj z mobilnego harmonogramu wywozu odpad\u00f3w.<\/p>\n\n\n\n<p><br><strong>Harmonogram<\/strong><br>Znajd\u017a sw\u00f3j harmonogram podaj\u0105c adres posesji<\/p>\n\n\n\n<p><br><strong>Powiadomienia<\/strong><br>Otrzymuj powiadomienia o terminach odbioru odpad\u00f3w oraz p\u0142atno\u015bciach.<\/p>\n\n\n\n<p><br><strong>Jak segregowa\u0107<\/strong><br>Skorzystaj z informacji na temat segregacji odpad\u00f3w oraz wyszukiwarki, kt\u00f3ra podpowie gdzie nale\u017cy wrzuci\u0107 dany rodzaj odpad\u00f3w.<\/p>\n\n\n\n<div class=\"wp-block-columns is-layout-flex wp-container-core-columns-is-layout-9d6595d7 wp-block-columns-is-layout-flex\">\n<div class=\"wp-block-column is-layout-flow wp-block-column-is-layout-flow\">\n<figure class=\"wp-block-image size-large is-resized\"><a href=\"https:\/\/play.google.com\/store\/apps\/details?id=pl.codever.ecoharmonogram\"><img loading=\"lazy\" decoding=\"async\" src=\"http:\/\/mikolow.eu\/odpady\/wp-content\/uploads\/sites\/13\/2021\/03\/google_play.png\" alt=\"\" class=\"wp-image-2459\" width=\"128\" height=\"40\"\/><\/a><\/figure>\n<\/div>\n\n\n\n<div class=\"wp-block-column is-layout-flow wp-block-column-is-layout-flow\">\n<figure class=\"wp-block-image size-large is-resized\"><a href=\"https:\/\/apps.apple.com\/pl\/app\/eco-harmonogram\/id1043086815?l=pl\"><img loading=\"lazy\" decoding=\"async\" src=\"http:\/\/mikolow.eu\/odpady\/wp-content\/uploads\/sites\/13\/2021\/03\/app_store.png\" alt=\"\" class=\"wp-image-2469\" width=\"130\" height=\"42\"\/><\/a><\/figure>\n<\/div>\n<\/div>\n<\/div>\n<\/div>\n\n\n\n<p><\/p>\n\n\n\n<div class=\"wp-block-columns is-layout-flex wp-container-core-columns-is-layout-9d6595d7 wp-block-columns-is-layout-flex\"><\/div>\n","protected":false},"excerpt":{"rendered":"<p>SEGREGUJEMY, BO DBAMY O TO, CO MAMY! Segregacja odpad\u00f3w to nasz wsp\u00f3lny obowi\u0105zek. Nie zawsze jest on \u0142atwy i oczywisty, dlatego ruszamy z pomoc\u0105. Koniec z dylematami pt. ? do kt\u00f3rego pojemnika mam to wyrzuci\u0107??. Przedstawiamy Wam plakaty i filmiki edukacyjne naszej Akcji Segregacji, kt\u00f3re pomog\u0105 rozwia\u0107 w\u0105tpliwo\u015bci dotycz\u0105ce sortowania przydomowych odpad\u00f3w. Segregujemy, bo dbamy<\/p>\n","protected":false},"author":20,"featured_media":2257,"parent":36,"menu_order":0,"comment_status":"closed","ping_status":"closed","template":"przyroda.php","meta":{"_acf_changed":false,"footnotes":""},"class_list":["post-2250","page","type-page","status-publish","has-post-thumbnail","hentry"],"acf":[],"yoast_head":"<!-- This site is optimized with the Yoast SEO plugin v27.4 - https:\/\/yoast.com\/product\/yoast-seo-wordpress\/ -->\n<title>Akcja Segregacja - odpady<\/title>\n<meta name=\"robots\" content=\"index, follow, max-snippet:-1, max-image-preview:large, max-video-preview:-1\" \/>\n<link rel=\"canonical\" href=\"https:\/\/mikolow.eu\/odpady\/edukacja\/akcja-segregacja\/\" \/>\n<meta property=\"og:locale\" content=\"pl_PL\" \/>\n<meta property=\"og:type\" content=\"article\" \/>\n<meta property=\"og:title\" content=\"Akcja Segregacja - odpady\" \/>\n<meta property=\"og:description\" content=\"SEGREGUJEMY, BO DBAMY O TO, CO MAMY! Segregacja odpad\u00f3w to nasz wsp\u00f3lny obowi\u0105zek. Nie zawsze jest on \u0142atwy i oczywisty, dlatego ruszamy z pomoc\u0105. Koniec z dylematami pt. ? do kt\u00f3rego pojemnika mam to wyrzuci\u0107??. Przedstawiamy Wam plakaty i filmiki edukacyjne naszej Akcji Segregacji, kt\u00f3re pomog\u0105 rozwia\u0107 w\u0105tpliwo\u015bci dotycz\u0105ce sortowania przydomowych odpad\u00f3w. Segregujemy, bo dbamy\" \/>\n<meta property=\"og:url\" content=\"https:\/\/mikolow.eu\/odpady\/edukacja\/akcja-segregacja\/\" \/>\n<meta property=\"og:site_name\" content=\"odpady\" \/>\n<meta property=\"article:modified_time\" content=\"2021-04-12T07:27:40+00:00\" \/>\n<meta property=\"og:image\" content=\"https:\/\/mikolow.eu\/odpady\/wp-content\/uploads\/sites\/13\/2021\/03\/logo_akcja.png\" \/>\n\t<meta property=\"og:image:width\" content=\"800\" \/>\n\t<meta property=\"og:image:height\" content=\"800\" \/>\n\t<meta property=\"og:image:type\" content=\"image\/png\" \/>\n<meta name=\"twitter:card\" content=\"summary_large_image\" \/>\n<meta name=\"twitter:label1\" content=\"Szacowany czas czytania\" \/>\n\t<meta name=\"twitter:data1\" content=\"3 minuty\" \/>\n<script type=\"application\/ld+json\" class=\"yoast-schema-graph\">{\"@context\":\"https:\\\/\\\/schema.org\",\"@graph\":[{\"@type\":\"WebPage\",\"@id\":\"https:\\\/\\\/mikolow.eu\\\/odpady\\\/edukacja\\\/akcja-segregacja\\\/\",\"url\":\"https:\\\/\\\/mikolow.eu\\\/odpady\\\/edukacja\\\/akcja-segregacja\\\/\",\"name\":\"Akcja Segregacja - odpady\",\"isPartOf\":{\"@id\":\"https:\\\/\\\/mikolow.eu\\\/odpady\\\/#website\"},\"primaryImageOfPage\":{\"@id\":\"https:\\\/\\\/mikolow.eu\\\/odpady\\\/edukacja\\\/akcja-segregacja\\\/#primaryimage\"},\"image\":{\"@id\":\"https:\\\/\\\/mikolow.eu\\\/odpady\\\/edukacja\\\/akcja-segregacja\\\/#primaryimage\"},\"thumbnailUrl\":\"https:\\\/\\\/mikolow.eu\\\/odpady\\\/wp-content\\\/uploads\\\/sites\\\/13\\\/2021\\\/03\\\/logo_akcja.png\",\"datePublished\":\"2021-03-24T07:51:21+00:00\",\"dateModified\":\"2021-04-12T07:27:40+00:00\",\"breadcrumb\":{\"@id\":\"https:\\\/\\\/mikolow.eu\\\/odpady\\\/edukacja\\\/akcja-segregacja\\\/#breadcrumb\"},\"inLanguage\":\"pl-PL\",\"potentialAction\":[{\"@type\":\"ReadAction\",\"target\":[\"https:\\\/\\\/mikolow.eu\\\/odpady\\\/edukacja\\\/akcja-segregacja\\\/\"]}]},{\"@type\":\"ImageObject\",\"inLanguage\":\"pl-PL\",\"@id\":\"https:\\\/\\\/mikolow.eu\\\/odpady\\\/edukacja\\\/akcja-segregacja\\\/#primaryimage\",\"url\":\"https:\\\/\\\/mikolow.eu\\\/odpady\\\/wp-content\\\/uploads\\\/sites\\\/13\\\/2021\\\/03\\\/logo_akcja.png\",\"contentUrl\":\"https:\\\/\\\/mikolow.eu\\\/odpady\\\/wp-content\\\/uploads\\\/sites\\\/13\\\/2021\\\/03\\\/logo_akcja.png\",\"width\":800,\"height\":800},{\"@type\":\"BreadcrumbList\",\"@id\":\"https:\\\/\\\/mikolow.eu\\\/odpady\\\/edukacja\\\/akcja-segregacja\\\/#breadcrumb\",\"itemListElement\":[{\"@type\":\"ListItem\",\"position\":1,\"name\":\"Strona g\u0142\u00f3wna\",\"item\":\"https:\\\/\\\/mikolow.eu\\\/odpady\\\/\"},{\"@type\":\"ListItem\",\"position\":2,\"name\":\"EDUKACJA\",\"item\":\"https:\\\/\\\/mikolow.eu\\\/odpady\\\/edukacja\\\/\"},{\"@type\":\"ListItem\",\"position\":3,\"name\":\"Akcja Segregacja\"}]},{\"@type\":\"WebSite\",\"@id\":\"https:\\\/\\\/mikolow.eu\\\/odpady\\\/#website\",\"url\":\"https:\\\/\\\/mikolow.eu\\\/odpady\\\/\",\"name\":\"odpady\",\"description\":\"odpady\",\"publisher\":{\"@id\":\"https:\\\/\\\/mikolow.eu\\\/odpady\\\/#organization\"},\"potentialAction\":[{\"@type\":\"SearchAction\",\"target\":{\"@type\":\"EntryPoint\",\"urlTemplate\":\"https:\\\/\\\/mikolow.eu\\\/odpady\\\/?s={search_term_string}\"},\"query-input\":{\"@type\":\"PropertyValueSpecification\",\"valueRequired\":true,\"valueName\":\"search_term_string\"}}],\"inLanguage\":\"pl-PL\"},{\"@type\":\"Organization\",\"@id\":\"https:\\\/\\\/mikolow.eu\\\/odpady\\\/#organization\",\"name\":\"odpady\",\"url\":\"https:\\\/\\\/mikolow.eu\\\/odpady\\\/\",\"logo\":{\"@type\":\"ImageObject\",\"inLanguage\":\"pl-PL\",\"@id\":\"https:\\\/\\\/mikolow.eu\\\/odpady\\\/#\\\/schema\\\/logo\\\/image\\\/\",\"url\":\"https:\\\/\\\/mikolow.eu\\\/odpady\\\/wp-content\\\/uploads\\\/sites\\\/13\\\/2020\\\/04\\\/cropped-logo_v16-1.png\",\"contentUrl\":\"https:\\\/\\\/mikolow.eu\\\/odpady\\\/wp-content\\\/uploads\\\/sites\\\/13\\\/2020\\\/04\\\/cropped-logo_v16-1.png\",\"width\":1013,\"height\":250,\"caption\":\"odpady\"},\"image\":{\"@id\":\"https:\\\/\\\/mikolow.eu\\\/odpady\\\/#\\\/schema\\\/logo\\\/image\\\/\"}}]}<\/script>\n<!-- \/ Yoast SEO plugin. -->","yoast_head_json":{"title":"Akcja Segregacja - odpady","robots":{"index":"index","follow":"follow","max-snippet":"max-snippet:-1","max-image-preview":"max-image-preview:large","max-video-preview":"max-video-preview:-1"},"canonical":"https:\/\/mikolow.eu\/odpady\/edukacja\/akcja-segregacja\/","og_locale":"pl_PL","og_type":"article","og_title":"Akcja Segregacja - odpady","og_description":"SEGREGUJEMY, BO DBAMY O TO, CO MAMY! Segregacja odpad\u00f3w to nasz wsp\u00f3lny obowi\u0105zek. Nie zawsze jest on \u0142atwy i oczywisty, dlatego ruszamy z pomoc\u0105. Koniec z dylematami pt. ? do kt\u00f3rego pojemnika mam to wyrzuci\u0107??. Przedstawiamy Wam plakaty i filmiki edukacyjne naszej Akcji Segregacji, kt\u00f3re pomog\u0105 rozwia\u0107 w\u0105tpliwo\u015bci dotycz\u0105ce sortowania przydomowych odpad\u00f3w. Segregujemy, bo dbamy","og_url":"https:\/\/mikolow.eu\/odpady\/edukacja\/akcja-segregacja\/","og_site_name":"odpady","article_modified_time":"2021-04-12T07:27:40+00:00","og_image":[{"width":800,"height":800,"url":"https:\/\/mikolow.eu\/odpady\/wp-content\/uploads\/sites\/13\/2021\/03\/logo_akcja.png","type":"image\/png"}],"twitter_card":"summary_large_image","twitter_misc":{"Szacowany czas czytania":"3 minuty"},"schema":{"@context":"https:\/\/schema.org","@graph":[{"@type":"WebPage","@id":"https:\/\/mikolow.eu\/odpady\/edukacja\/akcja-segregacja\/","url":"https:\/\/mikolow.eu\/odpady\/edukacja\/akcja-segregacja\/","name":"Akcja Segregacja - odpady","isPartOf":{"@id":"https:\/\/mikolow.eu\/odpady\/#website"},"primaryImageOfPage":{"@id":"https:\/\/mikolow.eu\/odpady\/edukacja\/akcja-segregacja\/#primaryimage"},"image":{"@id":"https:\/\/mikolow.eu\/odpady\/edukacja\/akcja-segregacja\/#primaryimage"},"thumbnailUrl":"https:\/\/mikolow.eu\/odpady\/wp-content\/uploads\/sites\/13\/2021\/03\/logo_akcja.png","datePublished":"2021-03-24T07:51:21+00:00","dateModified":"2021-04-12T07:27:40+00:00","breadcrumb":{"@id":"https:\/\/mikolow.eu\/odpady\/edukacja\/akcja-segregacja\/#breadcrumb"},"inLanguage":"pl-PL","potentialAction":[{"@type":"ReadAction","target":["https:\/\/mikolow.eu\/odpady\/edukacja\/akcja-segregacja\/"]}]},{"@type":"ImageObject","inLanguage":"pl-PL","@id":"https:\/\/mikolow.eu\/odpady\/edukacja\/akcja-segregacja\/#primaryimage","url":"https:\/\/mikolow.eu\/odpady\/wp-content\/uploads\/sites\/13\/2021\/03\/logo_akcja.png","contentUrl":"https:\/\/mikolow.eu\/odpady\/wp-content\/uploads\/sites\/13\/2021\/03\/logo_akcja.png","width":800,"height":800},{"@type":"BreadcrumbList","@id":"https:\/\/mikolow.eu\/odpady\/edukacja\/akcja-segregacja\/#breadcrumb","itemListElement":[{"@type":"ListItem","position":1,"name":"Strona g\u0142\u00f3wna","item":"https:\/\/mikolow.eu\/odpady\/"},{"@type":"ListItem","position":2,"name":"EDUKACJA","item":"https:\/\/mikolow.eu\/odpady\/edukacja\/"},{"@type":"ListItem","position":3,"name":"Akcja Segregacja"}]},{"@type":"WebSite","@id":"https:\/\/mikolow.eu\/odpady\/#website","url":"https:\/\/mikolow.eu\/odpady\/","name":"odpady","description":"odpady","publisher":{"@id":"https:\/\/mikolow.eu\/odpady\/#organization"},"potentialAction":[{"@type":"SearchAction","target":{"@type":"EntryPoint","urlTemplate":"https:\/\/mikolow.eu\/odpady\/?s={search_term_string}"},"query-input":{"@type":"PropertyValueSpecification","valueRequired":true,"valueName":"search_term_string"}}],"inLanguage":"pl-PL"},{"@type":"Organization","@id":"https:\/\/mikolow.eu\/odpady\/#organization","name":"odpady","url":"https:\/\/mikolow.eu\/odpady\/","logo":{"@type":"ImageObject","inLanguage":"pl-PL","@id":"https:\/\/mikolow.eu\/odpady\/#\/schema\/logo\/image\/","url":"https:\/\/mikolow.eu\/odpady\/wp-content\/uploads\/sites\/13\/2020\/04\/cropped-logo_v16-1.png","contentUrl":"https:\/\/mikolow.eu\/odpady\/wp-content\/uploads\/sites\/13\/2020\/04\/cropped-logo_v16-1.png","width":1013,"height":250,"caption":"odpady"},"image":{"@id":"https:\/\/mikolow.eu\/odpady\/#\/schema\/logo\/image\/"}}]}},"_links":{"self":[{"href":"https:\/\/mikolow.eu\/odpady\/wp-json\/wp\/v2\/pages\/2250","targetHints":{"allow":["GET"]}}],"collection":[{"href":"https:\/\/mikolow.eu\/odpady\/wp-json\/wp\/v2\/pages"}],"about":[{"href":"https:\/\/mikolow.eu\/odpady\/wp-json\/wp\/v2\/types\/page"}],"author":[{"embeddable":true,"href":"https:\/\/mikolow.eu\/odpady\/wp-json\/wp\/v2\/users\/20"}],"replies":[{"embeddable":true,"href":"https:\/\/mikolow.eu\/odpady\/wp-json\/wp\/v2\/comments?post=2250"}],"version-history":[{"count":200,"href":"https:\/\/mikolow.eu\/odpady\/wp-json\/wp\/v2\/pages\/2250\/revisions"}],"predecessor-version":[{"id":2663,"href":"https:\/\/mikolow.eu\/odpady\/wp-json\/wp\/v2\/pages\/2250\/revisions\/2663"}],"up":[{"embeddable":true,"href":"https:\/\/mikolow.eu\/odpady\/wp-json\/wp\/v2\/pages\/36"}],"wp:featuredmedia":[{"embeddable":true,"href":"https:\/\/mikolow.eu\/odpady\/wp-json\/wp\/v2\/media\/2257"}],"wp:attachment":[{"href":"https:\/\/mikolow.eu\/odpady\/wp-json\/wp\/v2\/media?parent=2250"}],"curies":[{"name":"wp","href":"https:\/\/api.w.org\/{rel}","templated":true}]}}