{"id":224,"date":"2020-03-04T15:21:43","date_gmt":"2020-03-04T14:21:43","guid":{"rendered":"http:\/\/mikolow.eu\/testowa\/?page_id=224"},"modified":"2025-11-12T13:26:43","modified_gmt":"2025-11-12T12:26:43","slug":"deklaracje","status":"publish","type":"page","link":"https:\/\/mikolow.eu\/odpady\/oplaty\/deklaracje\/","title":{"rendered":"Deklaracje"},"content":{"rendered":"\n<p class=\"has-background\" style=\"background-color:#e2e2e2;font-size:23px\">KTO SK\u0141ADA DEKLARACJ\u0118?<\/p>\n\n\n\n<p class=\"has-text-align-left\">Zobowi\u0105zanym do&nbsp;z\u0142o\u017cenia deklaracji jest w\u0142a\u015bciciel nieruchomo\u015bci a&nbsp;tak\u017ce wsp\u00f3\u0142w\u0142a\u015bciciel, u\u017cytkownik wieczysty oraz&nbsp;jednostki organizacyjne i&nbsp;osoby posiadaj\u0105ce nieruchomo\u015bci w&nbsp;zarz\u0105dzie lub u\u017cytkowaniu, a&nbsp;tak\u017ce inne podmioty w\u0142adaj\u0105ce nieruchomo\u015bci\u0105. Je\u017celi nieruchomo\u015b\u0107 jest zabudowana budynkami wielolokalowymi, w&nbsp;kt\u00f3rych&nbsp;ustanowiono odr\u0119bn\u0105 w\u0142asno\u015b\u0107 lokali, obowi\u0105zki w\u0142a\u015bciciela nieruchomo\u015bci wsp\u00f3lnej oraz&nbsp;w\u0142a\u015bciciela lokalu obci\u0105\u017caj\u0105 wsp\u00f3lnot\u0119 mieszkaniow\u0105 albo&nbsp;sp\u00f3\u0142dzielni\u0119 mieszkaniow\u0105. <\/p>\n\n\n\n<p class=\"has-background\" style=\"background-color:#e2e2e2;font-size:23px\">KIEDY NALE\u017bY Z\u0141O\u017bY\u0106 DEKLARACJ\u0118?<\/p>\n\n\n\n<p class=\"has-vivid-red-color has-text-color\">Uwaga! Od&nbsp;6 wrze\u015bnia 2019 r. uleg\u0142y zmianie&nbsp; terminy sk\u0142adania deklaracji w&nbsp;przypadku zmiany danych b\u0119d\u0105cych&nbsp; podstaw\u0105 ustalenia wysoko\u015bci nale\u017cnej op\u0142aty za&nbsp;gospodarowanie odpadami komunalnymi<\/p>\n\n\n\n<ul class=\"wp-block-list\">\n<li>Pierwsza deklaracja ?&nbsp;<strong>w&nbsp;terminie 14 dni<\/strong>&nbsp;od&nbsp;dnia zamieszkania na&nbsp;danej nieruchomo\u015bci mieszka\u0144ca(nieruchomo\u015bci zamieszka\u0142e) lub powstania odpad\u00f3w komunalnych (nieruchomo\u015bci niezamieszka\u0142e)<\/li>\n<\/ul>\n\n\n\n<ul class=\"wp-block-list\">\n<li>&nbsp;zmiana deklaracji (nowa deklaracja) &#8211; <strong>w terminie do 10. dnia&nbsp;miesi\u0105ca nast\u0119puj\u0105cego po miesi\u0105cu, w kt\u00f3rym nast\u0105pi\u0142a zmiana,<\/strong> b\u0119d\u0105ca podstaw\u0105 ustalenia wysoko\u015bci nale\u017cnej op\u0142aty za gospodarowanie odpadami komunalnymi (zmiana ilo\u015bci mieszka\u0144c\u00f3w, zmiana w\u0142a\u015bciciela, zmiana ilo\u015bci pojemnik\u00f3w na terenie nieruchomo\u015bci niezamieszka\u0142ej,  zwolnienie z cz\u0119\u015bci op\u0142aty z tytu\u0142u posiadania kompostownika przydomowego i kompostowania w nim  bioodpad\u00f3w stanowi\u0105cych odpady komunalne)  <\/li>\n<\/ul>\n\n\n\n<p><\/p>\n\n\n\n<ul class=\"wp-block-list\">\n<li><strong>W\u0142a\u015bciciel nieruchomo\u015bci nie&nbsp;mo\u017ce z\u0142o\u017cy\u0107 deklaracji zmniejszaj\u0105cej wysoko\u015b\u0107 zobowi\u0105zania z&nbsp;tytu\u0142u op\u0142aty za&nbsp;gospodarowanie odpadami komunalnymi za&nbsp;okres wsteczny.<\/strong><\/li>\n<\/ul>\n\n\n\n<ul class=\"wp-block-list\">\n<li><strong>W&nbsp;przypadku \u015bmierci mieszka\u0144ca w\u0142a\u015bciciel nieruchomo\u015bci sk\u0142ada now\u0105 deklaracj\u0119 zmniejszaj\u0105c\u0105 wysoko\u015b\u0107 op\u0142aty w&nbsp;terminie do&nbsp;6 miesi\u0119cy od&nbsp;dnia tego zdarzenia.<\/strong><\/li>\n<\/ul>\n\n\n\n<p class=\"has-background\" style=\"background-color:#e2e2e2;font-size:23px\">WZORY DEKLARACJI<\/p>\n\n\n\n<div class=\"wp-block-columns is-layout-flex wp-container-core-columns-is-layout-9d6595d7 wp-block-columns-is-layout-flex\">\n<div class=\"wp-block-column is-layout-flow wp-block-column-is-layout-flow\">\n<div class=\"wp-block-button has-custom-width wp-block-button__width-100\"><a class=\"wp-block-button__link has-background has-small-font-size has-custom-font-size wp-element-button\" href=\"https:\/\/epuap.gov.pl\/wps\/portal\/strefa-klienta\/katalog-spraw\/opis-uslugi\/deklaracje-o-wysokosci-oplaty-za-gospodarowanie-odpadami-komunalnymi\/um_mikolow\" style=\"background-color:#00529f\" target=\"_blank\" rel=\"noreferrer noopener\">Z\u0141\u00d3\u017b DEKLARACJ\u0118 PRZEZ EPUAP<\/a><\/div>\n\n\n\n<p><strong>UWAGA! Podczas  sk\u0142adania deklaracji przez ePUAP zalecamy korzystanie z przegl\u0105darki Firefox.<\/strong> Prosimy o sprawdzenie prawid\u0142owo\u015bci deklaracji przed wys\u0142aniem oraz uzyskanie potwierdzenia wys\u0142ania deklaracji.<\/p>\n\n\n\n<p><\/p>\n\n\n\n<div class=\"wp-block-buttons is-layout-flex wp-block-buttons-is-layout-flex\"><\/div>\n<\/div>\n\n\n\n<div class=\"wp-block-column is-layout-flow wp-block-column-is-layout-flow\" style=\"flex-basis:20px\"><\/div>\n\n\n\n<div class=\"wp-block-column is-layout-flow wp-block-column-is-layout-flow\">\n<div class=\"wp-block-buttons is-layout-flex wp-block-buttons-is-layout-flex\">\n\n<\/div>\n\n\n\n<div class=\"wp-block-file\"><a id=\"wp-block-file--media-1f6a6241-31b1-4936-83e7-658ea66999f3\" href=\"https:\/\/mikolow.eu\/odpady\/wp-content\/uploads\/sites\/13\/2025\/11\/DEKLARACJA-2025-od-10.11.2025.pdf\">WZ\u00d3R DEKLARACJI OBOWI\u0104ZUJ\u0104CY OD 10.11.2025 r.  <\/a><\/div>\n\n\n\n<div class=\"wp-block-file\"><a id=\"wp-block-file--media-09773837-180e-4d61-a887-718b1b406380\" href=\"https:\/\/mikolow.eu\/odpady\/wp-content\/uploads\/sites\/13\/2024\/04\/DEKLARACJA-obowiazujaca-od-23.04.2024.pdf\">ARCHIWALNY WZ\u00d3R DEKLARACJI &#8211; OBOWI\u0104ZUJ\u0104CY OD 23.04.2024 r. DO 09.11.2025 r.<\/a><\/div>\n\n\n\n<div class=\"wp-block-file\"><a id=\"wp-block-file--media-9022f547-ef73-471d-98f6-aab8fb786faf\" href=\"http:\/\/mikolow.eu\/odpady\/wp-content\/uploads\/sites\/13\/2022\/01\/wzor_deklaracji_2022-2.pdf\">ARCHIWALNY WZ\u00d3R DEKLARACJI &#8211; OBOWI\u0104ZUJ\u0104CY OD 01.01.2022 r. DO 22.04.2024 r.<\/a><\/div>\n\n\n\n<div class=\"wp-block-file\"><a id=\"wp-block-file--media-9b784565-0c3e-4839-aee5-5cede3a72e84\" href=\"http:\/\/mikolow.eu\/odpady\/wp-content\/uploads\/sites\/13\/2020\/12\/wzor_deklaracji_2021.pdf\">ARCHIWALNY WZ\u00d3R DEKLARACJI &#8211; OBOWI\u0104ZUJ\u0104CY OD 01.01.2021 r. DO 31.12.2021 r.<\/a><\/div>\n\n\n\n<div class=\"wp-block-file\"><a id=\"wp-block-file--media-e46a3666-b71c-4857-8528-9992348ae15d\" href=\"http:\/\/mikolow.eu\/odpady\/wp-content\/uploads\/sites\/13\/2020\/12\/wzor_deklaracji_2020.pdf\">ARCHIWALNY WZ\u00d3R DEKLARACJI &#8211; OBOWI\u0104ZUJ\u0104CY OD 01.03.2020 r. DO 31.12.2020 r.<\/a><\/div>\n\n\n\n<div class=\"wp-block-group\"><div class=\"wp-block-group__inner-container is-layout-constrained wp-block-group-is-layout-constrained\">\n<blockquote class=\"wp-block-quote is-layout-flow wp-block-quote-is-layout-flow\">\n<p><\/p>\n<\/blockquote>\n<\/div><\/div>\n<\/div>\n<\/div>\n\n\n\n<div class=\"wp-block-buttons is-layout-flex wp-block-buttons-is-layout-flex\">\n<div class=\"wp-block-button has-custom-width wp-block-button__width-100\"><a class=\"wp-block-button__link has-background has-medium-font-size has-custom-font-size wp-element-button\" href=\"https:\/\/przyjazne-deklaracje.pl\/mikolow\/\" style=\"background-color:#00529f\" target=\"_blank\" rel=\"noreferrer noopener\">Z\u0141\u00d3\u017b DEKLARACJ\u0118 PRZEZ PORTAL  &#8222;PRZYJAZNE DEKLARACJE&#8221;<\/a><\/div>\n<\/div>\n\n\n\n<p><\/p>\n\n\n\n<p><\/p>\n","protected":false},"excerpt":{"rendered":"<p>KTO SK\u0141ADA DEKLARACJ\u0118? Zobowi\u0105zanym do&nbsp;z\u0142o\u017cenia deklaracji jest w\u0142a\u015bciciel nieruchomo\u015bci a&nbsp;tak\u017ce wsp\u00f3\u0142w\u0142a\u015bciciel, u\u017cytkownik wieczysty oraz&nbsp;jednostki organizacyjne i&nbsp;osoby posiadaj\u0105ce nieruchomo\u015bci w&nbsp;zarz\u0105dzie lub u\u017cytkowaniu, a&nbsp;tak\u017ce inne podmioty w\u0142adaj\u0105ce nieruchomo\u015bci\u0105. Je\u017celi nieruchomo\u015b\u0107 jest zabudowana budynkami wielolokalowymi, w&nbsp;kt\u00f3rych&nbsp;ustanowiono odr\u0119bn\u0105 w\u0142asno\u015b\u0107 lokali, obowi\u0105zki w\u0142a\u015bciciela nieruchomo\u015bci wsp\u00f3lnej oraz&nbsp;w\u0142a\u015bciciela lokalu obci\u0105\u017caj\u0105 wsp\u00f3lnot\u0119 mieszkaniow\u0105 albo&nbsp;sp\u00f3\u0142dzielni\u0119 mieszkaniow\u0105. KIEDY NALE\u017bY Z\u0141O\u017bY\u0106 DEKLARACJ\u0118? Uwaga! Od&nbsp;6 wrze\u015bnia 2019<\/p>\n","protected":false},"author":20,"featured_media":289,"parent":164,"menu_order":0,"comment_status":"closed","ping_status":"closed","template":"przyroda.php","meta":{"_acf_changed":false,"footnotes":""},"class_list":["post-224","page","type-page","status-publish","has-post-thumbnail","hentry"],"acf":[],"yoast_head":"<!-- This site is optimized with the Yoast SEO plugin v27.4 - https:\/\/yoast.com\/product\/yoast-seo-wordpress\/ -->\n<title>Deklaracje - odpady<\/title>\n<meta name=\"robots\" content=\"index, follow, max-snippet:-1, max-image-preview:large, max-video-preview:-1\" \/>\n<link rel=\"canonical\" href=\"https:\/\/mikolow.eu\/odpady\/oplaty\/deklaracje\/\" \/>\n<meta property=\"og:locale\" content=\"pl_PL\" \/>\n<meta property=\"og:type\" content=\"article\" \/>\n<meta property=\"og:title\" content=\"Deklaracje - odpady\" \/>\n<meta property=\"og:description\" content=\"KTO SK\u0141ADA DEKLARACJ\u0118? Zobowi\u0105zanym do&nbsp;z\u0142o\u017cenia deklaracji jest w\u0142a\u015bciciel nieruchomo\u015bci a&nbsp;tak\u017ce wsp\u00f3\u0142w\u0142a\u015bciciel, u\u017cytkownik wieczysty oraz&nbsp;jednostki organizacyjne i&nbsp;osoby posiadaj\u0105ce nieruchomo\u015bci w&nbsp;zarz\u0105dzie lub u\u017cytkowaniu, a&nbsp;tak\u017ce inne podmioty w\u0142adaj\u0105ce nieruchomo\u015bci\u0105. Je\u017celi nieruchomo\u015b\u0107 jest zabudowana budynkami wielolokalowymi, w&nbsp;kt\u00f3rych&nbsp;ustanowiono odr\u0119bn\u0105 w\u0142asno\u015b\u0107 lokali, obowi\u0105zki w\u0142a\u015bciciela nieruchomo\u015bci wsp\u00f3lnej oraz&nbsp;w\u0142a\u015bciciela lokalu obci\u0105\u017caj\u0105 wsp\u00f3lnot\u0119 mieszkaniow\u0105 albo&nbsp;sp\u00f3\u0142dzielni\u0119 mieszkaniow\u0105. KIEDY NALE\u017bY Z\u0141O\u017bY\u0106 DEKLARACJ\u0118? Uwaga! Od&nbsp;6 wrze\u015bnia 2019\" \/>\n<meta property=\"og:url\" content=\"https:\/\/mikolow.eu\/odpady\/oplaty\/deklaracje\/\" \/>\n<meta property=\"og:site_name\" content=\"odpady\" \/>\n<meta property=\"article:modified_time\" content=\"2025-11-12T12:26:43+00:00\" \/>\n<meta property=\"og:image\" content=\"http:\/\/mikolow.eu\/odpady\/wp-content\/uploads\/sites\/13\/2020\/03\/writing-828911_640.jpg\" \/>\n\t<meta property=\"og:image:width\" content=\"640\" \/>\n\t<meta property=\"og:image:height\" content=\"426\" \/>\n\t<meta property=\"og:image:type\" content=\"image\/jpeg\" \/>\n<meta name=\"twitter:card\" content=\"summary_large_image\" \/>\n<meta name=\"twitter:label1\" content=\"Szacowany czas czytania\" \/>\n\t<meta name=\"twitter:data1\" content=\"2 minuty\" \/>\n<script type=\"application\/ld+json\" class=\"yoast-schema-graph\">{\"@context\":\"https:\\\/\\\/schema.org\",\"@graph\":[{\"@type\":\"WebPage\",\"@id\":\"https:\\\/\\\/mikolow.eu\\\/odpady\\\/oplaty\\\/deklaracje\\\/\",\"url\":\"https:\\\/\\\/mikolow.eu\\\/odpady\\\/oplaty\\\/deklaracje\\\/\",\"name\":\"Deklaracje - odpady\",\"isPartOf\":{\"@id\":\"https:\\\/\\\/mikolow.eu\\\/odpady\\\/#website\"},\"primaryImageOfPage\":{\"@id\":\"https:\\\/\\\/mikolow.eu\\\/odpady\\\/oplaty\\\/deklaracje\\\/#primaryimage\"},\"image\":{\"@id\":\"https:\\\/\\\/mikolow.eu\\\/odpady\\\/oplaty\\\/deklaracje\\\/#primaryimage\"},\"thumbnailUrl\":\"https:\\\/\\\/mikolow.eu\\\/odpady\\\/wp-content\\\/uploads\\\/sites\\\/13\\\/2020\\\/03\\\/writing-828911_640.jpg\",\"datePublished\":\"2020-03-04T14:21:43+00:00\",\"dateModified\":\"2025-11-12T12:26:43+00:00\",\"breadcrumb\":{\"@id\":\"https:\\\/\\\/mikolow.eu\\\/odpady\\\/oplaty\\\/deklaracje\\\/#breadcrumb\"},\"inLanguage\":\"pl-PL\",\"potentialAction\":[{\"@type\":\"ReadAction\",\"target\":[\"https:\\\/\\\/mikolow.eu\\\/odpady\\\/oplaty\\\/deklaracje\\\/\"]}]},{\"@type\":\"ImageObject\",\"inLanguage\":\"pl-PL\",\"@id\":\"https:\\\/\\\/mikolow.eu\\\/odpady\\\/oplaty\\\/deklaracje\\\/#primaryimage\",\"url\":\"https:\\\/\\\/mikolow.eu\\\/odpady\\\/wp-content\\\/uploads\\\/sites\\\/13\\\/2020\\\/03\\\/writing-828911_640.jpg\",\"contentUrl\":\"https:\\\/\\\/mikolow.eu\\\/odpady\\\/wp-content\\\/uploads\\\/sites\\\/13\\\/2020\\\/03\\\/writing-828911_640.jpg\",\"width\":640,\"height\":426},{\"@type\":\"BreadcrumbList\",\"@id\":\"https:\\\/\\\/mikolow.eu\\\/odpady\\\/oplaty\\\/deklaracje\\\/#breadcrumb\",\"itemListElement\":[{\"@type\":\"ListItem\",\"position\":1,\"name\":\"Strona g\u0142\u00f3wna\",\"item\":\"https:\\\/\\\/mikolow.eu\\\/odpady\\\/\"},{\"@type\":\"ListItem\",\"position\":2,\"name\":\"OP\u0141ATY\",\"item\":\"https:\\\/\\\/mikolow.eu\\\/odpady\\\/oplaty\\\/\"},{\"@type\":\"ListItem\",\"position\":3,\"name\":\"Deklaracje\"}]},{\"@type\":\"WebSite\",\"@id\":\"https:\\\/\\\/mikolow.eu\\\/odpady\\\/#website\",\"url\":\"https:\\\/\\\/mikolow.eu\\\/odpady\\\/\",\"name\":\"odpady\",\"description\":\"odpady\",\"publisher\":{\"@id\":\"https:\\\/\\\/mikolow.eu\\\/odpady\\\/#organization\"},\"potentialAction\":[{\"@type\":\"SearchAction\",\"target\":{\"@type\":\"EntryPoint\",\"urlTemplate\":\"https:\\\/\\\/mikolow.eu\\\/odpady\\\/?s={search_term_string}\"},\"query-input\":{\"@type\":\"PropertyValueSpecification\",\"valueRequired\":true,\"valueName\":\"search_term_string\"}}],\"inLanguage\":\"pl-PL\"},{\"@type\":\"Organization\",\"@id\":\"https:\\\/\\\/mikolow.eu\\\/odpady\\\/#organization\",\"name\":\"odpady\",\"url\":\"https:\\\/\\\/mikolow.eu\\\/odpady\\\/\",\"logo\":{\"@type\":\"ImageObject\",\"inLanguage\":\"pl-PL\",\"@id\":\"https:\\\/\\\/mikolow.eu\\\/odpady\\\/#\\\/schema\\\/logo\\\/image\\\/\",\"url\":\"https:\\\/\\\/mikolow.eu\\\/odpady\\\/wp-content\\\/uploads\\\/sites\\\/13\\\/2020\\\/04\\\/cropped-logo_v16-1.png\",\"contentUrl\":\"https:\\\/\\\/mikolow.eu\\\/odpady\\\/wp-content\\\/uploads\\\/sites\\\/13\\\/2020\\\/04\\\/cropped-logo_v16-1.png\",\"width\":1013,\"height\":250,\"caption\":\"odpady\"},\"image\":{\"@id\":\"https:\\\/\\\/mikolow.eu\\\/odpady\\\/#\\\/schema\\\/logo\\\/image\\\/\"}}]}<\/script>\n<!-- \/ Yoast SEO plugin. -->","yoast_head_json":{"title":"Deklaracje - odpady","robots":{"index":"index","follow":"follow","max-snippet":"max-snippet:-1","max-image-preview":"max-image-preview:large","max-video-preview":"max-video-preview:-1"},"canonical":"https:\/\/mikolow.eu\/odpady\/oplaty\/deklaracje\/","og_locale":"pl_PL","og_type":"article","og_title":"Deklaracje - odpady","og_description":"KTO SK\u0141ADA DEKLARACJ\u0118? Zobowi\u0105zanym do&nbsp;z\u0142o\u017cenia deklaracji jest w\u0142a\u015bciciel nieruchomo\u015bci a&nbsp;tak\u017ce wsp\u00f3\u0142w\u0142a\u015bciciel, u\u017cytkownik wieczysty oraz&nbsp;jednostki organizacyjne i&nbsp;osoby posiadaj\u0105ce nieruchomo\u015bci w&nbsp;zarz\u0105dzie lub u\u017cytkowaniu, a&nbsp;tak\u017ce inne podmioty w\u0142adaj\u0105ce nieruchomo\u015bci\u0105. Je\u017celi nieruchomo\u015b\u0107 jest zabudowana budynkami wielolokalowymi, w&nbsp;kt\u00f3rych&nbsp;ustanowiono odr\u0119bn\u0105 w\u0142asno\u015b\u0107 lokali, obowi\u0105zki w\u0142a\u015bciciela nieruchomo\u015bci wsp\u00f3lnej oraz&nbsp;w\u0142a\u015bciciela lokalu obci\u0105\u017caj\u0105 wsp\u00f3lnot\u0119 mieszkaniow\u0105 albo&nbsp;sp\u00f3\u0142dzielni\u0119 mieszkaniow\u0105. KIEDY NALE\u017bY Z\u0141O\u017bY\u0106 DEKLARACJ\u0118? Uwaga! Od&nbsp;6 wrze\u015bnia 2019","og_url":"https:\/\/mikolow.eu\/odpady\/oplaty\/deklaracje\/","og_site_name":"odpady","article_modified_time":"2025-11-12T12:26:43+00:00","og_image":[{"width":640,"height":426,"url":"http:\/\/mikolow.eu\/odpady\/wp-content\/uploads\/sites\/13\/2020\/03\/writing-828911_640.jpg","type":"image\/jpeg"}],"twitter_card":"summary_large_image","twitter_misc":{"Szacowany czas czytania":"2 minuty"},"schema":{"@context":"https:\/\/schema.org","@graph":[{"@type":"WebPage","@id":"https:\/\/mikolow.eu\/odpady\/oplaty\/deklaracje\/","url":"https:\/\/mikolow.eu\/odpady\/oplaty\/deklaracje\/","name":"Deklaracje - odpady","isPartOf":{"@id":"https:\/\/mikolow.eu\/odpady\/#website"},"primaryImageOfPage":{"@id":"https:\/\/mikolow.eu\/odpady\/oplaty\/deklaracje\/#primaryimage"},"image":{"@id":"https:\/\/mikolow.eu\/odpady\/oplaty\/deklaracje\/#primaryimage"},"thumbnailUrl":"https:\/\/mikolow.eu\/odpady\/wp-content\/uploads\/sites\/13\/2020\/03\/writing-828911_640.jpg","datePublished":"2020-03-04T14:21:43+00:00","dateModified":"2025-11-12T12:26:43+00:00","breadcrumb":{"@id":"https:\/\/mikolow.eu\/odpady\/oplaty\/deklaracje\/#breadcrumb"},"inLanguage":"pl-PL","potentialAction":[{"@type":"ReadAction","target":["https:\/\/mikolow.eu\/odpady\/oplaty\/deklaracje\/"]}]},{"@type":"ImageObject","inLanguage":"pl-PL","@id":"https:\/\/mikolow.eu\/odpady\/oplaty\/deklaracje\/#primaryimage","url":"https:\/\/mikolow.eu\/odpady\/wp-content\/uploads\/sites\/13\/2020\/03\/writing-828911_640.jpg","contentUrl":"https:\/\/mikolow.eu\/odpady\/wp-content\/uploads\/sites\/13\/2020\/03\/writing-828911_640.jpg","width":640,"height":426},{"@type":"BreadcrumbList","@id":"https:\/\/mikolow.eu\/odpady\/oplaty\/deklaracje\/#breadcrumb","itemListElement":[{"@type":"ListItem","position":1,"name":"Strona g\u0142\u00f3wna","item":"https:\/\/mikolow.eu\/odpady\/"},{"@type":"ListItem","position":2,"name":"OP\u0141ATY","item":"https:\/\/mikolow.eu\/odpady\/oplaty\/"},{"@type":"ListItem","position":3,"name":"Deklaracje"}]},{"@type":"WebSite","@id":"https:\/\/mikolow.eu\/odpady\/#website","url":"https:\/\/mikolow.eu\/odpady\/","name":"odpady","description":"odpady","publisher":{"@id":"https:\/\/mikolow.eu\/odpady\/#organization"},"potentialAction":[{"@type":"SearchAction","target":{"@type":"EntryPoint","urlTemplate":"https:\/\/mikolow.eu\/odpady\/?s={search_term_string}"},"query-input":{"@type":"PropertyValueSpecification","valueRequired":true,"valueName":"search_term_string"}}],"inLanguage":"pl-PL"},{"@type":"Organization","@id":"https:\/\/mikolow.eu\/odpady\/#organization","name":"odpady","url":"https:\/\/mikolow.eu\/odpady\/","logo":{"@type":"ImageObject","inLanguage":"pl-PL","@id":"https:\/\/mikolow.eu\/odpady\/#\/schema\/logo\/image\/","url":"https:\/\/mikolow.eu\/odpady\/wp-content\/uploads\/sites\/13\/2020\/04\/cropped-logo_v16-1.png","contentUrl":"https:\/\/mikolow.eu\/odpady\/wp-content\/uploads\/sites\/13\/2020\/04\/cropped-logo_v16-1.png","width":1013,"height":250,"caption":"odpady"},"image":{"@id":"https:\/\/mikolow.eu\/odpady\/#\/schema\/logo\/image\/"}}]}},"_links":{"self":[{"href":"https:\/\/mikolow.eu\/odpady\/wp-json\/wp\/v2\/pages\/224","targetHints":{"allow":["GET"]}}],"collection":[{"href":"https:\/\/mikolow.eu\/odpady\/wp-json\/wp\/v2\/pages"}],"about":[{"href":"https:\/\/mikolow.eu\/odpady\/wp-json\/wp\/v2\/types\/page"}],"author":[{"embeddable":true,"href":"https:\/\/mikolow.eu\/odpady\/wp-json\/wp\/v2\/users\/20"}],"replies":[{"embeddable":true,"href":"https:\/\/mikolow.eu\/odpady\/wp-json\/wp\/v2\/comments?post=224"}],"version-history":[{"count":80,"href":"https:\/\/mikolow.eu\/odpady\/wp-json\/wp\/v2\/pages\/224\/revisions"}],"predecessor-version":[{"id":4063,"href":"https:\/\/mikolow.eu\/odpady\/wp-json\/wp\/v2\/pages\/224\/revisions\/4063"}],"up":[{"embeddable":true,"href":"https:\/\/mikolow.eu\/odpady\/wp-json\/wp\/v2\/pages\/164"}],"wp:featuredmedia":[{"embeddable":true,"href":"https:\/\/mikolow.eu\/odpady\/wp-json\/wp\/v2\/media\/289"}],"wp:attachment":[{"href":"https:\/\/mikolow.eu\/odpady\/wp-json\/wp\/v2\/media?parent=224"}],"curies":[{"name":"wp","href":"https:\/\/api.w.org\/{rel}","templated":true}]}}