{"id":2166,"date":"2021-03-23T11:45:05","date_gmt":"2021-03-23T10:45:05","guid":{"rendered":"http:\/\/mikolow.eu\/odpady\/?page_id=2166"},"modified":"2023-01-13T10:34:05","modified_gmt":"2023-01-13T09:34:05","slug":"pszok-dane-kontaktowe","status":"publish","type":"page","link":"https:\/\/mikolow.eu\/odpady\/gospodarowanie-odpadami\/pszok-mikolow\/pszok-dane-kontaktowe\/","title":{"rendered":"Kontakt"},"content":{"rendered":"\n<p class=\"has-background\" style=\"background-color:#f7f7f7\"><strong>KONTAKT<\/strong><\/p>\n\n\n\n<div class=\"wp-block-columns is-layout-flex wp-container-core-columns-is-layout-9d6595d7 wp-block-columns-is-layout-flex\">\n<div class=\"wp-block-column is-layout-flow wp-block-column-is-layout-flow\">\n<p><strong>DANE TELEADRESOWE<\/strong><\/p>\n\n\n\n<p>Punkt Selektywnej Zbi\u00f3rki Odpad\u00f3w Komunalnych<\/p>\n\n\n\n<p>ul. Dzie\u0144dziela 44, 43-190 Miko\u0142\u00f3w<\/p>\n\n\n\n<p>tel. 32 22 64 187<\/p>\n\n\n\n<p>e-mail: <a href=\"mailto:zuk@zuk.mikolow.eu\" target=\"_blank\" rel=\"noreferrer noopener\">zuk@zuk.mikolow.eu<\/a><\/p>\n\n\n\n<p><\/p>\n\n\n\n<p><\/p>\n\n\n\n<p><strong>            <\/strong><\/p>\n\n\n\n<p><\/p>\n\n\n\n<p><\/p>\n\n\n\n<p><\/p>\n\n\n\n<p><\/p>\n\n\n\n<p>              <\/p>\n\n\n\n<p><\/p>\n\n\n\n<p>             <strong>OD 16.01.2023 ROKU<\/strong><\/p>\n\n\n\n<p> <strong>NOWE<\/strong>  <strong>GODZINY<\/strong> <strong>OTWARCIA PSZOK <\/strong><\/p>\n\n\n\n<p>          <\/p>\n\n\n\n<p>w okresie letnim&nbsp; kwiecie\u0144 &#8211; wrzesie\u0144 w dni robocze od poniedzia\u0142ku do pi\u0105tku w godzinach od 6:30 do 19:30<\/p>\n\n\n\n<p>w okresie zimowym pa\u017adziernik &#8211; marzec w dni robocze od poniedzia\u0142ku do pi\u0105tku w godzinach od 6:30 do 17:30&nbsp;<\/p>\n\n\n\n<p>w soboty w godzinach od 7:00 do 14:30.<\/p>\n\n\n\n<p><\/p>\n\n\n\n<p><\/p>\n\n\n\n<p class=\"has-text-align-left\"><\/p>\n\n\n\n<p class=\"has-text-align-left\"><\/p>\n\n\n\n<p class=\"has-text-align-left\"><\/p>\n\n\n\n<p><\/p>\n<\/div>\n\n\n\n<div class=\"wp-block-column is-layout-flow wp-block-column-is-layout-flow\"><\/div>\n<\/div>\n\n\n\n<p><\/p>\n","protected":false},"excerpt":{"rendered":"<p>KONTAKT DANE TELEADRESOWE Punkt Selektywnej Zbi\u00f3rki Odpad\u00f3w Komunalnych ul. Dzie\u0144dziela 44, 43-190 Miko\u0142\u00f3w tel. 32 22 64 187 e-mail: zuk@zuk.mikolow.eu OD 16.01.2023 ROKU NOWE GODZINY OTWARCIA PSZOK w okresie letnim&nbsp; kwiecie\u0144 &#8211; wrzesie\u0144 w dni robocze od poniedzia\u0142ku do pi\u0105tku w godzinach od 6:30 do 19:30 w okresie zimowym pa\u017adziernik &#8211; marzec w dni robocze<\/p>\n","protected":false},"author":20,"featured_media":2179,"parent":2175,"menu_order":2,"comment_status":"closed","ping_status":"closed","template":"przyroda.php","meta":{"_acf_changed":false,"footnotes":""},"class_list":["post-2166","page","type-page","status-publish","has-post-thumbnail","hentry"],"acf":[],"yoast_head":"<!-- This site is optimized with the Yoast SEO plugin v27.4 - https:\/\/yoast.com\/product\/yoast-seo-wordpress\/ -->\n<title>Kontakt - odpady<\/title>\n<meta name=\"robots\" content=\"index, follow, max-snippet:-1, max-image-preview:large, max-video-preview:-1\" \/>\n<link rel=\"canonical\" href=\"https:\/\/mikolow.eu\/odpady\/gospodarowanie-odpadami\/pszok-mikolow\/pszok-dane-kontaktowe\/\" \/>\n<meta property=\"og:locale\" content=\"pl_PL\" \/>\n<meta property=\"og:type\" content=\"article\" \/>\n<meta property=\"og:title\" content=\"Kontakt - odpady\" \/>\n<meta property=\"og:description\" content=\"KONTAKT DANE TELEADRESOWE Punkt Selektywnej Zbi\u00f3rki Odpad\u00f3w Komunalnych ul. Dzie\u0144dziela 44, 43-190 Miko\u0142\u00f3w tel. 32 22 64 187 e-mail: zuk@zuk.mikolow.eu OD 16.01.2023 ROKU NOWE GODZINY OTWARCIA PSZOK w okresie letnim&nbsp; kwiecie\u0144 &#8211; wrzesie\u0144 w dni robocze od poniedzia\u0142ku do pi\u0105tku w godzinach od 6:30 do 19:30 w okresie zimowym pa\u017adziernik &#8211; marzec w dni robocze\" \/>\n<meta property=\"og:url\" content=\"https:\/\/mikolow.eu\/odpady\/gospodarowanie-odpadami\/pszok-mikolow\/pszok-dane-kontaktowe\/\" \/>\n<meta property=\"og:site_name\" content=\"odpady\" \/>\n<meta property=\"article:modified_time\" content=\"2023-01-13T09:34:05+00:00\" \/>\n<meta property=\"og:image\" content=\"http:\/\/mikolow.eu\/odpady\/wp-content\/uploads\/sites\/13\/2021\/03\/contact-us-2993000_1920.jpg\" \/>\n\t<meta property=\"og:image:width\" content=\"1920\" \/>\n\t<meta property=\"og:image:height\" content=\"1271\" \/>\n\t<meta property=\"og:image:type\" content=\"image\/jpeg\" \/>\n<meta name=\"twitter:card\" content=\"summary_large_image\" \/>\n<meta name=\"twitter:label1\" content=\"Szacowany czas czytania\" \/>\n\t<meta name=\"twitter:data1\" content=\"1 minuta\" \/>\n<script type=\"application\/ld+json\" class=\"yoast-schema-graph\">{\"@context\":\"https:\\\/\\\/schema.org\",\"@graph\":[{\"@type\":\"WebPage\",\"@id\":\"https:\\\/\\\/mikolow.eu\\\/odpady\\\/gospodarowanie-odpadami\\\/pszok-mikolow\\\/pszok-dane-kontaktowe\\\/\",\"url\":\"https:\\\/\\\/mikolow.eu\\\/odpady\\\/gospodarowanie-odpadami\\\/pszok-mikolow\\\/pszok-dane-kontaktowe\\\/\",\"name\":\"Kontakt - odpady\",\"isPartOf\":{\"@id\":\"https:\\\/\\\/mikolow.eu\\\/odpady\\\/#website\"},\"primaryImageOfPage\":{\"@id\":\"https:\\\/\\\/mikolow.eu\\\/odpady\\\/gospodarowanie-odpadami\\\/pszok-mikolow\\\/pszok-dane-kontaktowe\\\/#primaryimage\"},\"image\":{\"@id\":\"https:\\\/\\\/mikolow.eu\\\/odpady\\\/gospodarowanie-odpadami\\\/pszok-mikolow\\\/pszok-dane-kontaktowe\\\/#primaryimage\"},\"thumbnailUrl\":\"https:\\\/\\\/mikolow.eu\\\/odpady\\\/wp-content\\\/uploads\\\/sites\\\/13\\\/2021\\\/03\\\/contact-us-2993000_1920.jpg\",\"datePublished\":\"2021-03-23T10:45:05+00:00\",\"dateModified\":\"2023-01-13T09:34:05+00:00\",\"breadcrumb\":{\"@id\":\"https:\\\/\\\/mikolow.eu\\\/odpady\\\/gospodarowanie-odpadami\\\/pszok-mikolow\\\/pszok-dane-kontaktowe\\\/#breadcrumb\"},\"inLanguage\":\"pl-PL\",\"potentialAction\":[{\"@type\":\"ReadAction\",\"target\":[\"https:\\\/\\\/mikolow.eu\\\/odpady\\\/gospodarowanie-odpadami\\\/pszok-mikolow\\\/pszok-dane-kontaktowe\\\/\"]}]},{\"@type\":\"ImageObject\",\"inLanguage\":\"pl-PL\",\"@id\":\"https:\\\/\\\/mikolow.eu\\\/odpady\\\/gospodarowanie-odpadami\\\/pszok-mikolow\\\/pszok-dane-kontaktowe\\\/#primaryimage\",\"url\":\"https:\\\/\\\/mikolow.eu\\\/odpady\\\/wp-content\\\/uploads\\\/sites\\\/13\\\/2021\\\/03\\\/contact-us-2993000_1920.jpg\",\"contentUrl\":\"https:\\\/\\\/mikolow.eu\\\/odpady\\\/wp-content\\\/uploads\\\/sites\\\/13\\\/2021\\\/03\\\/contact-us-2993000_1920.jpg\",\"width\":1920,\"height\":1271},{\"@type\":\"BreadcrumbList\",\"@id\":\"https:\\\/\\\/mikolow.eu\\\/odpady\\\/gospodarowanie-odpadami\\\/pszok-mikolow\\\/pszok-dane-kontaktowe\\\/#breadcrumb\",\"itemListElement\":[{\"@type\":\"ListItem\",\"position\":1,\"name\":\"Strona g\u0142\u00f3wna\",\"item\":\"https:\\\/\\\/mikolow.eu\\\/odpady\\\/\"},{\"@type\":\"ListItem\",\"position\":2,\"name\":\"GOSPODAROWANIE ODPADAMI\",\"item\":\"https:\\\/\\\/mikolow.eu\\\/odpady\\\/gospodarowanie-odpadami\\\/\"},{\"@type\":\"ListItem\",\"position\":3,\"name\":\"PSZOK\",\"item\":\"https:\\\/\\\/mikolow.eu\\\/odpady\\\/gospodarowanie-odpadami\\\/pszok-mikolow\\\/\"},{\"@type\":\"ListItem\",\"position\":4,\"name\":\"Kontakt\"}]},{\"@type\":\"WebSite\",\"@id\":\"https:\\\/\\\/mikolow.eu\\\/odpady\\\/#website\",\"url\":\"https:\\\/\\\/mikolow.eu\\\/odpady\\\/\",\"name\":\"odpady\",\"description\":\"odpady\",\"publisher\":{\"@id\":\"https:\\\/\\\/mikolow.eu\\\/odpady\\\/#organization\"},\"potentialAction\":[{\"@type\":\"SearchAction\",\"target\":{\"@type\":\"EntryPoint\",\"urlTemplate\":\"https:\\\/\\\/mikolow.eu\\\/odpady\\\/?s={search_term_string}\"},\"query-input\":{\"@type\":\"PropertyValueSpecification\",\"valueRequired\":true,\"valueName\":\"search_term_string\"}}],\"inLanguage\":\"pl-PL\"},{\"@type\":\"Organization\",\"@id\":\"https:\\\/\\\/mikolow.eu\\\/odpady\\\/#organization\",\"name\":\"odpady\",\"url\":\"https:\\\/\\\/mikolow.eu\\\/odpady\\\/\",\"logo\":{\"@type\":\"ImageObject\",\"inLanguage\":\"pl-PL\",\"@id\":\"https:\\\/\\\/mikolow.eu\\\/odpady\\\/#\\\/schema\\\/logo\\\/image\\\/\",\"url\":\"https:\\\/\\\/mikolow.eu\\\/odpady\\\/wp-content\\\/uploads\\\/sites\\\/13\\\/2020\\\/04\\\/cropped-logo_v16-1.png\",\"contentUrl\":\"https:\\\/\\\/mikolow.eu\\\/odpady\\\/wp-content\\\/uploads\\\/sites\\\/13\\\/2020\\\/04\\\/cropped-logo_v16-1.png\",\"width\":1013,\"height\":250,\"caption\":\"odpady\"},\"image\":{\"@id\":\"https:\\\/\\\/mikolow.eu\\\/odpady\\\/#\\\/schema\\\/logo\\\/image\\\/\"}}]}<\/script>\n<!-- \/ Yoast SEO plugin. -->","yoast_head_json":{"title":"Kontakt - odpady","robots":{"index":"index","follow":"follow","max-snippet":"max-snippet:-1","max-image-preview":"max-image-preview:large","max-video-preview":"max-video-preview:-1"},"canonical":"https:\/\/mikolow.eu\/odpady\/gospodarowanie-odpadami\/pszok-mikolow\/pszok-dane-kontaktowe\/","og_locale":"pl_PL","og_type":"article","og_title":"Kontakt - odpady","og_description":"KONTAKT DANE TELEADRESOWE Punkt Selektywnej Zbi\u00f3rki Odpad\u00f3w Komunalnych ul. Dzie\u0144dziela 44, 43-190 Miko\u0142\u00f3w tel. 32 22 64 187 e-mail: zuk@zuk.mikolow.eu OD 16.01.2023 ROKU NOWE GODZINY OTWARCIA PSZOK w okresie letnim&nbsp; kwiecie\u0144 &#8211; wrzesie\u0144 w dni robocze od poniedzia\u0142ku do pi\u0105tku w godzinach od 6:30 do 19:30 w okresie zimowym pa\u017adziernik &#8211; marzec w dni robocze","og_url":"https:\/\/mikolow.eu\/odpady\/gospodarowanie-odpadami\/pszok-mikolow\/pszok-dane-kontaktowe\/","og_site_name":"odpady","article_modified_time":"2023-01-13T09:34:05+00:00","og_image":[{"width":1920,"height":1271,"url":"http:\/\/mikolow.eu\/odpady\/wp-content\/uploads\/sites\/13\/2021\/03\/contact-us-2993000_1920.jpg","type":"image\/jpeg"}],"twitter_card":"summary_large_image","twitter_misc":{"Szacowany czas czytania":"1 minuta"},"schema":{"@context":"https:\/\/schema.org","@graph":[{"@type":"WebPage","@id":"https:\/\/mikolow.eu\/odpady\/gospodarowanie-odpadami\/pszok-mikolow\/pszok-dane-kontaktowe\/","url":"https:\/\/mikolow.eu\/odpady\/gospodarowanie-odpadami\/pszok-mikolow\/pszok-dane-kontaktowe\/","name":"Kontakt - odpady","isPartOf":{"@id":"https:\/\/mikolow.eu\/odpady\/#website"},"primaryImageOfPage":{"@id":"https:\/\/mikolow.eu\/odpady\/gospodarowanie-odpadami\/pszok-mikolow\/pszok-dane-kontaktowe\/#primaryimage"},"image":{"@id":"https:\/\/mikolow.eu\/odpady\/gospodarowanie-odpadami\/pszok-mikolow\/pszok-dane-kontaktowe\/#primaryimage"},"thumbnailUrl":"https:\/\/mikolow.eu\/odpady\/wp-content\/uploads\/sites\/13\/2021\/03\/contact-us-2993000_1920.jpg","datePublished":"2021-03-23T10:45:05+00:00","dateModified":"2023-01-13T09:34:05+00:00","breadcrumb":{"@id":"https:\/\/mikolow.eu\/odpady\/gospodarowanie-odpadami\/pszok-mikolow\/pszok-dane-kontaktowe\/#breadcrumb"},"inLanguage":"pl-PL","potentialAction":[{"@type":"ReadAction","target":["https:\/\/mikolow.eu\/odpady\/gospodarowanie-odpadami\/pszok-mikolow\/pszok-dane-kontaktowe\/"]}]},{"@type":"ImageObject","inLanguage":"pl-PL","@id":"https:\/\/mikolow.eu\/odpady\/gospodarowanie-odpadami\/pszok-mikolow\/pszok-dane-kontaktowe\/#primaryimage","url":"https:\/\/mikolow.eu\/odpady\/wp-content\/uploads\/sites\/13\/2021\/03\/contact-us-2993000_1920.jpg","contentUrl":"https:\/\/mikolow.eu\/odpady\/wp-content\/uploads\/sites\/13\/2021\/03\/contact-us-2993000_1920.jpg","width":1920,"height":1271},{"@type":"BreadcrumbList","@id":"https:\/\/mikolow.eu\/odpady\/gospodarowanie-odpadami\/pszok-mikolow\/pszok-dane-kontaktowe\/#breadcrumb","itemListElement":[{"@type":"ListItem","position":1,"name":"Strona g\u0142\u00f3wna","item":"https:\/\/mikolow.eu\/odpady\/"},{"@type":"ListItem","position":2,"name":"GOSPODAROWANIE ODPADAMI","item":"https:\/\/mikolow.eu\/odpady\/gospodarowanie-odpadami\/"},{"@type":"ListItem","position":3,"name":"PSZOK","item":"https:\/\/mikolow.eu\/odpady\/gospodarowanie-odpadami\/pszok-mikolow\/"},{"@type":"ListItem","position":4,"name":"Kontakt"}]},{"@type":"WebSite","@id":"https:\/\/mikolow.eu\/odpady\/#website","url":"https:\/\/mikolow.eu\/odpady\/","name":"odpady","description":"odpady","publisher":{"@id":"https:\/\/mikolow.eu\/odpady\/#organization"},"potentialAction":[{"@type":"SearchAction","target":{"@type":"EntryPoint","urlTemplate":"https:\/\/mikolow.eu\/odpady\/?s={search_term_string}"},"query-input":{"@type":"PropertyValueSpecification","valueRequired":true,"valueName":"search_term_string"}}],"inLanguage":"pl-PL"},{"@type":"Organization","@id":"https:\/\/mikolow.eu\/odpady\/#organization","name":"odpady","url":"https:\/\/mikolow.eu\/odpady\/","logo":{"@type":"ImageObject","inLanguage":"pl-PL","@id":"https:\/\/mikolow.eu\/odpady\/#\/schema\/logo\/image\/","url":"https:\/\/mikolow.eu\/odpady\/wp-content\/uploads\/sites\/13\/2020\/04\/cropped-logo_v16-1.png","contentUrl":"https:\/\/mikolow.eu\/odpady\/wp-content\/uploads\/sites\/13\/2020\/04\/cropped-logo_v16-1.png","width":1013,"height":250,"caption":"odpady"},"image":{"@id":"https:\/\/mikolow.eu\/odpady\/#\/schema\/logo\/image\/"}}]}},"_links":{"self":[{"href":"https:\/\/mikolow.eu\/odpady\/wp-json\/wp\/v2\/pages\/2166","targetHints":{"allow":["GET"]}}],"collection":[{"href":"https:\/\/mikolow.eu\/odpady\/wp-json\/wp\/v2\/pages"}],"about":[{"href":"https:\/\/mikolow.eu\/odpady\/wp-json\/wp\/v2\/types\/page"}],"author":[{"embeddable":true,"href":"https:\/\/mikolow.eu\/odpady\/wp-json\/wp\/v2\/users\/20"}],"replies":[{"embeddable":true,"href":"https:\/\/mikolow.eu\/odpady\/wp-json\/wp\/v2\/comments?post=2166"}],"version-history":[{"count":17,"href":"https:\/\/mikolow.eu\/odpady\/wp-json\/wp\/v2\/pages\/2166\/revisions"}],"predecessor-version":[{"id":3107,"href":"https:\/\/mikolow.eu\/odpady\/wp-json\/wp\/v2\/pages\/2166\/revisions\/3107"}],"up":[{"embeddable":true,"href":"https:\/\/mikolow.eu\/odpady\/wp-json\/wp\/v2\/pages\/2175"}],"wp:featuredmedia":[{"embeddable":true,"href":"https:\/\/mikolow.eu\/odpady\/wp-json\/wp\/v2\/media\/2179"}],"wp:attachment":[{"href":"https:\/\/mikolow.eu\/odpady\/wp-json\/wp\/v2\/media?parent=2166"}],"curies":[{"name":"wp","href":"https:\/\/api.w.org\/{rel}","templated":true}]}}