{"id":105,"date":"2020-03-04T11:45:27","date_gmt":"2020-03-04T10:45:27","guid":{"rendered":"http:\/\/mikolow.eu\/testowa\/?page_id=105"},"modified":"2023-09-13T13:36:24","modified_gmt":"2023-09-13T11:36:24","slug":"rozporzadzenia","status":"publish","type":"page","link":"https:\/\/mikolow.eu\/odpady\/akty-prawne\/rozporzadzenia\/","title":{"rendered":"Rozporz\u0105dzenia"},"content":{"rendered":"\n<p class=\"has-background has-medium-font-size\" style=\"background-color:#9cd94c\">Obowi\u0105zuj\u0105ce Rozporz\u0105dzenia<\/p>\n\n\n\n<ul class=\"wp-block-list\">\n<li> R<a href=\"https:\/\/isap.sejm.gov.pl\/isap.nsf\/DocDetails.xsp?id=WDU20170000019\">OZPORZ\u0104DZENIE MINISTRA \u015aRODOWISKA z\u00a0dnia 29 grudnia 2016r. w?sprawie szczeg\u00f3\u0142owego sposobu selektywnego zbierania wybranych frakcji odpad\u00f3w <\/a><\/li>\n\n\n\n<li><\/li>\n<\/ul>\n\n\n\n<p><\/p>\n\n\n\n<ul class=\"wp-block-list\">\n<li> <a href=\"https:\/\/isap.sejm.gov.pl\/isap.nsf\/DocDetails.xsp?id=WDU20140001923\">ROZPORZ\u0104DZENIE MINISTRA \u015aRODOWISKA z\u00a0dnia 9 grudnia 2014 r. w\u00a0sprawie katalogu odpad\u00f3<\/a>w <\/li>\n<\/ul>\n\n\n\n<p><\/p>\n\n\n\n<ul class=\"wp-block-list\">\n<li> <a href=\"https:\/\/isap.sejm.gov.pl\/isap.nsf\/DocDetails.xsp?id=WDU20170000019\">ROZPORZ\u0104DZENIE MINISTRA \u015aRODOWISKA z\u00a0dnia 11 stycznia 2013 r. w\u00a0sprawie szczeg\u00f3\u0142owych wymaga\u0144 w\u00a0zakresie odbierania odpad\u00f3w komunalnych od\u00a0w\u0142a\u015bcicieli nieruchomo\u015bci <\/a><\/li>\n<\/ul>\n\n\n\n<p><\/p>\n\n\n\n<ul class=\"wp-block-list\">\n<li> <a href=\"https:\/\/isap.sejm.gov.pl\/isap.nsf\/DocDetails.xsp?id=WDU20021931617\">ROZPORZ\u0104DZENIE MINISTRA INFRASTRUKTURY z\u00a0dnia 12 listopada 2002 r. w\u00a0sprawie wymaga\u0144 dla pojazd\u00f3w asenizacyjnych (Dz.U. z\u00a02002r. poz. 193, nr\u00a01617) <\/a><\/li>\n<\/ul>\n\n\n\n<p><\/p>\n\n\n\n<ul class=\"wp-block-list\">\n<li> <a href=\"https:\/\/isap.sejm.gov.pl\/isap.nsf\/DocDetails.xsp?id=WDU20021881576\">ROZPORZ\u0104DZENIE MINISTRA INFRASTRUKTURY z\u00a0dnia 17 pa\u017adziernika 2002 r. w\u00a0sprawie warunk\u00f3w wprowadzania nieczysto\u015bci ciek\u0142ych do\u00a0stacji zlewnych (Dz.U. z\u00a02002r. poz. 188, nr\u00a01576) <\/a><\/li>\n<\/ul>\n\n\n\n<p><br> <\/p>\n","protected":false},"excerpt":{"rendered":"<p>Obowi\u0105zuj\u0105ce Rozporz\u0105dzenia<\/p>\n","protected":false},"author":20,"featured_media":369,"parent":28,"menu_order":2,"comment_status":"closed","ping_status":"closed","template":"przyroda.php","meta":{"_acf_changed":false,"footnotes":""},"class_list":["post-105","page","type-page","status-publish","has-post-thumbnail","hentry"],"acf":[],"yoast_head":"<!-- This site is optimized with the Yoast SEO plugin v27.4 - https:\/\/yoast.com\/product\/yoast-seo-wordpress\/ -->\n<title>Rozporz\u0105dzenia - odpady<\/title>\n<meta name=\"robots\" content=\"index, follow, max-snippet:-1, max-image-preview:large, max-video-preview:-1\" \/>\n<link rel=\"canonical\" href=\"https:\/\/mikolow.eu\/odpady\/akty-prawne\/rozporzadzenia\/\" \/>\n<meta property=\"og:locale\" content=\"pl_PL\" \/>\n<meta property=\"og:type\" content=\"article\" \/>\n<meta property=\"og:title\" content=\"Rozporz\u0105dzenia - odpady\" \/>\n<meta property=\"og:description\" content=\"Obowi\u0105zuj\u0105ce Rozporz\u0105dzenia\" \/>\n<meta property=\"og:url\" content=\"https:\/\/mikolow.eu\/odpady\/akty-prawne\/rozporzadzenia\/\" \/>\n<meta property=\"og:site_name\" content=\"odpady\" \/>\n<meta property=\"article:modified_time\" content=\"2023-09-13T11:36:24+00:00\" \/>\n<meta property=\"og:image\" content=\"http:\/\/mikolow.eu\/odpady\/wp-content\/uploads\/sites\/13\/2020\/03\/dziennik.jpg\" \/>\n\t<meta property=\"og:image:width\" content=\"4096\" \/>\n\t<meta property=\"og:image:height\" content=\"1941\" \/>\n\t<meta property=\"og:image:type\" content=\"image\/jpeg\" \/>\n<meta name=\"twitter:card\" content=\"summary_large_image\" \/>\n<meta name=\"twitter:label1\" content=\"Szacowany czas czytania\" \/>\n\t<meta name=\"twitter:data1\" content=\"1 minuta\" \/>\n<script type=\"application\/ld+json\" class=\"yoast-schema-graph\">{\"@context\":\"https:\\\/\\\/schema.org\",\"@graph\":[{\"@type\":\"WebPage\",\"@id\":\"https:\\\/\\\/mikolow.eu\\\/odpady\\\/akty-prawne\\\/rozporzadzenia\\\/\",\"url\":\"https:\\\/\\\/mikolow.eu\\\/odpady\\\/akty-prawne\\\/rozporzadzenia\\\/\",\"name\":\"Rozporz\u0105dzenia - odpady\",\"isPartOf\":{\"@id\":\"https:\\\/\\\/mikolow.eu\\\/odpady\\\/#website\"},\"primaryImageOfPage\":{\"@id\":\"https:\\\/\\\/mikolow.eu\\\/odpady\\\/akty-prawne\\\/rozporzadzenia\\\/#primaryimage\"},\"image\":{\"@id\":\"https:\\\/\\\/mikolow.eu\\\/odpady\\\/akty-prawne\\\/rozporzadzenia\\\/#primaryimage\"},\"thumbnailUrl\":\"https:\\\/\\\/mikolow.eu\\\/odpady\\\/wp-content\\\/uploads\\\/sites\\\/13\\\/2020\\\/03\\\/dziennik.jpg\",\"datePublished\":\"2020-03-04T10:45:27+00:00\",\"dateModified\":\"2023-09-13T11:36:24+00:00\",\"breadcrumb\":{\"@id\":\"https:\\\/\\\/mikolow.eu\\\/odpady\\\/akty-prawne\\\/rozporzadzenia\\\/#breadcrumb\"},\"inLanguage\":\"pl-PL\",\"potentialAction\":[{\"@type\":\"ReadAction\",\"target\":[\"https:\\\/\\\/mikolow.eu\\\/odpady\\\/akty-prawne\\\/rozporzadzenia\\\/\"]}]},{\"@type\":\"ImageObject\",\"inLanguage\":\"pl-PL\",\"@id\":\"https:\\\/\\\/mikolow.eu\\\/odpady\\\/akty-prawne\\\/rozporzadzenia\\\/#primaryimage\",\"url\":\"https:\\\/\\\/mikolow.eu\\\/odpady\\\/wp-content\\\/uploads\\\/sites\\\/13\\\/2020\\\/03\\\/dziennik.jpg\",\"contentUrl\":\"https:\\\/\\\/mikolow.eu\\\/odpady\\\/wp-content\\\/uploads\\\/sites\\\/13\\\/2020\\\/03\\\/dziennik.jpg\",\"width\":4096,\"height\":1941},{\"@type\":\"BreadcrumbList\",\"@id\":\"https:\\\/\\\/mikolow.eu\\\/odpady\\\/akty-prawne\\\/rozporzadzenia\\\/#breadcrumb\",\"itemListElement\":[{\"@type\":\"ListItem\",\"position\":1,\"name\":\"Strona g\u0142\u00f3wna\",\"item\":\"https:\\\/\\\/mikolow.eu\\\/odpady\\\/\"},{\"@type\":\"ListItem\",\"position\":2,\"name\":\"Akty prawne\",\"item\":\"https:\\\/\\\/mikolow.eu\\\/odpady\\\/akty-prawne\\\/\"},{\"@type\":\"ListItem\",\"position\":3,\"name\":\"Rozporz\u0105dzenia\"}]},{\"@type\":\"WebSite\",\"@id\":\"https:\\\/\\\/mikolow.eu\\\/odpady\\\/#website\",\"url\":\"https:\\\/\\\/mikolow.eu\\\/odpady\\\/\",\"name\":\"odpady\",\"description\":\"odpady\",\"publisher\":{\"@id\":\"https:\\\/\\\/mikolow.eu\\\/odpady\\\/#organization\"},\"potentialAction\":[{\"@type\":\"SearchAction\",\"target\":{\"@type\":\"EntryPoint\",\"urlTemplate\":\"https:\\\/\\\/mikolow.eu\\\/odpady\\\/?s={search_term_string}\"},\"query-input\":{\"@type\":\"PropertyValueSpecification\",\"valueRequired\":true,\"valueName\":\"search_term_string\"}}],\"inLanguage\":\"pl-PL\"},{\"@type\":\"Organization\",\"@id\":\"https:\\\/\\\/mikolow.eu\\\/odpady\\\/#organization\",\"name\":\"odpady\",\"url\":\"https:\\\/\\\/mikolow.eu\\\/odpady\\\/\",\"logo\":{\"@type\":\"ImageObject\",\"inLanguage\":\"pl-PL\",\"@id\":\"https:\\\/\\\/mikolow.eu\\\/odpady\\\/#\\\/schema\\\/logo\\\/image\\\/\",\"url\":\"https:\\\/\\\/mikolow.eu\\\/odpady\\\/wp-content\\\/uploads\\\/sites\\\/13\\\/2020\\\/04\\\/cropped-logo_v16-1.png\",\"contentUrl\":\"https:\\\/\\\/mikolow.eu\\\/odpady\\\/wp-content\\\/uploads\\\/sites\\\/13\\\/2020\\\/04\\\/cropped-logo_v16-1.png\",\"width\":1013,\"height\":250,\"caption\":\"odpady\"},\"image\":{\"@id\":\"https:\\\/\\\/mikolow.eu\\\/odpady\\\/#\\\/schema\\\/logo\\\/image\\\/\"}}]}<\/script>\n<!-- \/ Yoast SEO plugin. -->","yoast_head_json":{"title":"Rozporz\u0105dzenia - odpady","robots":{"index":"index","follow":"follow","max-snippet":"max-snippet:-1","max-image-preview":"max-image-preview:large","max-video-preview":"max-video-preview:-1"},"canonical":"https:\/\/mikolow.eu\/odpady\/akty-prawne\/rozporzadzenia\/","og_locale":"pl_PL","og_type":"article","og_title":"Rozporz\u0105dzenia - odpady","og_description":"Obowi\u0105zuj\u0105ce Rozporz\u0105dzenia","og_url":"https:\/\/mikolow.eu\/odpady\/akty-prawne\/rozporzadzenia\/","og_site_name":"odpady","article_modified_time":"2023-09-13T11:36:24+00:00","og_image":[{"width":4096,"height":1941,"url":"http:\/\/mikolow.eu\/odpady\/wp-content\/uploads\/sites\/13\/2020\/03\/dziennik.jpg","type":"image\/jpeg"}],"twitter_card":"summary_large_image","twitter_misc":{"Szacowany czas czytania":"1 minuta"},"schema":{"@context":"https:\/\/schema.org","@graph":[{"@type":"WebPage","@id":"https:\/\/mikolow.eu\/odpady\/akty-prawne\/rozporzadzenia\/","url":"https:\/\/mikolow.eu\/odpady\/akty-prawne\/rozporzadzenia\/","name":"Rozporz\u0105dzenia - odpady","isPartOf":{"@id":"https:\/\/mikolow.eu\/odpady\/#website"},"primaryImageOfPage":{"@id":"https:\/\/mikolow.eu\/odpady\/akty-prawne\/rozporzadzenia\/#primaryimage"},"image":{"@id":"https:\/\/mikolow.eu\/odpady\/akty-prawne\/rozporzadzenia\/#primaryimage"},"thumbnailUrl":"https:\/\/mikolow.eu\/odpady\/wp-content\/uploads\/sites\/13\/2020\/03\/dziennik.jpg","datePublished":"2020-03-04T10:45:27+00:00","dateModified":"2023-09-13T11:36:24+00:00","breadcrumb":{"@id":"https:\/\/mikolow.eu\/odpady\/akty-prawne\/rozporzadzenia\/#breadcrumb"},"inLanguage":"pl-PL","potentialAction":[{"@type":"ReadAction","target":["https:\/\/mikolow.eu\/odpady\/akty-prawne\/rozporzadzenia\/"]}]},{"@type":"ImageObject","inLanguage":"pl-PL","@id":"https:\/\/mikolow.eu\/odpady\/akty-prawne\/rozporzadzenia\/#primaryimage","url":"https:\/\/mikolow.eu\/odpady\/wp-content\/uploads\/sites\/13\/2020\/03\/dziennik.jpg","contentUrl":"https:\/\/mikolow.eu\/odpady\/wp-content\/uploads\/sites\/13\/2020\/03\/dziennik.jpg","width":4096,"height":1941},{"@type":"BreadcrumbList","@id":"https:\/\/mikolow.eu\/odpady\/akty-prawne\/rozporzadzenia\/#breadcrumb","itemListElement":[{"@type":"ListItem","position":1,"name":"Strona g\u0142\u00f3wna","item":"https:\/\/mikolow.eu\/odpady\/"},{"@type":"ListItem","position":2,"name":"Akty prawne","item":"https:\/\/mikolow.eu\/odpady\/akty-prawne\/"},{"@type":"ListItem","position":3,"name":"Rozporz\u0105dzenia"}]},{"@type":"WebSite","@id":"https:\/\/mikolow.eu\/odpady\/#website","url":"https:\/\/mikolow.eu\/odpady\/","name":"odpady","description":"odpady","publisher":{"@id":"https:\/\/mikolow.eu\/odpady\/#organization"},"potentialAction":[{"@type":"SearchAction","target":{"@type":"EntryPoint","urlTemplate":"https:\/\/mikolow.eu\/odpady\/?s={search_term_string}"},"query-input":{"@type":"PropertyValueSpecification","valueRequired":true,"valueName":"search_term_string"}}],"inLanguage":"pl-PL"},{"@type":"Organization","@id":"https:\/\/mikolow.eu\/odpady\/#organization","name":"odpady","url":"https:\/\/mikolow.eu\/odpady\/","logo":{"@type":"ImageObject","inLanguage":"pl-PL","@id":"https:\/\/mikolow.eu\/odpady\/#\/schema\/logo\/image\/","url":"https:\/\/mikolow.eu\/odpady\/wp-content\/uploads\/sites\/13\/2020\/04\/cropped-logo_v16-1.png","contentUrl":"https:\/\/mikolow.eu\/odpady\/wp-content\/uploads\/sites\/13\/2020\/04\/cropped-logo_v16-1.png","width":1013,"height":250,"caption":"odpady"},"image":{"@id":"https:\/\/mikolow.eu\/odpady\/#\/schema\/logo\/image\/"}}]}},"_links":{"self":[{"href":"https:\/\/mikolow.eu\/odpady\/wp-json\/wp\/v2\/pages\/105","targetHints":{"allow":["GET"]}}],"collection":[{"href":"https:\/\/mikolow.eu\/odpady\/wp-json\/wp\/v2\/pages"}],"about":[{"href":"https:\/\/mikolow.eu\/odpady\/wp-json\/wp\/v2\/types\/page"}],"author":[{"embeddable":true,"href":"https:\/\/mikolow.eu\/odpady\/wp-json\/wp\/v2\/users\/20"}],"replies":[{"embeddable":true,"href":"https:\/\/mikolow.eu\/odpady\/wp-json\/wp\/v2\/comments?post=105"}],"version-history":[{"count":9,"href":"https:\/\/mikolow.eu\/odpady\/wp-json\/wp\/v2\/pages\/105\/revisions"}],"predecessor-version":[{"id":3338,"href":"https:\/\/mikolow.eu\/odpady\/wp-json\/wp\/v2\/pages\/105\/revisions\/3338"}],"up":[{"embeddable":true,"href":"https:\/\/mikolow.eu\/odpady\/wp-json\/wp\/v2\/pages\/28"}],"wp:featuredmedia":[{"embeddable":true,"href":"https:\/\/mikolow.eu\/odpady\/wp-json\/wp\/v2\/media\/369"}],"wp:attachment":[{"href":"https:\/\/mikolow.eu\/odpady\/wp-json\/wp\/v2\/media?parent=105"}],"curies":[{"name":"wp","href":"https:\/\/api.w.org\/{rel}","templated":true}]}}