{"id":87,"date":"2020-06-19T07:59:31","date_gmt":"2020-06-19T05:59:31","guid":{"rendered":"http:\/\/mikolow.eu\/mlodziezowaradamiejska\/?page_id=87"},"modified":"2020-06-19T07:59:33","modified_gmt":"2020-06-19T05:59:33","slug":"uchwaly-protokoly-sprawozdania","status":"publish","type":"page","link":"https:\/\/mikolow.eu\/mlodziezowaradamiejska\/uchwaly-protokoly-sprawozdania\/","title":{"rendered":"Uchwa\u0142y, protoko\u0142y, sprawozdania"},"content":{"rendered":"","protected":false},"excerpt":{"rendered":"","protected":false},"author":8,"featured_media":0,"parent":0,"menu_order":0,"comment_status":"closed","ping_status":"closed","template":"","meta":{"_acf_changed":false,"footnotes":""},"class_list":["post-87","page","type-page","status-publish","hentry"],"acf":[],"yoast_head":"<!-- This site is optimized with the Yoast SEO plugin v27.6 - https:\/\/yoast.com\/product\/yoast-seo-wordpress\/ -->\n<title>Uchwa\u0142y, protoko\u0142y, sprawozdania - M\u0142odzie\u017cowa Rada Miejska<\/title>\n<meta name=\"robots\" content=\"index, follow, max-snippet:-1, max-image-preview:large, max-video-preview:-1\" \/>\n<link rel=\"canonical\" href=\"https:\/\/mikolow.eu\/mlodziezowaradamiejska\/uchwaly-protokoly-sprawozdania\/\" \/>\n<meta property=\"og:locale\" content=\"pl_PL\" \/>\n<meta property=\"og:type\" content=\"article\" \/>\n<meta property=\"og:title\" content=\"Uchwa\u0142y, protoko\u0142y, sprawozdania - M\u0142odzie\u017cowa Rada Miejska\" \/>\n<meta property=\"og:url\" content=\"https:\/\/mikolow.eu\/mlodziezowaradamiejska\/uchwaly-protokoly-sprawozdania\/\" \/>\n<meta property=\"og:site_name\" content=\"M\u0142odzie\u017cowa Rada Miejska\" \/>\n<meta property=\"article:modified_time\" content=\"2020-06-19T05:59:33+00:00\" \/>\n<meta name=\"twitter:card\" content=\"summary_large_image\" \/>\n<script type=\"application\/ld+json\" class=\"yoast-schema-graph\">{\"@context\":\"https:\\\/\\\/schema.org\",\"@graph\":[{\"@type\":\"WebPage\",\"@id\":\"https:\\\/\\\/mikolow.eu\\\/mlodziezowaradamiejska\\\/uchwaly-protokoly-sprawozdania\\\/\",\"url\":\"https:\\\/\\\/mikolow.eu\\\/mlodziezowaradamiejska\\\/uchwaly-protokoly-sprawozdania\\\/\",\"name\":\"Uchwa\u0142y, protoko\u0142y, sprawozdania - M\u0142odzie\u017cowa Rada Miejska\",\"isPartOf\":{\"@id\":\"https:\\\/\\\/mikolow.eu\\\/mlodziezowaradamiejska\\\/#website\"},\"datePublished\":\"2020-06-19T05:59:31+00:00\",\"dateModified\":\"2020-06-19T05:59:33+00:00\",\"breadcrumb\":{\"@id\":\"https:\\\/\\\/mikolow.eu\\\/mlodziezowaradamiejska\\\/uchwaly-protokoly-sprawozdania\\\/#breadcrumb\"},\"inLanguage\":\"pl-PL\",\"potentialAction\":[{\"@type\":\"ReadAction\",\"target\":[\"https:\\\/\\\/mikolow.eu\\\/mlodziezowaradamiejska\\\/uchwaly-protokoly-sprawozdania\\\/\"]}]},{\"@type\":\"BreadcrumbList\",\"@id\":\"https:\\\/\\\/mikolow.eu\\\/mlodziezowaradamiejska\\\/uchwaly-protokoly-sprawozdania\\\/#breadcrumb\",\"itemListElement\":[{\"@type\":\"ListItem\",\"position\":1,\"name\":\"Home\",\"item\":\"https:\\\/\\\/mikolow.eu\\\/mlodziezowaradamiejska\\\/\"},{\"@type\":\"ListItem\",\"position\":2,\"name\":\"Uchwa\u0142y, protoko\u0142y, sprawozdania\"}]},{\"@type\":\"WebSite\",\"@id\":\"https:\\\/\\\/mikolow.eu\\\/mlodziezowaradamiejska\\\/#website\",\"url\":\"https:\\\/\\\/mikolow.eu\\\/mlodziezowaradamiejska\\\/\",\"name\":\"M\u0142odzie\u017cowa Rada Miejska\",\"description\":\"M\u0142odzie\u017cowa Rada Miejska\",\"potentialAction\":[{\"@type\":\"SearchAction\",\"target\":{\"@type\":\"EntryPoint\",\"urlTemplate\":\"https:\\\/\\\/mikolow.eu\\\/mlodziezowaradamiejska\\\/?s={search_term_string}\"},\"query-input\":{\"@type\":\"PropertyValueSpecification\",\"valueRequired\":true,\"valueName\":\"search_term_string\"}}],\"inLanguage\":\"pl-PL\"}]}<\/script>\n<!-- \/ Yoast SEO plugin. -->","yoast_head_json":{"title":"Uchwa\u0142y, protoko\u0142y, sprawozdania - M\u0142odzie\u017cowa Rada Miejska","robots":{"index":"index","follow":"follow","max-snippet":"max-snippet:-1","max-image-preview":"max-image-preview:large","max-video-preview":"max-video-preview:-1"},"canonical":"https:\/\/mikolow.eu\/mlodziezowaradamiejska\/uchwaly-protokoly-sprawozdania\/","og_locale":"pl_PL","og_type":"article","og_title":"Uchwa\u0142y, protoko\u0142y, sprawozdania - M\u0142odzie\u017cowa Rada Miejska","og_url":"https:\/\/mikolow.eu\/mlodziezowaradamiejska\/uchwaly-protokoly-sprawozdania\/","og_site_name":"M\u0142odzie\u017cowa Rada Miejska","article_modified_time":"2020-06-19T05:59:33+00:00","twitter_card":"summary_large_image","schema":{"@context":"https:\/\/schema.org","@graph":[{"@type":"WebPage","@id":"https:\/\/mikolow.eu\/mlodziezowaradamiejska\/uchwaly-protokoly-sprawozdania\/","url":"https:\/\/mikolow.eu\/mlodziezowaradamiejska\/uchwaly-protokoly-sprawozdania\/","name":"Uchwa\u0142y, protoko\u0142y, sprawozdania - M\u0142odzie\u017cowa Rada Miejska","isPartOf":{"@id":"https:\/\/mikolow.eu\/mlodziezowaradamiejska\/#website"},"datePublished":"2020-06-19T05:59:31+00:00","dateModified":"2020-06-19T05:59:33+00:00","breadcrumb":{"@id":"https:\/\/mikolow.eu\/mlodziezowaradamiejska\/uchwaly-protokoly-sprawozdania\/#breadcrumb"},"inLanguage":"pl-PL","potentialAction":[{"@type":"ReadAction","target":["https:\/\/mikolow.eu\/mlodziezowaradamiejska\/uchwaly-protokoly-sprawozdania\/"]}]},{"@type":"BreadcrumbList","@id":"https:\/\/mikolow.eu\/mlodziezowaradamiejska\/uchwaly-protokoly-sprawozdania\/#breadcrumb","itemListElement":[{"@type":"ListItem","position":1,"name":"Home","item":"https:\/\/mikolow.eu\/mlodziezowaradamiejska\/"},{"@type":"ListItem","position":2,"name":"Uchwa\u0142y, protoko\u0142y, sprawozdania"}]},{"@type":"WebSite","@id":"https:\/\/mikolow.eu\/mlodziezowaradamiejska\/#website","url":"https:\/\/mikolow.eu\/mlodziezowaradamiejska\/","name":"M\u0142odzie\u017cowa Rada Miejska","description":"M\u0142odzie\u017cowa Rada Miejska","potentialAction":[{"@type":"SearchAction","target":{"@type":"EntryPoint","urlTemplate":"https:\/\/mikolow.eu\/mlodziezowaradamiejska\/?s={search_term_string}"},"query-input":{"@type":"PropertyValueSpecification","valueRequired":true,"valueName":"search_term_string"}}],"inLanguage":"pl-PL"}]}},"_links":{"self":[{"href":"https:\/\/mikolow.eu\/mlodziezowaradamiejska\/wp-json\/wp\/v2\/pages\/87","targetHints":{"allow":["GET"]}}],"collection":[{"href":"https:\/\/mikolow.eu\/mlodziezowaradamiejska\/wp-json\/wp\/v2\/pages"}],"about":[{"href":"https:\/\/mikolow.eu\/mlodziezowaradamiejska\/wp-json\/wp\/v2\/types\/page"}],"author":[{"embeddable":true,"href":"https:\/\/mikolow.eu\/mlodziezowaradamiejska\/wp-json\/wp\/v2\/users\/8"}],"replies":[{"embeddable":true,"href":"https:\/\/mikolow.eu\/mlodziezowaradamiejska\/wp-json\/wp\/v2\/comments?post=87"}],"version-history":[{"count":1,"href":"https:\/\/mikolow.eu\/mlodziezowaradamiejska\/wp-json\/wp\/v2\/pages\/87\/revisions"}],"predecessor-version":[{"id":88,"href":"https:\/\/mikolow.eu\/mlodziezowaradamiejska\/wp-json\/wp\/v2\/pages\/87\/revisions\/88"}],"wp:attachment":[{"href":"https:\/\/mikolow.eu\/mlodziezowaradamiejska\/wp-json\/wp\/v2\/media?parent=87"}],"curies":[{"name":"wp","href":"https:\/\/api.w.org\/{rel}","templated":true}]}}