{"id":7,"date":"2019-11-05T08:29:48","date_gmt":"2019-11-05T07:29:48","guid":{"rendered":"http:\/\/mikolow.eu\/mlodziezowaradamiejska\/?page_id=7"},"modified":"2020-09-09T13:21:19","modified_gmt":"2020-09-09T11:21:19","slug":"strona-glowna","status":"publish","type":"page","link":"https:\/\/mikolow.eu\/mlodziezowaradamiejska\/","title":{"rendered":"Strona g\u0142\u00f3wna"},"content":{"rendered":"","protected":false},"excerpt":{"rendered":"","protected":false},"author":7,"featured_media":70,"parent":0,"menu_order":0,"comment_status":"closed","ping_status":"closed","template":"template-front-page.php","meta":{"_acf_changed":false,"footnotes":""},"class_list":["post-7","page","type-page","status-publish","has-post-thumbnail","hentry"],"acf":[],"yoast_head":"<!-- This site is optimized with the Yoast SEO plugin v27.6 - https:\/\/yoast.com\/product\/yoast-seo-wordpress\/ -->\n<title>Strona g\u0142\u00f3wna - M\u0142odzie\u017cowa Rada Miejska<\/title>\n<meta name=\"robots\" content=\"index, follow, max-snippet:-1, max-image-preview:large, max-video-preview:-1\" \/>\n<link rel=\"canonical\" href=\"https:\/\/mikolow.eu\/mlodziezowaradamiejska\/\" \/>\n<meta property=\"og:locale\" content=\"pl_PL\" \/>\n<meta property=\"og:type\" content=\"article\" \/>\n<meta property=\"og:title\" content=\"Strona g\u0142\u00f3wna - M\u0142odzie\u017cowa Rada Miejska\" \/>\n<meta property=\"og:url\" content=\"https:\/\/mikolow.eu\/mlodziezowaradamiejska\/\" \/>\n<meta property=\"og:site_name\" content=\"M\u0142odzie\u017cowa Rada Miejska\" \/>\n<meta property=\"article:modified_time\" content=\"2020-09-09T11:21:19+00:00\" \/>\n<meta property=\"og:image\" content=\"https:\/\/mikolow.eu\/mlodziezowaradamiejska\/wp-content\/uploads\/sites\/10\/2020\/02\/znaczek-logo.jpg\" \/>\n\t<meta property=\"og:image:width\" content=\"561\" \/>\n\t<meta property=\"og:image:height\" content=\"736\" \/>\n\t<meta property=\"og:image:type\" content=\"image\/jpeg\" \/>\n<meta name=\"twitter:card\" content=\"summary_large_image\" \/>\n<script type=\"application\/ld+json\" class=\"yoast-schema-graph\">{\"@context\":\"https:\\\/\\\/schema.org\",\"@graph\":[{\"@type\":\"WebPage\",\"@id\":\"https:\\\/\\\/mikolow.eu\\\/mlodziezowaradamiejska\\\/\",\"url\":\"https:\\\/\\\/mikolow.eu\\\/mlodziezowaradamiejska\\\/\",\"name\":\"Strona g\u0142\u00f3wna - M\u0142odzie\u017cowa Rada Miejska\",\"isPartOf\":{\"@id\":\"https:\\\/\\\/mikolow.eu\\\/mlodziezowaradamiejska\\\/#website\"},\"primaryImageOfPage\":{\"@id\":\"https:\\\/\\\/mikolow.eu\\\/mlodziezowaradamiejska\\\/#primaryimage\"},\"image\":{\"@id\":\"https:\\\/\\\/mikolow.eu\\\/mlodziezowaradamiejska\\\/#primaryimage\"},\"thumbnailUrl\":\"https:\\\/\\\/mikolow.eu\\\/mlodziezowaradamiejska\\\/wp-content\\\/uploads\\\/sites\\\/10\\\/2020\\\/02\\\/znaczek-logo.jpg\",\"datePublished\":\"2019-11-05T07:29:48+00:00\",\"dateModified\":\"2020-09-09T11:21:19+00:00\",\"breadcrumb\":{\"@id\":\"https:\\\/\\\/mikolow.eu\\\/mlodziezowaradamiejska\\\/#breadcrumb\"},\"inLanguage\":\"pl-PL\",\"potentialAction\":[{\"@type\":\"ReadAction\",\"target\":[\"https:\\\/\\\/mikolow.eu\\\/mlodziezowaradamiejska\\\/\"]}]},{\"@type\":\"ImageObject\",\"inLanguage\":\"pl-PL\",\"@id\":\"https:\\\/\\\/mikolow.eu\\\/mlodziezowaradamiejska\\\/#primaryimage\",\"url\":\"https:\\\/\\\/mikolow.eu\\\/mlodziezowaradamiejska\\\/wp-content\\\/uploads\\\/sites\\\/10\\\/2020\\\/02\\\/znaczek-logo.jpg\",\"contentUrl\":\"https:\\\/\\\/mikolow.eu\\\/mlodziezowaradamiejska\\\/wp-content\\\/uploads\\\/sites\\\/10\\\/2020\\\/02\\\/znaczek-logo.jpg\",\"width\":561,\"height\":736},{\"@type\":\"BreadcrumbList\",\"@id\":\"https:\\\/\\\/mikolow.eu\\\/mlodziezowaradamiejska\\\/#breadcrumb\",\"itemListElement\":[{\"@type\":\"ListItem\",\"position\":1,\"name\":\"Home\",\"item\":\"https:\\\/\\\/mikolow.eu\\\/mlodziezowaradamiejska\\\/\"},{\"@type\":\"ListItem\",\"position\":2,\"name\":\"Strona g\u0142\u00f3wna\"}]},{\"@type\":\"WebSite\",\"@id\":\"https:\\\/\\\/mikolow.eu\\\/mlodziezowaradamiejska\\\/#website\",\"url\":\"https:\\\/\\\/mikolow.eu\\\/mlodziezowaradamiejska\\\/\",\"name\":\"M\u0142odzie\u017cowa Rada Miejska\",\"description\":\"M\u0142odzie\u017cowa Rada Miejska\",\"potentialAction\":[{\"@type\":\"SearchAction\",\"target\":{\"@type\":\"EntryPoint\",\"urlTemplate\":\"https:\\\/\\\/mikolow.eu\\\/mlodziezowaradamiejska\\\/?s={search_term_string}\"},\"query-input\":{\"@type\":\"PropertyValueSpecification\",\"valueRequired\":true,\"valueName\":\"search_term_string\"}}],\"inLanguage\":\"pl-PL\"}]}<\/script>\n<!-- \/ Yoast SEO plugin. -->","yoast_head_json":{"title":"Strona g\u0142\u00f3wna - M\u0142odzie\u017cowa Rada Miejska","robots":{"index":"index","follow":"follow","max-snippet":"max-snippet:-1","max-image-preview":"max-image-preview:large","max-video-preview":"max-video-preview:-1"},"canonical":"https:\/\/mikolow.eu\/mlodziezowaradamiejska\/","og_locale":"pl_PL","og_type":"article","og_title":"Strona g\u0142\u00f3wna - M\u0142odzie\u017cowa Rada Miejska","og_url":"https:\/\/mikolow.eu\/mlodziezowaradamiejska\/","og_site_name":"M\u0142odzie\u017cowa Rada Miejska","article_modified_time":"2020-09-09T11:21:19+00:00","og_image":[{"width":561,"height":736,"url":"https:\/\/mikolow.eu\/mlodziezowaradamiejska\/wp-content\/uploads\/sites\/10\/2020\/02\/znaczek-logo.jpg","type":"image\/jpeg"}],"twitter_card":"summary_large_image","schema":{"@context":"https:\/\/schema.org","@graph":[{"@type":"WebPage","@id":"https:\/\/mikolow.eu\/mlodziezowaradamiejska\/","url":"https:\/\/mikolow.eu\/mlodziezowaradamiejska\/","name":"Strona g\u0142\u00f3wna - M\u0142odzie\u017cowa Rada Miejska","isPartOf":{"@id":"https:\/\/mikolow.eu\/mlodziezowaradamiejska\/#website"},"primaryImageOfPage":{"@id":"https:\/\/mikolow.eu\/mlodziezowaradamiejska\/#primaryimage"},"image":{"@id":"https:\/\/mikolow.eu\/mlodziezowaradamiejska\/#primaryimage"},"thumbnailUrl":"https:\/\/mikolow.eu\/mlodziezowaradamiejska\/wp-content\/uploads\/sites\/10\/2020\/02\/znaczek-logo.jpg","datePublished":"2019-11-05T07:29:48+00:00","dateModified":"2020-09-09T11:21:19+00:00","breadcrumb":{"@id":"https:\/\/mikolow.eu\/mlodziezowaradamiejska\/#breadcrumb"},"inLanguage":"pl-PL","potentialAction":[{"@type":"ReadAction","target":["https:\/\/mikolow.eu\/mlodziezowaradamiejska\/"]}]},{"@type":"ImageObject","inLanguage":"pl-PL","@id":"https:\/\/mikolow.eu\/mlodziezowaradamiejska\/#primaryimage","url":"https:\/\/mikolow.eu\/mlodziezowaradamiejska\/wp-content\/uploads\/sites\/10\/2020\/02\/znaczek-logo.jpg","contentUrl":"https:\/\/mikolow.eu\/mlodziezowaradamiejska\/wp-content\/uploads\/sites\/10\/2020\/02\/znaczek-logo.jpg","width":561,"height":736},{"@type":"BreadcrumbList","@id":"https:\/\/mikolow.eu\/mlodziezowaradamiejska\/#breadcrumb","itemListElement":[{"@type":"ListItem","position":1,"name":"Home","item":"https:\/\/mikolow.eu\/mlodziezowaradamiejska\/"},{"@type":"ListItem","position":2,"name":"Strona g\u0142\u00f3wna"}]},{"@type":"WebSite","@id":"https:\/\/mikolow.eu\/mlodziezowaradamiejska\/#website","url":"https:\/\/mikolow.eu\/mlodziezowaradamiejska\/","name":"M\u0142odzie\u017cowa Rada Miejska","description":"M\u0142odzie\u017cowa Rada Miejska","potentialAction":[{"@type":"SearchAction","target":{"@type":"EntryPoint","urlTemplate":"https:\/\/mikolow.eu\/mlodziezowaradamiejska\/?s={search_term_string}"},"query-input":{"@type":"PropertyValueSpecification","valueRequired":true,"valueName":"search_term_string"}}],"inLanguage":"pl-PL"}]}},"_links":{"self":[{"href":"https:\/\/mikolow.eu\/mlodziezowaradamiejska\/wp-json\/wp\/v2\/pages\/7","targetHints":{"allow":["GET"]}}],"collection":[{"href":"https:\/\/mikolow.eu\/mlodziezowaradamiejska\/wp-json\/wp\/v2\/pages"}],"about":[{"href":"https:\/\/mikolow.eu\/mlodziezowaradamiejska\/wp-json\/wp\/v2\/types\/page"}],"author":[{"embeddable":true,"href":"https:\/\/mikolow.eu\/mlodziezowaradamiejska\/wp-json\/wp\/v2\/users\/7"}],"replies":[{"embeddable":true,"href":"https:\/\/mikolow.eu\/mlodziezowaradamiejska\/wp-json\/wp\/v2\/comments?post=7"}],"version-history":[{"count":1,"href":"https:\/\/mikolow.eu\/mlodziezowaradamiejska\/wp-json\/wp\/v2\/pages\/7\/revisions"}],"predecessor-version":[{"id":8,"href":"https:\/\/mikolow.eu\/mlodziezowaradamiejska\/wp-json\/wp\/v2\/pages\/7\/revisions\/8"}],"wp:featuredmedia":[{"embeddable":true,"href":"https:\/\/mikolow.eu\/mlodziezowaradamiejska\/wp-json\/wp\/v2\/media\/70"}],"wp:attachment":[{"href":"https:\/\/mikolow.eu\/mlodziezowaradamiejska\/wp-json\/wp\/v2\/media?parent=7"}],"curies":[{"name":"wp","href":"https:\/\/api.w.org\/{rel}","templated":true}]}}